{"id":48806,"date":"2025-04-02T16:47:21","date_gmt":"2025-04-02T14:47:21","guid":{"rendered":"https:\/\/sundar.be\/product\/gerlasan-creme-de-mains-50ml\/"},"modified":"2025-12-15T08:13:44","modified_gmt":"2025-12-15T07:13:44","slug":"gerlasan-creme-de-mains-50ml","status":"publish","type":"product","link":"https:\/\/sundar.be\/fr\/produit\/gerlasan-creme-de-mains-50ml\/","title":{"rendered":"Gerlasan Cr\u00e8me de Mains, 50ml"},"content":{"rendered":"<p>La <span style=\"color: #557e96;\"><strong>Cr\u00e8me pour les Mains Gerlasan <\/strong><\/span>est une cr\u00e8me intens\u00e9ment nourrissante et protectrice qui rend les mains s\u00e8ches, sensibles et sollicit\u00e9es \u00e0 nouveau douces et souples. Sa formule riche mais \u00e0 absorption rapide combine des huiles naturelles, des agents hydratants et des extraits nourrissants pour renforcer la barri\u00e8re cutan\u00e9e et offrir une hydratation durable. Id\u00e9ale pour une utilisation quotidienne, surtout pour les mains mises \u00e0 rude \u00e9preuve.  <\/p>\n","protected":false},"excerpt":{"rendered":"<p>Cette cr\u00e8me pour les mains Gerlasan hydrate intens\u00e9ment et rend imm\u00e9diatement les mains s\u00e8ches douces et souples. Gr\u00e2ce aux huiles nourrissantes, \u00e0 l\u2019extrait de miel et \u00e0 l\u2019ur\u00e9e, la peau b\u00e9n\u00e9ficie d\u2019un confort durable. <\/p>\n","protected":false},"featured_media":48805,"comment_status":"open","ping_status":"closed","template":"","meta":{"_acf_changed":false},"product_brand":[],"product_cat":[4969,6124,5071,4972,4761,2772],"product_tag":[],"class_list":{"0":"post-48806","1":"product","2":"type-product","3":"status-publish","4":"has-post-thumbnail","6":"product_cat-cremes-lotions-mains","7":"product_cat-nos-marques-gehwol","8":"product_cat-gehwol-soins-des-pieds","9":"product_cat-nos-marques","10":"product_cat-pose-ongles","11":"product_cat-manucure-soin-mains","13":"first","14":"instock","15":"taxable","16":"shipping-taxable","17":"product-type-simple"},"acf":[],"_links":{"self":[{"href":"https:\/\/sundar.be\/fr\/wp-json\/wp\/v2\/product\/48806","targetHints":{"allow":["GET"]}}],"collection":[{"href":"https:\/\/sundar.be\/fr\/wp-json\/wp\/v2\/product"}],"about":[{"href":"https:\/\/sundar.be\/fr\/wp-json\/wp\/v2\/types\/product"}],"replies":[{"embeddable":true,"href":"https:\/\/sundar.be\/fr\/wp-json\/wp\/v2\/comments?post=48806"}],"wp:featuredmedia":[{"embeddable":true,"href":"https:\/\/sundar.be\/fr\/wp-json\/wp\/v2\/media\/48805"}],"wp:attachment":[{"href":"https:\/\/sundar.be\/fr\/wp-json\/wp\/v2\/media?parent=48806"}],"wp:term":[{"taxonomy":"product_brand","embeddable":true,"href":"https:\/\/sundar.be\/fr\/wp-json\/wp\/v2\/product_brand?post=48806"},{"taxonomy":"product_cat","embeddable":true,"href":"https:\/\/sundar.be\/fr\/wp-json\/wp\/v2\/product_cat?post=48806"},{"taxonomy":"product_tag","embeddable":true,"href":"https:\/\/sundar.be\/fr\/wp-json\/wp\/v2\/product_tag?post=48806"}],"curies":[{"name":"wp","href":"https:\/\/api.w.org\/{rel}","templated":true}]}}