{"id":48802,"date":"2025-04-02T16:43:34","date_gmt":"2025-04-02T14:43:34","guid":{"rendered":"https:\/\/sundar.be\/product\/gehwol-poudre-pour-les-pieds-100g\/"},"modified":"2025-12-15T08:21:19","modified_gmt":"2025-12-15T07:21:19","slug":"gehwol-poudre-pour-les-pieds-100g","status":"publish","type":"product","link":"https:\/\/sundar.be\/fr\/produit\/gehwol-poudre-pour-les-pieds-100g\/","title":{"rendered":"Gehwol Poudre pour les Pieds, 100g"},"content":{"rendered":"<p>La <strong><span style=\"color: #557e96;\">Poudre pour les Pieds Gehwol<\/span><\/strong> est une poudre absorbante et rafra\u00eechissante qui garde les pieds secs, frais et confortables pendant longtemps. Sa formule associe talc, min\u00e9raux soin, agents r\u00e9gulateurs d\u2019odeurs et huiles essentielles d\u2019agrumes pour r\u00e9duire l\u2019humidit\u00e9, les odeurs et les frottements. Id\u00e9ale pour une utilisation quotidienne, surtout par temps chaud, lors du sport ou lorsque les chaussures deviennent rapidement humides.  <\/p>\n","protected":false},"excerpt":{"rendered":"<p>Cette poudre pour les pieds Gehwol absorbe l\u2019humidit\u00e9 et aide \u00e0 r\u00e9duire les frottements et les odeurs. Les pieds restent plus longtemps frais, secs et agr\u00e9ables. <\/p>\n","protected":false},"featured_media":48801,"comment_status":"open","ping_status":"closed","template":"","meta":{"_acf_changed":false},"product_brand":[],"product_cat":[4997,6124,6322,5071,5006,4972,4755,4999,4996],"product_tag":[],"class_list":{"0":"post-48802","1":"product","2":"type-product","3":"status-publish","4":"has-post-thumbnail","6":"product_cat-anti-transpirants","7":"product_cat-nos-marques-gehwol","8":"product_cat-gehwol-classic","9":"product_cat-gehwol-soins-des-pieds","10":"product_cat-mycose-du-pied-ongles","11":"product_cat-nos-marques","12":"product_cat-pedicure","13":"product_cat-soins-specifique-pieds","14":"product_cat-soins-quotidiens-des-pieds","16":"first","17":"instock","18":"taxable","19":"shipping-taxable","20":"product-type-simple"},"acf":[],"_links":{"self":[{"href":"https:\/\/sundar.be\/fr\/wp-json\/wp\/v2\/product\/48802","targetHints":{"allow":["GET"]}}],"collection":[{"href":"https:\/\/sundar.be\/fr\/wp-json\/wp\/v2\/product"}],"about":[{"href":"https:\/\/sundar.be\/fr\/wp-json\/wp\/v2\/types\/product"}],"replies":[{"embeddable":true,"href":"https:\/\/sundar.be\/fr\/wp-json\/wp\/v2\/comments?post=48802"}],"wp:featuredmedia":[{"embeddable":true,"href":"https:\/\/sundar.be\/fr\/wp-json\/wp\/v2\/media\/48801"}],"wp:attachment":[{"href":"https:\/\/sundar.be\/fr\/wp-json\/wp\/v2\/media?parent=48802"}],"wp:term":[{"taxonomy":"product_brand","embeddable":true,"href":"https:\/\/sundar.be\/fr\/wp-json\/wp\/v2\/product_brand?post=48802"},{"taxonomy":"product_cat","embeddable":true,"href":"https:\/\/sundar.be\/fr\/wp-json\/wp\/v2\/product_cat?post=48802"},{"taxonomy":"product_tag","embeddable":true,"href":"https:\/\/sundar.be\/fr\/wp-json\/wp\/v2\/product_tag?post=48802"}],"curies":[{"name":"wp","href":"https:\/\/api.w.org\/{rel}","templated":true}]}}