{"id":48799,"date":"2025-04-02T16:38:08","date_gmt":"2025-04-02T14:38:08","guid":{"rendered":"https:\/\/sundar.be\/product\/gehwol-bloc-de-poncage-1-piece\/"},"modified":"2025-12-15T08:23:01","modified_gmt":"2025-12-15T07:23:01","slug":"gehwol-bloc-de-poncage-1-piece","status":"publish","type":"product","link":"https:\/\/sundar.be\/fr\/produit\/gehwol-bloc-de-poncage-1-piece\/","title":{"rendered":"Gehwol Bloc de Pon\u00e7age, 1 pi\u00e8ce"},"content":{"rendered":"<p><span style=\"color: #557e96;\"><strong>Gehwol Bloc de Pon\u00e7age <\/strong><\/span>\u00e0 double action pour \u00e9liminer les callosit\u00e9s et les cors.<\/p>\n<ul>\n<li>\u00c9ponge \u00e0 callosit\u00e9s min\u00e9rale avec pores grossiers et fins<\/li>\n<li>C\u00f4t\u00e9 rugueux pour \u00e9liminer les callosit\u00e9s tenaces et les cors sur les pieds.<\/li>\n<li>C\u00f4t\u00e9 fin pour les mains, les chevilles, les genoux, etc.<\/li>\n<li>\u00c9limine les cellules mortes et rend la peau douce et lisse.<\/li>\n<\/ul>\n","protected":false},"excerpt":{"rendered":"<p>Gehwol Bloc de Pon\u00e7age \u00e0 double action pour \u00e9liminer les callosit\u00e9s et les cors. \u00c9ponge \u00e0 callosit\u00e9s min\u00e9rale avec pores grossiers et fins C\u00f4t\u00e9 rugueux pour \u00e9liminer les callosit\u00e9s tenaces et les cors sur les pieds. C\u00f4t\u00e9 fin pour les mains, les chevilles, les genoux, etc. \u00c9limine les cellules mortes et rend la peau douce [&hellip;]<\/p>\n","protected":false},"featured_media":48791,"comment_status":"open","ping_status":"closed","template":"","meta":{"_acf_changed":false},"product_brand":[],"product_cat":[5000,6124,6322,5071,4759,4972,5001,4755,4999],"product_tag":[],"class_list":{"0":"post-48799","1":"product","2":"type-product","3":"status-publish","4":"has-post-thumbnail","6":"product_cat-callosites-crevasses","7":"product_cat-nos-marques-gehwol","8":"product_cat-gehwol-classic","9":"product_cat-gehwol-soins-des-pieds","10":"product_cat-limes-de-pied","11":"product_cat-nos-marques","12":"product_cat-outils-pedicure","13":"product_cat-pedicure","14":"product_cat-soins-specifique-pieds","16":"first","17":"instock","18":"taxable","19":"shipping-taxable","20":"product-type-simple"},"acf":[],"_links":{"self":[{"href":"https:\/\/sundar.be\/fr\/wp-json\/wp\/v2\/product\/48799","targetHints":{"allow":["GET"]}}],"collection":[{"href":"https:\/\/sundar.be\/fr\/wp-json\/wp\/v2\/product"}],"about":[{"href":"https:\/\/sundar.be\/fr\/wp-json\/wp\/v2\/types\/product"}],"replies":[{"embeddable":true,"href":"https:\/\/sundar.be\/fr\/wp-json\/wp\/v2\/comments?post=48799"}],"wp:featuredmedia":[{"embeddable":true,"href":"https:\/\/sundar.be\/fr\/wp-json\/wp\/v2\/media\/48791"}],"wp:attachment":[{"href":"https:\/\/sundar.be\/fr\/wp-json\/wp\/v2\/media?parent=48799"}],"wp:term":[{"taxonomy":"product_brand","embeddable":true,"href":"https:\/\/sundar.be\/fr\/wp-json\/wp\/v2\/product_brand?post=48799"},{"taxonomy":"product_cat","embeddable":true,"href":"https:\/\/sundar.be\/fr\/wp-json\/wp\/v2\/product_cat?post=48799"},{"taxonomy":"product_tag","embeddable":true,"href":"https:\/\/sundar.be\/fr\/wp-json\/wp\/v2\/product_tag?post=48799"}],"curies":[{"name":"wp","href":"https:\/\/api.w.org\/{rel}","templated":true}]}}