{"id":48771,"date":"2025-04-02T16:22:49","date_gmt":"2025-04-02T14:22:49","guid":{"rendered":"https:\/\/sundar.be\/product\/gehwol-capuchons-pour-orteils\/"},"modified":"2025-12-15T08:21:36","modified_gmt":"2025-12-15T07:21:36","slug":"gehwol-capuchons-pour-orteils","status":"publish","type":"product","link":"https:\/\/sundar.be\/fr\/produit\/gehwol-capuchons-pour-orteils\/","title":{"rendered":"Gehwol Capuchons pour Orteils"},"content":{"rendered":"<p><span style=\"color: #557e96;\"><strong>Gehwol Capuchons pour orteils<\/strong><\/span>(\u00e0 l\u2019unit\u00e9) \u2013 au choix :<\/p>\n<ul>\n<li>Gel polym\u00e8re :\n<ul>\n<li>Capuchon en gel polym\u00e8re tr\u00e8s \u00e9lastique et respectueux de la peau.<\/li>\n<li>Assure une r\u00e9partition uniforme de la pression et un soulagement efficace.<\/li>\n<li>Convient pour les cors entre les orteils.<\/li>\n<li>Adapt\u00e9 aux probl\u00e8mes de sillons ungu\u00e9aux et de bouts des orteils.<\/li>\n<li>Convient \u00e9galement aux petits orteils.<\/li>\n<\/ul>\n<\/li>\n<li>Capuchons en tissu :\n<ul>\n<li>Ext\u00e9rieur : tissu sans couture, tr\u00e8s \u00e9lastique<\/li>\n<li>Int\u00e9rieur : enti\u00e8rement doubl\u00e9 de gel polym\u00e8re souple et protecteur pour la peau<\/li>\n<li>Assure une r\u00e9partition uniforme de la pression entre et sur les orteils pour soulager les zones sensibles.<\/li>\n<li>Peut \u00eatre utilis\u00e9 en cas de cors interdigitaux et de probl\u00e8mes au niveau des sillons ungu\u00e9aux ou des extr\u00e9mit\u00e9s des orteils.<\/li>\n<\/ul>\n<\/li>\n<\/ul>\n","protected":false},"excerpt":{"rendered":"<p>Pour prot\u00e9ger contre les douleurs dues \u00e0 la pression entre et sur les orteils.<\/p>\n","protected":false},"featured_media":48770,"comment_status":"open","ping_status":"closed","template":"","meta":{"_acf_changed":false},"product_brand":[],"product_cat":[5049,5048,5271,6270,6124,5071,4972,4755,4999],"product_tag":[],"class_list":{"0":"post-48771","1":"product","2":"type-product","3":"status-publish","4":"has-post-thumbnail","6":"product_cat-anti-pression","7":"product_cat-antipression-orthese","8":"product_cat-cors-au-pieds","9":"product_cat-anti-pression-gehwol","10":"product_cat-nos-marques-gehwol","11":"product_cat-gehwol-soins-des-pieds","12":"product_cat-nos-marques","13":"product_cat-pedicure","14":"product_cat-soins-specifique-pieds","15":"pa_maat-mini-fr","16":"pa_maat-moyen","17":"pa_maat-petit","18":"pa_vorm-gel-polymere","19":"pa_vorm-tissu","21":"first","22":"instock","23":"taxable","24":"shipping-taxable","25":"product-type-variable"},"acf":[],"_links":{"self":[{"href":"https:\/\/sundar.be\/fr\/wp-json\/wp\/v2\/product\/48771","targetHints":{"allow":["GET"]}}],"collection":[{"href":"https:\/\/sundar.be\/fr\/wp-json\/wp\/v2\/product"}],"about":[{"href":"https:\/\/sundar.be\/fr\/wp-json\/wp\/v2\/types\/product"}],"replies":[{"embeddable":true,"href":"https:\/\/sundar.be\/fr\/wp-json\/wp\/v2\/comments?post=48771"}],"wp:featuredmedia":[{"embeddable":true,"href":"https:\/\/sundar.be\/fr\/wp-json\/wp\/v2\/media\/48770"}],"wp:attachment":[{"href":"https:\/\/sundar.be\/fr\/wp-json\/wp\/v2\/media?parent=48771"}],"wp:term":[{"taxonomy":"product_brand","embeddable":true,"href":"https:\/\/sundar.be\/fr\/wp-json\/wp\/v2\/product_brand?post=48771"},{"taxonomy":"product_cat","embeddable":true,"href":"https:\/\/sundar.be\/fr\/wp-json\/wp\/v2\/product_cat?post=48771"},{"taxonomy":"product_tag","embeddable":true,"href":"https:\/\/sundar.be\/fr\/wp-json\/wp\/v2\/product_tag?post=48771"}],"curies":[{"name":"wp","href":"https:\/\/api.w.org\/{rel}","templated":true}]}}