{"id":48749,"date":"2025-04-02T14:23:53","date_gmt":"2025-04-02T12:23:53","guid":{"rendered":"https:\/\/sundar.be\/product\/gehwol-anneau-de-protection-pour-orteil-2-pcs\/"},"modified":"2025-12-15T08:21:35","modified_gmt":"2025-12-15T07:21:35","slug":"gehwol-anneau-de-protection-pour-orteil-2-pcs","status":"publish","type":"product","link":"https:\/\/sundar.be\/fr\/produit\/gehwol-anneau-de-protection-pour-orteil-2-pcs\/","title":{"rendered":"Gehwol Anneau de Protection pour Orteil, 2 pcs"},"content":{"rendered":"<p><span style=\"color: #557e96;\"><strong>Gehwol Anneau de protection pour orteil<\/strong><\/span> \u2013 au choix :<\/p>\n<ul>\n<li>Anneau en gel polym\u00e8re :\n<ul>\n<li>Anneau en gel polym\u00e8re souple, flexible et respectueux de la peau.<\/li>\n<li>Id\u00e9al pour une r\u00e9partition uniforme de la pression, par exemple en cas de verrues ou de cors.<\/li>\n<\/ul>\n<\/li>\n<li>Anneau de protection en tissu :\n<ul>\n<li>Ext\u00e9rieur : tissu sans couture, tr\u00e8s \u00e9lastique<\/li>\n<li>Int\u00e9rieur : coussinet en gel polym\u00e8re flexible<\/li>\n<li>Assure une r\u00e9partition uniforme de la pression entre et sur les orteils, par exemple en cas de verrues ou de cors.<\/li>\n<\/ul>\n<\/li>\n<\/ul>\n","protected":false},"excerpt":{"rendered":"<p>Pour prot\u00e9ger contre les douleurs dues \u00e0 la pression entre et sur les orteils.<\/p>\n","protected":false},"featured_media":48734,"comment_status":"open","ping_status":"closed","template":"","meta":{"_acf_changed":false},"product_brand":[],"product_cat":[5049,5048,5271,6124,6270,5071,4972,4755,4999],"product_tag":[],"class_list":{"0":"post-48749","1":"product","2":"type-product","3":"status-publish","4":"has-post-thumbnail","6":"product_cat-anti-pression","7":"product_cat-antipression-orthese","8":"product_cat-cors-au-pieds","9":"product_cat-nos-marques-gehwol","10":"product_cat-anti-pression-gehwol","11":"product_cat-gehwol-soins-des-pieds","12":"product_cat-nos-marques","13":"product_cat-pedicure","14":"product_cat-soins-specifique-pieds","15":"pa_maat-grand","16":"pa_maat-mini-fr","17":"pa_maat-moyen","18":"pa_maat-petit","19":"pa_vorm-gel-polymere","20":"pa_vorm-tissu","22":"first","23":"instock","24":"taxable","25":"shipping-taxable","26":"product-type-variable"},"acf":[],"_links":{"self":[{"href":"https:\/\/sundar.be\/fr\/wp-json\/wp\/v2\/product\/48749","targetHints":{"allow":["GET"]}}],"collection":[{"href":"https:\/\/sundar.be\/fr\/wp-json\/wp\/v2\/product"}],"about":[{"href":"https:\/\/sundar.be\/fr\/wp-json\/wp\/v2\/types\/product"}],"replies":[{"embeddable":true,"href":"https:\/\/sundar.be\/fr\/wp-json\/wp\/v2\/comments?post=48749"}],"wp:featuredmedia":[{"embeddable":true,"href":"https:\/\/sundar.be\/fr\/wp-json\/wp\/v2\/media\/48734"}],"wp:attachment":[{"href":"https:\/\/sundar.be\/fr\/wp-json\/wp\/v2\/media?parent=48749"}],"wp:term":[{"taxonomy":"product_brand","embeddable":true,"href":"https:\/\/sundar.be\/fr\/wp-json\/wp\/v2\/product_brand?post=48749"},{"taxonomy":"product_cat","embeddable":true,"href":"https:\/\/sundar.be\/fr\/wp-json\/wp\/v2\/product_cat?post=48749"},{"taxonomy":"product_tag","embeddable":true,"href":"https:\/\/sundar.be\/fr\/wp-json\/wp\/v2\/product_tag?post=48749"}],"curies":[{"name":"wp","href":"https:\/\/api.w.org\/{rel}","templated":true}]}}