{"id":48715,"date":"2025-04-02T14:18:46","date_gmt":"2025-04-02T12:18:46","guid":{"rendered":"https:\/\/sundar.be\/product\/gehwol-soft-feet-peeling\/"},"modified":"2025-12-15T08:22:02","modified_gmt":"2025-12-15T07:22:02","slug":"gehwol-soft-feet-peeling","status":"publish","type":"product","link":"https:\/\/sundar.be\/fr\/produit\/gehwol-soft-feet-peeling\/","title":{"rendered":"Gehwol Soft Feet Peeling"},"content":{"rendered":"<p>Le <span style=\"color: #557e96;\"><strong>Gehwol Soft Feet Peeling<\/strong><\/span> est un gommage pour les pieds doux mais efficace qui \u00e9limine les cellules mortes et laisse imm\u00e9diatement les pieds lisses et frais. La combinaison de cristaux de sucre naturels, d\u2019huiles nourrissantes et d\u2019extraits adoucissants offre une exfoliation confortable qui ne fragilise pas la peau. Id\u00e9al pour pr\u00e9parer les pieds aux soins suivants ou obtenir des pieds soyeux en quelques minutes.  <\/p>\n","protected":false},"excerpt":{"rendered":"<p data-start=\"761\" data-end=\"962\">Ce gommage doux pour les pieds, \u00e0 base de particules de sucre naturel et d\u2019extrait de bambou, lisse la peau rugueuse et la rend souple. Parfait pour renouveler la peau et pr\u00e9parer les pieds \u00e0 des soins suppl\u00e9mentaires. <\/p>\n","protected":false},"featured_media":48713,"comment_status":"open","ping_status":"closed","template":"","meta":{"_acf_changed":false},"product_brand":[],"product_cat":[5055,6124,6323,5071,4972,4755,5057],"product_tag":[],"class_list":{"0":"post-48715","1":"product","2":"type-product","3":"status-publish","4":"has-post-thumbnail","6":"product_cat-bains-pieds-gommage","7":"product_cat-nos-marques-gehwol","8":"product_cat-gehwol-fusskraft","9":"product_cat-gehwol-soins-des-pieds","10":"product_cat-nos-marques","11":"product_cat-pedicure","12":"product_cat-peelings-gommages","13":"pa_inhoud-125ml-fr","14":"pa_inhoud-500-ml-fr","16":"first","17":"instock","18":"taxable","19":"shipping-taxable","20":"product-type-variable"},"acf":[],"_links":{"self":[{"href":"https:\/\/sundar.be\/fr\/wp-json\/wp\/v2\/product\/48715","targetHints":{"allow":["GET"]}}],"collection":[{"href":"https:\/\/sundar.be\/fr\/wp-json\/wp\/v2\/product"}],"about":[{"href":"https:\/\/sundar.be\/fr\/wp-json\/wp\/v2\/types\/product"}],"replies":[{"embeddable":true,"href":"https:\/\/sundar.be\/fr\/wp-json\/wp\/v2\/comments?post=48715"}],"wp:featuredmedia":[{"embeddable":true,"href":"https:\/\/sundar.be\/fr\/wp-json\/wp\/v2\/media\/48713"}],"wp:attachment":[{"href":"https:\/\/sundar.be\/fr\/wp-json\/wp\/v2\/media?parent=48715"}],"wp:term":[{"taxonomy":"product_brand","embeddable":true,"href":"https:\/\/sundar.be\/fr\/wp-json\/wp\/v2\/product_brand?post=48715"},{"taxonomy":"product_cat","embeddable":true,"href":"https:\/\/sundar.be\/fr\/wp-json\/wp\/v2\/product_cat?post=48715"},{"taxonomy":"product_tag","embeddable":true,"href":"https:\/\/sundar.be\/fr\/wp-json\/wp\/v2\/product_tag?post=48715"}],"curies":[{"name":"wp","href":"https:\/\/api.w.org\/{rel}","templated":true}]}}