{"id":48698,"date":"2025-04-02T14:08:50","date_gmt":"2025-04-02T12:08:50","guid":{"rendered":"https:\/\/sundar.be\/product\/gehwol-soft-feet-lotion\/"},"modified":"2025-12-15T08:23:26","modified_gmt":"2025-12-15T07:23:26","slug":"gehwol-soft-feet-lotion","status":"publish","type":"product","link":"https:\/\/sundar.be\/fr\/produit\/gehwol-soft-feet-lotion\/","title":{"rendered":"Gehwol Soft Feet Lotion"},"content":{"rendered":"<p>La <span style=\"color: #557e96;\"><strong>Gehwol Soft Feet Lotion<\/strong><\/span> est une lotion pour les pieds rafra\u00eechissante et hydratante qui adoucit, nourrit et soigne la peau durablement. Sa formule l\u00e9g\u00e8re p\u00e9n\u00e8tre rapidement et combine des huiles nourrissantes, des extraits v\u00e9g\u00e9taux apaisants et des agents hydratants pour garder les pieds frais, souples et confortables. Id\u00e9ale pour un usage quotidien, surtout lors de journ\u00e9es chaudes ou fatigantes.  <\/p>\n","protected":false},"excerpt":{"rendered":"<p>Cette lotion l\u00e9g\u00e8re hydrate, rafra\u00eechit et soigne intens\u00e9ment les pieds secs. Gr\u00e2ce \u00e0 l\u2019huile d\u2019avocat, \u00e0 l\u2019acide hyaluronique et aux prot\u00e9ines de soie, la peau devient imm\u00e9diatement lisse, souple et revitalis\u00e9e. <\/p>\n","protected":false},"featured_media":48696,"comment_status":"open","ping_status":"closed","template":"","meta":{"_acf_changed":false},"product_brand":[],"product_cat":[4998,6124,6323,5071,5257,4972,4755,4999,4996],"product_tag":[],"class_list":{"0":"post-48698","1":"product","2":"type-product","3":"status-publish","4":"has-post-thumbnail","6":"product_cat-cremes-lotions-pieds","7":"product_cat-nos-marques-gehwol","8":"product_cat-gehwol-fusskraft","9":"product_cat-gehwol-soins-des-pieds","10":"product_cat-jambes-pieds-fatigues","11":"product_cat-nos-marques","12":"product_cat-pedicure","13":"product_cat-soins-specifique-pieds","14":"product_cat-soins-quotidiens-des-pieds","15":"pa_inhoud-125ml-fr","16":"pa_inhoud-500-ml-fr","18":"first","19":"instock","20":"taxable","21":"shipping-taxable","22":"product-type-variable"},"acf":[],"_links":{"self":[{"href":"https:\/\/sundar.be\/fr\/wp-json\/wp\/v2\/product\/48698","targetHints":{"allow":["GET"]}}],"collection":[{"href":"https:\/\/sundar.be\/fr\/wp-json\/wp\/v2\/product"}],"about":[{"href":"https:\/\/sundar.be\/fr\/wp-json\/wp\/v2\/types\/product"}],"replies":[{"embeddable":true,"href":"https:\/\/sundar.be\/fr\/wp-json\/wp\/v2\/comments?post=48698"}],"wp:featuredmedia":[{"embeddable":true,"href":"https:\/\/sundar.be\/fr\/wp-json\/wp\/v2\/media\/48696"}],"wp:attachment":[{"href":"https:\/\/sundar.be\/fr\/wp-json\/wp\/v2\/media?parent=48698"}],"wp:term":[{"taxonomy":"product_brand","embeddable":true,"href":"https:\/\/sundar.be\/fr\/wp-json\/wp\/v2\/product_brand?post=48698"},{"taxonomy":"product_cat","embeddable":true,"href":"https:\/\/sundar.be\/fr\/wp-json\/wp\/v2\/product_cat?post=48698"},{"taxonomy":"product_tag","embeddable":true,"href":"https:\/\/sundar.be\/fr\/wp-json\/wp\/v2\/product_tag?post=48698"}],"curies":[{"name":"wp","href":"https:\/\/api.w.org\/{rel}","templated":true}]}}