{"id":48683,"date":"2025-04-02T14:02:18","date_gmt":"2025-04-02T12:02:18","guid":{"rendered":"https:\/\/sundar.be\/product\/gehwol-soft-feet-creme\/"},"modified":"2025-12-15T08:23:51","modified_gmt":"2025-12-15T07:23:51","slug":"gehwol-soft-feet-creme","status":"publish","type":"product","link":"https:\/\/sundar.be\/fr\/produit\/gehwol-soft-feet-creme\/","title":{"rendered":"Gehwol Soft Feet Cr\u00e8me"},"content":{"rendered":"<p>La <span style=\"color: #557e96;\"><strong>Gehwol Soft Feet Cr\u00e8me<\/strong><\/span> est une cr\u00e8me pour les pieds riche et nourrissante qui hydrate intens\u00e9ment, adoucit et maintient la peau souple durablement. Sa formule associe ur\u00e9e, huile d\u2019avocat, extrait de miel et acide hyaluronique pour redonner confort, douceur et \u00e9lasticit\u00e9 aux pieds secs et fatigu\u00e9s. Id\u00e9ale pour un usage quotidien, \u00e0 la maison comme en p\u00e9dicure professionnelle.  <\/p>\n","protected":false},"excerpt":{"rendered":"<p>Cette cr\u00e8me douce mais riche hydrate intens\u00e9ment et rend m\u00eame les pieds secs \u00e0 nouveau souples. Gr\u00e2ce \u00e0 l\u2019ur\u00e9e, \u00e0 l\u2019huile d\u2019avocat et \u00e0 l\u2019extrait de miel, la peau devient plus lisse, plus douce et durablement soign\u00e9e. <\/p>\n","protected":false},"featured_media":48681,"comment_status":"open","ping_status":"closed","template":"","meta":{"_acf_changed":false},"product_brand":[],"product_cat":[4998,5054,6124,6323,5071,4972,4755,4999,4996],"product_tag":[],"class_list":{"0":"post-48683","1":"product","2":"type-product","3":"status-publish","4":"has-post-thumbnail","6":"product_cat-cremes-lotions-pieds","7":"product_cat-cremes-diabetiques","8":"product_cat-nos-marques-gehwol","9":"product_cat-gehwol-fusskraft","10":"product_cat-gehwol-soins-des-pieds","11":"product_cat-nos-marques","12":"product_cat-pedicure","13":"product_cat-soins-specifique-pieds","14":"product_cat-soins-quotidiens-des-pieds","15":"pa_inhoud-125ml-fr","16":"pa_inhoud-40-ml-fr","17":"pa_inhoud-500-ml-fr","19":"first","20":"instock","21":"taxable","22":"shipping-taxable","23":"product-type-variable"},"acf":[],"_links":{"self":[{"href":"https:\/\/sundar.be\/fr\/wp-json\/wp\/v2\/product\/48683","targetHints":{"allow":["GET"]}}],"collection":[{"href":"https:\/\/sundar.be\/fr\/wp-json\/wp\/v2\/product"}],"about":[{"href":"https:\/\/sundar.be\/fr\/wp-json\/wp\/v2\/types\/product"}],"replies":[{"embeddable":true,"href":"https:\/\/sundar.be\/fr\/wp-json\/wp\/v2\/comments?post=48683"}],"wp:featuredmedia":[{"embeddable":true,"href":"https:\/\/sundar.be\/fr\/wp-json\/wp\/v2\/media\/48681"}],"wp:attachment":[{"href":"https:\/\/sundar.be\/fr\/wp-json\/wp\/v2\/media?parent=48683"}],"wp:term":[{"taxonomy":"product_brand","embeddable":true,"href":"https:\/\/sundar.be\/fr\/wp-json\/wp\/v2\/product_brand?post=48683"},{"taxonomy":"product_cat","embeddable":true,"href":"https:\/\/sundar.be\/fr\/wp-json\/wp\/v2\/product_cat?post=48683"},{"taxonomy":"product_tag","embeddable":true,"href":"https:\/\/sundar.be\/fr\/wp-json\/wp\/v2\/product_tag?post=48683"}],"curies":[{"name":"wp","href":"https:\/\/api.w.org\/{rel}","templated":true}]}}