{"id":48671,"date":"2025-04-02T13:54:08","date_gmt":"2025-04-02T11:54:08","guid":{"rendered":"https:\/\/sundar.be\/product\/gehwol-soins-dongle-15ml\/"},"modified":"2025-12-15T08:24:19","modified_gmt":"2025-12-15T07:24:19","slug":"gehwol-soins-dongle-15ml","status":"publish","type":"product","link":"https:\/\/sundar.be\/fr\/produit\/gehwol-soins-dongle-15ml\/","title":{"rendered":"Gehwol Soins d&rsquo;Ongle, 15ml"},"content":{"rendered":"<p data-start=\"278\" data-end=\"647\">Le <span style=\"color: #557e96;\"><strong>Gehwol Soin des Ongles<\/strong><\/span> est une huile nourrissante intensive qui renforce et soigne les ongles secs, sensibles et cassants. Sa formule l\u00e9g\u00e8re et rapidement absorb\u00e9e hydrate la plaque ungu\u00e9ale, adoucit les cuticules et aide \u00e0 pr\u00e9server la souplesse naturelle des ongles. Id\u00e9ale pour un soin quotidien, en particulier pour les ongles qui se fendent, se d\u00e9doublent ou deviennent sensibles.  <\/p>\n","protected":false},"excerpt":{"rendered":"<p>Cette huile nourrissante soigne, renforce et adoucit les ongles ainsi que les cuticules. Gr\u00e2ce \u00e0 l\u2019huile de germe de bl\u00e9, au bisabolol et aux esters soignants, les ongles retrouvent brillance, souplesse et protection. <\/p>\n","protected":false},"featured_media":55765,"comment_status":"open","ping_status":"closed","template":"","meta":{"_acf_changed":false},"product_brand":[],"product_cat":[6124,6322,5071,5006,4972,4755,4761,5077,4999,5087],"product_tag":[],"class_list":{"0":"post-48671","1":"product","2":"type-product","3":"status-publish","4":"has-post-thumbnail","6":"product_cat-nos-marques-gehwol","7":"product_cat-gehwol-classic","8":"product_cat-gehwol-soins-des-pieds","9":"product_cat-mycose-du-pied-ongles","10":"product_cat-nos-marques","11":"product_cat-pedicure","12":"product_cat-pose-ongles","13":"product_cat-manucure-soin-des-ongles","14":"product_cat-soins-specifique-pieds","15":"product_cat-soins-ciblees","17":"first","18":"instock","19":"taxable","20":"shipping-taxable","21":"product-type-simple"},"acf":[],"_links":{"self":[{"href":"https:\/\/sundar.be\/fr\/wp-json\/wp\/v2\/product\/48671","targetHints":{"allow":["GET"]}}],"collection":[{"href":"https:\/\/sundar.be\/fr\/wp-json\/wp\/v2\/product"}],"about":[{"href":"https:\/\/sundar.be\/fr\/wp-json\/wp\/v2\/types\/product"}],"replies":[{"embeddable":true,"href":"https:\/\/sundar.be\/fr\/wp-json\/wp\/v2\/comments?post=48671"}],"wp:featuredmedia":[{"embeddable":true,"href":"https:\/\/sundar.be\/fr\/wp-json\/wp\/v2\/media\/55765"}],"wp:attachment":[{"href":"https:\/\/sundar.be\/fr\/wp-json\/wp\/v2\/media?parent=48671"}],"wp:term":[{"taxonomy":"product_brand","embeddable":true,"href":"https:\/\/sundar.be\/fr\/wp-json\/wp\/v2\/product_brand?post=48671"},{"taxonomy":"product_cat","embeddable":true,"href":"https:\/\/sundar.be\/fr\/wp-json\/wp\/v2\/product_cat?post=48671"},{"taxonomy":"product_tag","embeddable":true,"href":"https:\/\/sundar.be\/fr\/wp-json\/wp\/v2\/product_tag?post=48671"}],"curies":[{"name":"wp","href":"https:\/\/api.w.org\/{rel}","templated":true}]}}