{"id":48668,"date":"2025-04-02T12:36:56","date_gmt":"2025-04-02T10:36:56","guid":{"rendered":"https:\/\/sundar.be\/product\/gehwol-reparateur-pour-ongles-15ml\/"},"modified":"2025-12-15T08:24:45","modified_gmt":"2025-12-15T07:24:45","slug":"gehwol-reparateur-pour-ongles-15ml","status":"publish","type":"product","link":"https:\/\/sundar.be\/fr\/produit\/gehwol-reparateur-pour-ongles-15ml\/","title":{"rendered":"Gehwol R\u00e9parateur pour Ongles, 15ml"},"content":{"rendered":"<p>Le <span style=\"color: #557e96;\"><strong>Gehwol R\u00e9parateur d\u2019Ongles<\/strong><\/span> est un produit sp\u00e9cialement d\u00e9velopp\u00e9 pour restaurer optiquement les ongles ab\u00eem\u00e9s, d\u00e9color\u00e9s ou irr\u00e9guliers. Sa formule \u00e0 s\u00e9chage rapide forme un film protecteur lissant qui uniformise la plaque de l\u2019ongle et aide \u00e0 pr\u00e9venir de nouveaux dommages. Id\u00e9al pour les ongles fragiles, l\u00e9g\u00e8rement d\u00e9color\u00e9s ou ceux qui n\u00e9cessitent une protection ou un soutien suppl\u00e9mentaire.<\/p>\n","protected":false},"excerpt":{"rendered":"<p>Ce r\u00e9parateur d\u2019ongles de Gehwol lisse et prot\u00e8ge les ongles ab\u00eem\u00e9s ou d\u00e9color\u00e9s. L\u2019ongle para\u00eet imm\u00e9diatement plus lisse, plus fort et mieux soign\u00e9.<\/p>\n","protected":false},"featured_media":48666,"comment_status":"open","ping_status":"closed","template":"","meta":{"_acf_changed":false},"product_brand":[],"product_cat":[6124,5268,5071,4972,4755,5059],"product_tag":[],"class_list":{"0":"post-48668","1":"product","2":"type-product","3":"status-publish","4":"has-post-thumbnail","6":"product_cat-nos-marques-gehwol","7":"product_cat-reparation-ongles-gehwol","8":"product_cat-gehwol-soins-des-pieds","9":"product_cat-nos-marques","10":"product_cat-pedicure","11":"product_cat-reparation-ongles","13":"first","14":"instock","15":"taxable","16":"shipping-taxable","17":"product-type-simple"},"acf":[],"_links":{"self":[{"href":"https:\/\/sundar.be\/fr\/wp-json\/wp\/v2\/product\/48668","targetHints":{"allow":["GET"]}}],"collection":[{"href":"https:\/\/sundar.be\/fr\/wp-json\/wp\/v2\/product"}],"about":[{"href":"https:\/\/sundar.be\/fr\/wp-json\/wp\/v2\/types\/product"}],"replies":[{"embeddable":true,"href":"https:\/\/sundar.be\/fr\/wp-json\/wp\/v2\/comments?post=48668"}],"wp:featuredmedia":[{"embeddable":true,"href":"https:\/\/sundar.be\/fr\/wp-json\/wp\/v2\/media\/48666"}],"wp:attachment":[{"href":"https:\/\/sundar.be\/fr\/wp-json\/wp\/v2\/media?parent=48668"}],"wp:term":[{"taxonomy":"product_brand","embeddable":true,"href":"https:\/\/sundar.be\/fr\/wp-json\/wp\/v2\/product_brand?post=48668"},{"taxonomy":"product_cat","embeddable":true,"href":"https:\/\/sundar.be\/fr\/wp-json\/wp\/v2\/product_cat?post=48668"},{"taxonomy":"product_tag","embeddable":true,"href":"https:\/\/sundar.be\/fr\/wp-json\/wp\/v2\/product_tag?post=48668"}],"curies":[{"name":"wp","href":"https:\/\/api.w.org\/{rel}","templated":true}]}}