{"id":48664,"date":"2025-04-02T12:33:22","date_gmt":"2025-04-02T10:33:22","guid":{"rendered":"https:\/\/sundar.be\/product\/gehwol-spray-protecteur-pour-ongles-et-peau-100-ml\/"},"modified":"2025-12-15T08:25:08","modified_gmt":"2025-12-15T07:25:08","slug":"gehwol-spray-protecteur-pour-ongles-et-peau-100-ml","status":"publish","type":"product","link":"https:\/\/sundar.be\/fr\/produit\/gehwol-spray-protecteur-pour-ongles-et-peau-100-ml\/","title":{"rendered":"Gehwol Spray Protecteur pour Ongles et Peau, 100 ml"},"content":{"rendered":"<p data-start=\"322\" data-end=\"743\">Le <span style=\"color: #557e96;\"><strong>spray de protection pour ongles et peau Gehwol<\/strong><\/span> est un soin protecteur qui hydrate, assouplit et prot\u00e8ge les ongles ainsi que les zones cutan\u00e9es environnantes. Sa formule l\u00e9g\u00e8re en spray p\u00e9n\u00e8tre rapidement, adoucit la peau et aide \u00e0 maintenir les ongles en parfaite condition gr\u00e2ce aux huiles nourrissantes, au panth\u00e9nol et aux actifs protecteurs. Id\u00e9al pour la protection quotidienne des ongles des pieds, des contours des ongles et des zones cutan\u00e9es sensibles.  <\/p>\n","protected":false},"excerpt":{"rendered":"<p>Ce spray protecteur hydrate et soigne les ongles ainsi que la peau autour des ongles tout en les prot\u00e9geant des agressions ext\u00e9rieures. Gr\u00e2ce au panth\u00e9nol, au bisabolol et \u00e0 la vitamine E, les ongles restent flexibles, soign\u00e9s et d\u2019apparence saine. <\/p>\n","protected":false},"featured_media":48661,"comment_status":"open","ping_status":"closed","template":"","meta":{"_acf_changed":false},"product_brand":[],"product_cat":[6124,6323,5071,5006,4972,4755,4999],"product_tag":[],"class_list":{"0":"post-48664","1":"product","2":"type-product","3":"status-publish","4":"has-post-thumbnail","6":"product_cat-nos-marques-gehwol","7":"product_cat-gehwol-fusskraft","8":"product_cat-gehwol-soins-des-pieds","9":"product_cat-mycose-du-pied-ongles","10":"product_cat-nos-marques","11":"product_cat-pedicure","12":"product_cat-soins-specifique-pieds","14":"first","15":"instock","16":"taxable","17":"shipping-taxable","18":"product-type-simple"},"acf":[],"_links":{"self":[{"href":"https:\/\/sundar.be\/fr\/wp-json\/wp\/v2\/product\/48664","targetHints":{"allow":["GET"]}}],"collection":[{"href":"https:\/\/sundar.be\/fr\/wp-json\/wp\/v2\/product"}],"about":[{"href":"https:\/\/sundar.be\/fr\/wp-json\/wp\/v2\/types\/product"}],"replies":[{"embeddable":true,"href":"https:\/\/sundar.be\/fr\/wp-json\/wp\/v2\/comments?post=48664"}],"wp:featuredmedia":[{"embeddable":true,"href":"https:\/\/sundar.be\/fr\/wp-json\/wp\/v2\/media\/48661"}],"wp:attachment":[{"href":"https:\/\/sundar.be\/fr\/wp-json\/wp\/v2\/media?parent=48664"}],"wp:term":[{"taxonomy":"product_brand","embeddable":true,"href":"https:\/\/sundar.be\/fr\/wp-json\/wp\/v2\/product_brand?post=48664"},{"taxonomy":"product_cat","embeddable":true,"href":"https:\/\/sundar.be\/fr\/wp-json\/wp\/v2\/product_cat?post=48664"},{"taxonomy":"product_tag","embeddable":true,"href":"https:\/\/sundar.be\/fr\/wp-json\/wp\/v2\/product_tag?post=48664"}],"curies":[{"name":"wp","href":"https:\/\/api.w.org\/{rel}","templated":true}]}}