{"id":48649,"date":"2025-04-02T12:20:14","date_gmt":"2025-04-02T10:20:14","guid":{"rendered":"https:\/\/sundar.be\/product\/gehwol-creme-rafraichissante\/"},"modified":"2025-12-15T08:43:55","modified_gmt":"2025-12-15T07:43:55","slug":"gehwol-creme-rafraichissante","status":"publish","type":"product","link":"https:\/\/sundar.be\/fr\/produit\/gehwol-creme-rafraichissante\/","title":{"rendered":"Gehwol Cr\u00e8me Rafra\u00eechissante"},"content":{"rendered":"<p><span style=\"color: #557e96;\"><strong>Cr\u00e8me rafra\u00eechissante Gehwol<\/strong><\/span> est une cr\u00e8me l\u00e9g\u00e8re et rafra\u00eechissante qui rafra\u00eechit et hydrate instantan\u00e9ment les pieds fatigu\u00e9s. La combinaison de menthol, d&rsquo;huile de menthe, d&rsquo;ur\u00e9e et d&rsquo;huiles v\u00e9g\u00e9tales soignantes procure une sensation de d\u00e9tente, de douceur et de propret\u00e9. Elle est id\u00e9ale pour les journ\u00e9es chaudes, les activit\u00e9s sportives ou en cas de sensation de br\u00fblure ou de lourdeur des pieds.  <\/p>\n","protected":false},"excerpt":{"rendered":"<p>Cette cr\u00e8me fra\u00eeche pour les pieds de Gehwol soulage et revitalise les pieds fatigu\u00e9s gr\u00e2ce \u00e0 un effet refroidissant imm\u00e9diat. Gr\u00e2ce \u00e0 l\u2019ur\u00e9e, \u00e0 l\u2019huile de jojoba et au menthol, la peau reste douce, hydrat\u00e9e et agr\u00e9ablement fra\u00eeche. <\/p>\n","protected":false},"featured_media":48647,"comment_status":"open","ping_status":"closed","template":"","meta":{"_acf_changed":false},"product_brand":[],"product_cat":[5053,6124,6323,5071,5257,4972,4755,4999,4996,5058],"product_tag":[],"class_list":{"0":"post-48649","1":"product","2":"type-product","3":"status-publish","4":"has-post-thumbnail","6":"product_cat-cremes-rafraichissantes","7":"product_cat-nos-marques-gehwol","8":"product_cat-gehwol-fusskraft","9":"product_cat-gehwol-soins-des-pieds","10":"product_cat-jambes-pieds-fatigues","11":"product_cat-nos-marques","12":"product_cat-pedicure","13":"product_cat-soins-specifique-pieds","14":"product_cat-soins-quotidiens-des-pieds","15":"product_cat-webshop-fr","16":"pa_inhoud-125ml-fr","17":"pa_inhoud-500-ml-fr","18":"pa_inhoud-75-ml-fr","20":"first","21":"instock","22":"sale","23":"taxable","24":"shipping-taxable","25":"product-type-variable"},"acf":[],"_links":{"self":[{"href":"https:\/\/sundar.be\/fr\/wp-json\/wp\/v2\/product\/48649","targetHints":{"allow":["GET"]}}],"collection":[{"href":"https:\/\/sundar.be\/fr\/wp-json\/wp\/v2\/product"}],"about":[{"href":"https:\/\/sundar.be\/fr\/wp-json\/wp\/v2\/types\/product"}],"replies":[{"embeddable":true,"href":"https:\/\/sundar.be\/fr\/wp-json\/wp\/v2\/comments?post=48649"}],"wp:featuredmedia":[{"embeddable":true,"href":"https:\/\/sundar.be\/fr\/wp-json\/wp\/v2\/media\/48647"}],"wp:attachment":[{"href":"https:\/\/sundar.be\/fr\/wp-json\/wp\/v2\/media?parent=48649"}],"wp:term":[{"taxonomy":"product_brand","embeddable":true,"href":"https:\/\/sundar.be\/fr\/wp-json\/wp\/v2\/product_brand?post=48649"},{"taxonomy":"product_cat","embeddable":true,"href":"https:\/\/sundar.be\/fr\/wp-json\/wp\/v2\/product_cat?post=48649"},{"taxonomy":"product_tag","embeddable":true,"href":"https:\/\/sundar.be\/fr\/wp-json\/wp\/v2\/product_tag?post=48649"}],"curies":[{"name":"wp","href":"https:\/\/api.w.org\/{rel}","templated":true}]}}