{"id":48639,"date":"2025-04-02T12:09:39","date_gmt":"2025-04-02T10:09:39","guid":{"rendered":"https:\/\/sundar.be\/product\/gehwol-med-poudre-pour-les-pieds-100g\/"},"modified":"2025-12-15T08:44:24","modified_gmt":"2025-12-15T07:44:24","slug":"gehwol-med-poudre-pour-les-pieds-100g","status":"publish","type":"product","link":"https:\/\/sundar.be\/fr\/produit\/gehwol-med-poudre-pour-les-pieds-100g\/","title":{"rendered":"Gehwol Med Poudre pour les Pieds, 100g"},"content":{"rendered":"<p>La <span style=\"color: #557e96;\"><strong>Poudre pour les Pieds Gehwol Med<\/strong><\/span> est une poudre sp\u00e9cialis\u00e9e qui garde les pieds secs, prot\u00e9g\u00e9s et frais, m\u00eame en cas de forte transpiration ou de zones sensibles. La combinaison de min\u00e9raux absorbants, d\u2019ingr\u00e9dients nourrissants et d\u2019agents protecteurs aide \u00e0 r\u00e9guler l\u2019humidit\u00e9, \u00e0 r\u00e9duire les frottements et \u00e0 apaiser la peau. Id\u00e9ale pour un usage quotidien, notamment par temps chaud, lors du sport ou pour les pieds sensibles.  <\/p>\n","protected":false},"excerpt":{"rendered":"<p>Cette poudre m\u00e9dicale pour les pieds de Gehwol garde les pieds durablement secs et frais tout en prot\u00e9geant et en apaisant la peau. Gr\u00e2ce \u00e0 l\u2019oxyde de zinc, au bisabolol et au clotrimazol, la peau reste confortable, propre et en condition optimale. <\/p>\n","protected":false},"featured_media":48636,"comment_status":"open","ping_status":"closed","template":"","meta":{"_acf_changed":false},"product_brand":[],"product_cat":[4997,6124,6321,5071,4972,4755,4996],"product_tag":[],"class_list":{"0":"post-48639","1":"product","2":"type-product","3":"status-publish","4":"has-post-thumbnail","6":"product_cat-anti-transpirants","7":"product_cat-nos-marques-gehwol","8":"product_cat-gehwol-med","9":"product_cat-gehwol-soins-des-pieds","10":"product_cat-nos-marques","11":"product_cat-pedicure","12":"product_cat-soins-quotidiens-des-pieds","14":"first","15":"instock","16":"taxable","17":"shipping-taxable","18":"product-type-simple"},"acf":[],"_links":{"self":[{"href":"https:\/\/sundar.be\/fr\/wp-json\/wp\/v2\/product\/48639","targetHints":{"allow":["GET"]}}],"collection":[{"href":"https:\/\/sundar.be\/fr\/wp-json\/wp\/v2\/product"}],"about":[{"href":"https:\/\/sundar.be\/fr\/wp-json\/wp\/v2\/types\/product"}],"replies":[{"embeddable":true,"href":"https:\/\/sundar.be\/fr\/wp-json\/wp\/v2\/comments?post=48639"}],"wp:featuredmedia":[{"embeddable":true,"href":"https:\/\/sundar.be\/fr\/wp-json\/wp\/v2\/media\/48636"}],"wp:attachment":[{"href":"https:\/\/sundar.be\/fr\/wp-json\/wp\/v2\/media?parent=48639"}],"wp:term":[{"taxonomy":"product_brand","embeddable":true,"href":"https:\/\/sundar.be\/fr\/wp-json\/wp\/v2\/product_brand?post=48639"},{"taxonomy":"product_cat","embeddable":true,"href":"https:\/\/sundar.be\/fr\/wp-json\/wp\/v2\/product_cat?post=48639"},{"taxonomy":"product_tag","embeddable":true,"href":"https:\/\/sundar.be\/fr\/wp-json\/wp\/v2\/product_tag?post=48639"}],"curies":[{"name":"wp","href":"https:\/\/api.w.org\/{rel}","templated":true}]}}