{"id":48633,"date":"2025-04-02T12:06:11","date_gmt":"2025-04-02T10:06:11","guid":{"rendered":"https:\/\/sundar.be\/product\/gehwol-med-creme-deodorante-pour-les-pieds-75-ml\/"},"modified":"2025-12-15T08:44:49","modified_gmt":"2025-12-15T07:44:49","slug":"gehwol-med-creme-deodorante-pour-les-pieds-75-ml","status":"publish","type":"product","link":"https:\/\/sundar.be\/fr\/produit\/gehwol-med-creme-deodorante-pour-les-pieds-75-ml\/","title":{"rendered":"Gehwol Med Cr\u00e8me D\u00e9odorante pour les Pieds, 75 ml"},"content":{"rendered":"<p data-start=\"292\" data-end=\"639\">La <span style=\"color: #557e96;\"><strong>Cr\u00e8me D\u00e9odorante pour les Pieds Gehwol Med<\/strong><\/span> est une cr\u00e8me soignante et d\u00e9odorante qui aide \u00e0 pr\u00e9venir les odeurs ind\u00e9sirables tout en maintenant la peau fra\u00eeche durablement. Sa formule douce et nourrissante hydrate, apaise et soutient un environnement cutan\u00e9 sain, tandis que des ingr\u00e9dients actifs prot\u00e8gent intens\u00e9ment la peau. Id\u00e9ale pour les pieds rapidement chauds, humides ou sensibles.  <\/p>\n","protected":false},"excerpt":{"rendered":"<p>Cette cr\u00e8me d\u00e9odorante pour les pieds de Gehwol r\u00e9duit efficacement les mauvaises odeurs et garde la peau fra\u00eeche plus longtemps. Gr\u00e2ce \u00e0 l\u2019extrait de manuka, \u00e0 l\u2019oxyde de zinc et au tri\u00e9thylcitrate, la peau reste prot\u00e9g\u00e9e, soign\u00e9e et confortable. <\/p>\n","protected":false},"featured_media":48631,"comment_status":"open","ping_status":"closed","template":"","meta":{"_acf_changed":false},"product_brand":[],"product_cat":[4997,6124,6321,5071,5004,4972,4755,4996],"product_tag":[],"class_list":{"0":"post-48633","1":"product","2":"type-product","3":"status-publish","4":"has-post-thumbnail","6":"product_cat-anti-transpirants","7":"product_cat-nos-marques-gehwol","8":"product_cat-gehwol-med","9":"product_cat-gehwol-soins-des-pieds","10":"product_cat-ideal-pour-les-sportifs","11":"product_cat-nos-marques","12":"product_cat-pedicure","13":"product_cat-soins-quotidiens-des-pieds","15":"first","16":"instock","17":"taxable","18":"shipping-taxable","19":"product-type-simple"},"acf":[],"_links":{"self":[{"href":"https:\/\/sundar.be\/fr\/wp-json\/wp\/v2\/product\/48633","targetHints":{"allow":["GET"]}}],"collection":[{"href":"https:\/\/sundar.be\/fr\/wp-json\/wp\/v2\/product"}],"about":[{"href":"https:\/\/sundar.be\/fr\/wp-json\/wp\/v2\/types\/product"}],"replies":[{"embeddable":true,"href":"https:\/\/sundar.be\/fr\/wp-json\/wp\/v2\/comments?post=48633"}],"wp:featuredmedia":[{"embeddable":true,"href":"https:\/\/sundar.be\/fr\/wp-json\/wp\/v2\/media\/48631"}],"wp:attachment":[{"href":"https:\/\/sundar.be\/fr\/wp-json\/wp\/v2\/media?parent=48633"}],"wp:term":[{"taxonomy":"product_brand","embeddable":true,"href":"https:\/\/sundar.be\/fr\/wp-json\/wp\/v2\/product_brand?post=48633"},{"taxonomy":"product_cat","embeddable":true,"href":"https:\/\/sundar.be\/fr\/wp-json\/wp\/v2\/product_cat?post=48633"},{"taxonomy":"product_tag","embeddable":true,"href":"https:\/\/sundar.be\/fr\/wp-json\/wp\/v2\/product_tag?post=48633"}],"curies":[{"name":"wp","href":"https:\/\/api.w.org\/{rel}","templated":true}]}}