{"id":48629,"date":"2025-04-02T12:02:39","date_gmt":"2025-04-02T10:02:39","guid":{"rendered":"https:\/\/sundar.be\/product\/gehwol-med-emollient-pour-ongles-15ml\/"},"modified":"2025-12-15T08:45:17","modified_gmt":"2025-12-15T07:45:17","slug":"gehwol-med-emollient-pour-ongles-15ml","status":"publish","type":"product","link":"https:\/\/sundar.be\/fr\/produit\/gehwol-med-emollient-pour-ongles-15ml\/","title":{"rendered":"Gehwol Med \u00c9mollient pour Ongles, 15ml"},"content":{"rendered":"<p data-start=\"262\" data-end=\"638\">Le <span style=\"color: #557e96;\"><strong>Gehwol Med \u00c9moillient pour Ongles<\/strong><\/span> est un soin cibl\u00e9 qui assouplit les bords durs des ongles et les ongles incarn\u00e9s. Ce liquide l\u00e9ger adoucit la zone de l\u2019ongle, r\u00e9duisant ainsi la pression et les tensions, ce qui rend l\u2019ongle plus facile \u00e0 traiter. Id\u00e9al pour une utilisation \u00e0 domicile ou en p\u00e9dicurie professionnelle afin de rendre le soin des zones sensibles plus confortable.  <\/p>\n","protected":false},"excerpt":{"rendered":"<p>Cet assouplissant adoucit les bords d\u2019ongles durcis et facilite le traitement des ongles incarn\u00e9s. La peau devient plus souple et l\u2019inconfort d\u00fb \u00e0 la pression diminue visiblement. <\/p>\n","protected":false},"featured_media":48627,"comment_status":"open","ping_status":"closed","template":"","meta":{"_acf_changed":false},"product_brand":[],"product_cat":[5000,6124,6321,5071,4972,5274,4755,4999],"product_tag":[],"class_list":{"0":"post-48629","1":"product","2":"type-product","3":"status-publish","4":"has-post-thumbnail","6":"product_cat-callosites-crevasses","7":"product_cat-nos-marques-gehwol","8":"product_cat-gehwol-med","9":"product_cat-gehwol-soins-des-pieds","10":"product_cat-nos-marques","11":"product_cat-ongles-incarnes","12":"product_cat-pedicure","13":"product_cat-soins-specifique-pieds","15":"first","16":"instock","17":"taxable","18":"shipping-taxable","19":"product-type-simple"},"acf":[],"_links":{"self":[{"href":"https:\/\/sundar.be\/fr\/wp-json\/wp\/v2\/product\/48629","targetHints":{"allow":["GET"]}}],"collection":[{"href":"https:\/\/sundar.be\/fr\/wp-json\/wp\/v2\/product"}],"about":[{"href":"https:\/\/sundar.be\/fr\/wp-json\/wp\/v2\/types\/product"}],"replies":[{"embeddable":true,"href":"https:\/\/sundar.be\/fr\/wp-json\/wp\/v2\/comments?post=48629"}],"wp:featuredmedia":[{"embeddable":true,"href":"https:\/\/sundar.be\/fr\/wp-json\/wp\/v2\/media\/48627"}],"wp:attachment":[{"href":"https:\/\/sundar.be\/fr\/wp-json\/wp\/v2\/media?parent=48629"}],"wp:term":[{"taxonomy":"product_brand","embeddable":true,"href":"https:\/\/sundar.be\/fr\/wp-json\/wp\/v2\/product_brand?post=48629"},{"taxonomy":"product_cat","embeddable":true,"href":"https:\/\/sundar.be\/fr\/wp-json\/wp\/v2\/product_cat?post=48629"},{"taxonomy":"product_tag","embeddable":true,"href":"https:\/\/sundar.be\/fr\/wp-json\/wp\/v2\/product_tag?post=48629"}],"curies":[{"name":"wp","href":"https:\/\/api.w.org\/{rel}","templated":true}]}}