{"id":48624,"date":"2025-04-02T11:59:20","date_gmt":"2025-04-02T09:59:20","guid":{"rendered":"https:\/\/sundar.be\/product\/gehwol-med-huile-protectrice-ongles-et-peau-15ml\/"},"modified":"2025-12-15T08:45:43","modified_gmt":"2025-12-15T07:45:43","slug":"gehwol-med-huile-protectrice-ongles-et-peau-15ml","status":"publish","type":"product","link":"https:\/\/sundar.be\/fr\/produit\/gehwol-med-huile-protectrice-ongles-et-peau-15ml\/","title":{"rendered":"Gehwol Med Huile Protectrice Ongles et Peau, 15ml"},"content":{"rendered":"<p>La <span style=\"color: #557e96;\"><strong>Gehwol Med Huile Protectrice Ongles et Peau<\/strong><\/span> est une huile de soin intensif qui prot\u00e8ge, nourrit et maintient en condition optimale les ongles ainsi que la peau environnante. Sa formule l\u00e9g\u00e8re \u00e0 absorption rapide combine des huiles nourrissantes, des d\u00e9riv\u00e9s vitaminiques et des agents apaisants pour assouplir les ongles et adoucir la peau. Id\u00e9ale pour les ongles cassants, les cuticules s\u00e8ches et les plis cutan\u00e9s sensibles.  <\/p>\n","protected":false},"excerpt":{"rendered":"<p>Cette huile protectrice de Gehwol renforce et nourrit \u00e0 la fois les ongles et les bords des ongles. Gr\u00e2ce \u00e0 l\u2019huile de germe de bl\u00e9, au bisabolol et au panth\u00e9nyl triac\u00e9tate, les ongles restent souples, nourris et d\u2019aspect sain. <\/p>\n","protected":false},"featured_media":48622,"comment_status":"open","ping_status":"closed","template":"","meta":{"_acf_changed":false},"product_brand":[],"product_cat":[6124,5071,4970,4972,4761,5077],"product_tag":[],"class_list":{"0":"post-48624","1":"product","2":"type-product","3":"status-publish","4":"has-post-thumbnail","6":"product_cat-nos-marques-gehwol","7":"product_cat-gehwol-soins-des-pieds","8":"product_cat-manucure-huiles-ongles","9":"product_cat-nos-marques","10":"product_cat-pose-ongles","11":"product_cat-manucure-soin-des-ongles","13":"first","14":"instock","15":"taxable","16":"shipping-taxable","17":"product-type-simple"},"acf":[],"_links":{"self":[{"href":"https:\/\/sundar.be\/fr\/wp-json\/wp\/v2\/product\/48624","targetHints":{"allow":["GET"]}}],"collection":[{"href":"https:\/\/sundar.be\/fr\/wp-json\/wp\/v2\/product"}],"about":[{"href":"https:\/\/sundar.be\/fr\/wp-json\/wp\/v2\/types\/product"}],"replies":[{"embeddable":true,"href":"https:\/\/sundar.be\/fr\/wp-json\/wp\/v2\/comments?post=48624"}],"wp:featuredmedia":[{"embeddable":true,"href":"https:\/\/sundar.be\/fr\/wp-json\/wp\/v2\/media\/48622"}],"wp:attachment":[{"href":"https:\/\/sundar.be\/fr\/wp-json\/wp\/v2\/media?parent=48624"}],"wp:term":[{"taxonomy":"product_brand","embeddable":true,"href":"https:\/\/sundar.be\/fr\/wp-json\/wp\/v2\/product_brand?post=48624"},{"taxonomy":"product_cat","embeddable":true,"href":"https:\/\/sundar.be\/fr\/wp-json\/wp\/v2\/product_cat?post=48624"},{"taxonomy":"product_tag","embeddable":true,"href":"https:\/\/sundar.be\/fr\/wp-json\/wp\/v2\/product_tag?post=48624"}],"curies":[{"name":"wp","href":"https:\/\/api.w.org\/{rel}","templated":true}]}}