{"id":48620,"date":"2025-04-02T11:48:09","date_gmt":"2025-04-02T09:48:09","guid":{"rendered":"https:\/\/sundar.be\/product\/gehwol-med-creme-protectrice-ongles-et-peau-15ml\/"},"modified":"2025-11-27T09:50:43","modified_gmt":"2025-11-27T08:50:43","slug":"gehwol-med-creme-protectrice-ongles-et-peau-15ml","status":"publish","type":"product","link":"https:\/\/sundar.be\/fr\/produit\/gehwol-med-creme-protectrice-ongles-et-peau-15ml\/","title":{"rendered":"Gehwol Med Cr\u00e8me Protectrice Ongles et Peau, 15ml"},"content":{"rendered":"<p>La <strong>Gehwol Med Cr\u00e8me Protectrice Ongles et Peau<\/strong> est une cr\u00e8me de soin intensif qui prot\u00e8ge, adoucit et maintient en condition optimale les ongles ainsi que la peau environnante. Sa texture riche et cr\u00e9meuse nourrit les bords d\u2019ongles secs, soutient l\u2019\u00e9lasticit\u00e9 des ongles et apaise les plis cutan\u00e9s sensibles. Id\u00e9ale pour les ongles cassants, les cuticules s\u00e8ches et pour tous ceux qui ont besoin d\u2019une protection ou d\u2019un soin r\u00e9parateur suppl\u00e9mentaire.  <\/p>\n","protected":false},"excerpt":{"rendered":"<p>Cette cr\u00e8me nourrissante de Gehwol prot\u00e8ge et hydrate aussi bien les ongles que les cuticules. Gr\u00e2ce \u00e0 l\u2019huile de germe de bl\u00e9, au panth\u00e9nol et au bisabolol, les ongles restent souples et la peau douce et confortable. <\/p>\n","protected":false},"featured_media":48618,"comment_status":"open","ping_status":"closed","template":"","meta":{"_acf_changed":false},"product_brand":[],"product_cat":[5079,6124,6321,5071,4972,4761,5077],"product_tag":[],"class_list":{"0":"post-48620","1":"product","2":"type-product","3":"status-publish","4":"has-post-thumbnail","6":"product_cat-creme-ongles","7":"product_cat-nos-marques-gehwol","8":"product_cat-gehwol-med","9":"product_cat-gehwol-soins-des-pieds","10":"product_cat-nos-marques","11":"product_cat-pose-ongles","12":"product_cat-manucure-soin-des-ongles","14":"first","15":"instock","16":"taxable","17":"shipping-taxable","18":"product-type-simple"},"acf":[],"_links":{"self":[{"href":"https:\/\/sundar.be\/fr\/wp-json\/wp\/v2\/product\/48620","targetHints":{"allow":["GET"]}}],"collection":[{"href":"https:\/\/sundar.be\/fr\/wp-json\/wp\/v2\/product"}],"about":[{"href":"https:\/\/sundar.be\/fr\/wp-json\/wp\/v2\/types\/product"}],"replies":[{"embeddable":true,"href":"https:\/\/sundar.be\/fr\/wp-json\/wp\/v2\/comments?post=48620"}],"wp:featuredmedia":[{"embeddable":true,"href":"https:\/\/sundar.be\/fr\/wp-json\/wp\/v2\/media\/48618"}],"wp:attachment":[{"href":"https:\/\/sundar.be\/fr\/wp-json\/wp\/v2\/media?parent=48620"}],"wp:term":[{"taxonomy":"product_brand","embeddable":true,"href":"https:\/\/sundar.be\/fr\/wp-json\/wp\/v2\/product_brand?post=48620"},{"taxonomy":"product_cat","embeddable":true,"href":"https:\/\/sundar.be\/fr\/wp-json\/wp\/v2\/product_cat?post=48620"},{"taxonomy":"product_tag","embeddable":true,"href":"https:\/\/sundar.be\/fr\/wp-json\/wp\/v2\/product_tag?post=48620"}],"curies":[{"name":"wp","href":"https:\/\/api.w.org\/{rel}","templated":true}]}}