{"id":48616,"date":"2025-04-02T11:44:44","date_gmt":"2025-04-02T09:44:44","guid":{"rendered":"https:\/\/sundar.be\/product\/gehwol-med-crayon-de-soin-3ml\/"},"modified":"2025-11-27T11:17:14","modified_gmt":"2025-11-27T10:17:14","slug":"gehwol-med-crayon-de-soin-3ml","status":"publish","type":"product","link":"https:\/\/sundar.be\/fr\/produit\/gehwol-med-crayon-de-soin-3ml\/","title":{"rendered":"Gehwol Med Crayon de Soin, 3ml"},"content":{"rendered":"<p>Le Gehwol Med Stylo Protecteur pour Ongles est un stick de soin pratique, \u00e0 application pr\u00e9cise, qui prot\u00e8ge, nourrit et assouplit les ongles ainsi que leurs contours. Sa formule l\u00e9g\u00e8re et soignante soutient la condition de l\u2019ongle, adoucit les cuticules s\u00e8ches et aide \u00e0 apaiser les plis cutan\u00e9s sensibles. Gr\u00e2ce \u00e0 son applicateur en forme de stylo, ce produit est id\u00e9al pour une application cibl\u00e9e, \u00e0 la maison comme en d\u00e9placement.  <\/p>\n","protected":false},"excerpt":{"rendered":"<p data-start=\"721\" data-end=\"935\">Ce stylo de soin prot\u00e8ge et adoucit les ongles et leurs contours avec une application cibl\u00e9e et hygi\u00e9nique. Gr\u00e2ce \u00e0 l\u2019huile de jojoba, au bisabolol et au panth\u00e9nyl triac\u00e9tate, les ongles restent souples, nourris et parfaitement entretenus. <\/p>\n","protected":false},"featured_media":48612,"comment_status":"open","ping_status":"closed","template":"","meta":{"_acf_changed":false},"product_brand":[],"product_cat":[6124,6321,5071,5006,4972,4755,4999],"product_tag":[],"class_list":{"0":"post-48616","1":"product","2":"type-product","3":"status-publish","4":"has-post-thumbnail","6":"product_cat-nos-marques-gehwol","7":"product_cat-gehwol-med","8":"product_cat-gehwol-soins-des-pieds","9":"product_cat-mycose-du-pied-ongles","10":"product_cat-nos-marques","11":"product_cat-pedicure","12":"product_cat-soins-specifique-pieds","14":"first","15":"instock","16":"taxable","17":"shipping-taxable","18":"product-type-simple"},"acf":[],"_links":{"self":[{"href":"https:\/\/sundar.be\/fr\/wp-json\/wp\/v2\/product\/48616","targetHints":{"allow":["GET"]}}],"collection":[{"href":"https:\/\/sundar.be\/fr\/wp-json\/wp\/v2\/product"}],"about":[{"href":"https:\/\/sundar.be\/fr\/wp-json\/wp\/v2\/types\/product"}],"replies":[{"embeddable":true,"href":"https:\/\/sundar.be\/fr\/wp-json\/wp\/v2\/comments?post=48616"}],"wp:featuredmedia":[{"embeddable":true,"href":"https:\/\/sundar.be\/fr\/wp-json\/wp\/v2\/media\/48612"}],"wp:attachment":[{"href":"https:\/\/sundar.be\/fr\/wp-json\/wp\/v2\/media?parent=48616"}],"wp:term":[{"taxonomy":"product_brand","embeddable":true,"href":"https:\/\/sundar.be\/fr\/wp-json\/wp\/v2\/product_brand?post=48616"},{"taxonomy":"product_cat","embeddable":true,"href":"https:\/\/sundar.be\/fr\/wp-json\/wp\/v2\/product_cat?post=48616"},{"taxonomy":"product_tag","embeddable":true,"href":"https:\/\/sundar.be\/fr\/wp-json\/wp\/v2\/product_tag?post=48616"}],"curies":[{"name":"wp","href":"https:\/\/api.w.org\/{rel}","templated":true}]}}