{"id":48606,"date":"2025-04-02T11:37:32","date_gmt":"2025-04-02T09:37:32","guid":{"rendered":"https:\/\/sundar.be\/product\/gehwol-spray-aux-herbes\/"},"modified":"2025-12-15T08:46:14","modified_gmt":"2025-12-15T07:46:14","slug":"gehwol-spray-aux-herbes","status":"publish","type":"product","link":"https:\/\/sundar.be\/fr\/produit\/gehwol-spray-aux-herbes\/","title":{"rendered":"Gehwol Spray aux Herbes"},"content":{"rendered":"<p>La <span style=\"color: #557e96;\"><strong>Gehwol Spray aux Herbes<\/strong><\/span> est un spray rafra\u00eechissant et nourrissant qui revitalise imm\u00e9diatement les pieds fatigu\u00e9s tout en les hydratant. Sa formule l\u00e9g\u00e8re combine de l\u2019ur\u00e9e avec des huiles essentielles aromatiques telles que le romarin, la lavande et le pin pour tonifier, adoucir et maintenir durablement la fra\u00eecheur des pieds. Id\u00e9al par temps chaud, apr\u00e8s une activit\u00e9 sportive ou durant les journ\u00e9es bien remplies.  <\/p>\n","protected":false},"excerpt":{"rendered":"<p data-start=\"703\" data-end=\"929\">Ce spray aux herbes de Gehwol rafra\u00eechit et hydrate les pieds tout en procurant une sensation de fra\u00eecheur durable. Gr\u00e2ce \u00e0 l\u2019ur\u00e9e, au panth\u00e9nol et aux huiles essentielles naturelles, les pieds restent doux, confortables et agr\u00e9ablement parfum\u00e9s. <\/p>\n","protected":false},"featured_media":48605,"comment_status":"open","ping_status":"closed","template":"","meta":{"_acf_changed":false},"product_brand":[],"product_cat":[4997,5053,6124,6323,5071,5257,4972,4755,4999,4996],"product_tag":[],"class_list":{"0":"post-48606","1":"product","2":"type-product","3":"status-publish","4":"has-post-thumbnail","6":"product_cat-anti-transpirants","7":"product_cat-cremes-rafraichissantes","8":"product_cat-nos-marques-gehwol","9":"product_cat-gehwol-fusskraft","10":"product_cat-gehwol-soins-des-pieds","11":"product_cat-jambes-pieds-fatigues","12":"product_cat-nos-marques","13":"product_cat-pedicure","14":"product_cat-soins-specifique-pieds","15":"product_cat-soins-quotidiens-des-pieds","16":"pa_inhoud-150ml-fr","17":"pa_inhoud-500-ml-fr","18":"pa_inhoud-pompe-doseuse","20":"first","21":"instock","22":"taxable","23":"shipping-taxable","24":"product-type-variable"},"acf":[],"_links":{"self":[{"href":"https:\/\/sundar.be\/fr\/wp-json\/wp\/v2\/product\/48606","targetHints":{"allow":["GET"]}}],"collection":[{"href":"https:\/\/sundar.be\/fr\/wp-json\/wp\/v2\/product"}],"about":[{"href":"https:\/\/sundar.be\/fr\/wp-json\/wp\/v2\/types\/product"}],"replies":[{"embeddable":true,"href":"https:\/\/sundar.be\/fr\/wp-json\/wp\/v2\/comments?post=48606"}],"wp:featuredmedia":[{"embeddable":true,"href":"https:\/\/sundar.be\/fr\/wp-json\/wp\/v2\/media\/48605"}],"wp:attachment":[{"href":"https:\/\/sundar.be\/fr\/wp-json\/wp\/v2\/media?parent=48606"}],"wp:term":[{"taxonomy":"product_brand","embeddable":true,"href":"https:\/\/sundar.be\/fr\/wp-json\/wp\/v2\/product_brand?post=48606"},{"taxonomy":"product_cat","embeddable":true,"href":"https:\/\/sundar.be\/fr\/wp-json\/wp\/v2\/product_cat?post=48606"},{"taxonomy":"product_tag","embeddable":true,"href":"https:\/\/sundar.be\/fr\/wp-json\/wp\/v2\/product_tag?post=48606"}],"curies":[{"name":"wp","href":"https:\/\/api.w.org\/{rel}","templated":true}]}}