{"id":48591,"date":"2025-04-02T11:12:48","date_gmt":"2025-04-02T09:12:48","guid":{"rendered":"https:\/\/sundar.be\/product\/gehwol-hydrolipide-lotion\/"},"modified":"2025-12-15T08:46:32","modified_gmt":"2025-12-15T07:46:32","slug":"gehwol-hydrolipide-lotion","status":"publish","type":"product","link":"https:\/\/sundar.be\/fr\/produit\/gehwol-hydrolipide-lotion\/","title":{"rendered":"Gehwol Hydrolipide Lotion"},"content":{"rendered":"<p>La <span style=\"color: #557e96;\"><strong>Gehwol Lotion Hydrolipidique<\/strong><\/span> est un soin intens\u00e9ment hydratant et nourrissant qui renforce la barri\u00e8re cutan\u00e9e et redonne souplesse aux pieds secs. Sa formule avanc\u00e9e combine de l\u2019ur\u00e9e, des huiles adoucissantes et des c\u00e9ramides identiques \u00e0 ceux de la peau pour compenser efficacement \u00e0 la fois le manque d\u2019hydratation et de lipides. Id\u00e9ale pour les pieds tr\u00e8s secs, rugueux ou sensibles n\u00e9cessitant une protection durable et une r\u00e9paration profonde.  <\/p>\n","protected":false},"excerpt":{"rendered":"<p>Cette lotion hydrolipidique hydrate intens\u00e9ment et renforce la barri\u00e8re cutan\u00e9e gr\u00e2ce \u00e0 l\u2019ur\u00e9e, \u00e0 l\u2019huile d\u2019avocat et aux c\u00e9ramides. Les pieds secs et rugueux deviennent imm\u00e9diatement plus doux, souples et confortables. <\/p>\n","protected":false},"featured_media":48589,"comment_status":"open","ping_status":"closed","template":"","meta":{"_acf_changed":false},"product_brand":[],"product_cat":[5000,4998,5054,6124,6323,5071,4972,4755,4999,4996],"product_tag":[],"class_list":{"0":"post-48591","1":"product","2":"type-product","3":"status-publish","4":"has-post-thumbnail","6":"product_cat-callosites-crevasses","7":"product_cat-cremes-lotions-pieds","8":"product_cat-cremes-diabetiques","9":"product_cat-nos-marques-gehwol","10":"product_cat-gehwol-fusskraft","11":"product_cat-gehwol-soins-des-pieds","12":"product_cat-nos-marques","13":"product_cat-pedicure","14":"product_cat-soins-specifique-pieds","15":"product_cat-soins-quotidiens-des-pieds","16":"pa_inhoud-125ml-fr","17":"pa_inhoud-500-ml-fr","19":"first","20":"instock","21":"taxable","22":"shipping-taxable","23":"product-type-variable"},"acf":[],"_links":{"self":[{"href":"https:\/\/sundar.be\/fr\/wp-json\/wp\/v2\/product\/48591","targetHints":{"allow":["GET"]}}],"collection":[{"href":"https:\/\/sundar.be\/fr\/wp-json\/wp\/v2\/product"}],"about":[{"href":"https:\/\/sundar.be\/fr\/wp-json\/wp\/v2\/types\/product"}],"replies":[{"embeddable":true,"href":"https:\/\/sundar.be\/fr\/wp-json\/wp\/v2\/comments?post=48591"}],"wp:featuredmedia":[{"embeddable":true,"href":"https:\/\/sundar.be\/fr\/wp-json\/wp\/v2\/media\/48589"}],"wp:attachment":[{"href":"https:\/\/sundar.be\/fr\/wp-json\/wp\/v2\/media?parent=48591"}],"wp:term":[{"taxonomy":"product_brand","embeddable":true,"href":"https:\/\/sundar.be\/fr\/wp-json\/wp\/v2\/product_brand?post=48591"},{"taxonomy":"product_cat","embeddable":true,"href":"https:\/\/sundar.be\/fr\/wp-json\/wp\/v2\/product_cat?post=48591"},{"taxonomy":"product_tag","embeddable":true,"href":"https:\/\/sundar.be\/fr\/wp-json\/wp\/v2\/product_tag?post=48591"}],"curies":[{"name":"wp","href":"https:\/\/api.w.org\/{rel}","templated":true}]}}