{"id":48578,"date":"2025-04-02T10:50:25","date_gmt":"2025-04-02T08:50:25","guid":{"rendered":"https:\/\/sundar.be\/product\/gehwol-coussinet-pour-orteils-marteaux-petit-modele\/"},"modified":"2025-12-15T08:51:38","modified_gmt":"2025-12-15T07:51:38","slug":"gehwol-coussinet-pour-orteils-marteaux-petit-modele","status":"publish","type":"product","link":"https:\/\/sundar.be\/fr\/produit\/gehwol-coussinet-pour-orteils-marteaux-petit-modele\/","title":{"rendered":"Gehwol Coussinet pour Orteils Marteaux Petit mod\u00e8le"},"content":{"rendered":"<p>Un orteil en marteau ou en griffe peut \u00eatre tr\u00e8s douloureux, surtout lorsque l\u2019on porte des chaussures.<span style=\"color: #557e96;\"><strong> Le coussinet pour orteils marteaux Gehwol<\/strong><\/span> soulage la pression sur les orteils concern\u00e9s et pr\u00e9vient les irritations cutan\u00e9es ainsi que les cors au bout des orteils. Il am\u00e9liore nettement le confort lors de la marche.<br \/>Le coussinet confort pour orteils marteaux Gehwol est particuli\u00e8rement agr\u00e9able \u00e0 porter gr\u00e2ce \u00e0 sa fabrication en gel polym\u00e8re souple. Il est dot\u00e9 d\u2019une large boucle \u00e9lastique qui maintient le coussinet bien en place, sans provoquer de compression.    <\/p>\n","protected":false},"excerpt":{"rendered":"<p>Un orteil en marteau ou en griffe peut \u00eatre tr\u00e8s douloureux, surtout lorsque l\u2019on porte des chaussures. Le coussinet pour orteils marteaux Gehwol soulage la pression sur les orteils concern\u00e9s et pr\u00e9vient les irritations cutan\u00e9es ainsi que les cors au bout des orteils. Il am\u00e9liore nettement le confort lors de la marche.Le coussinet confort pour [&hellip;]<\/p>\n","protected":false},"featured_media":48576,"comment_status":"open","ping_status":"closed","template":"","meta":{"_acf_changed":false},"product_brand":[],"product_cat":[5049,5048,6124,6270,5071,4972,4755],"product_tag":[],"class_list":{"0":"post-48578","1":"product","2":"type-product","3":"status-publish","4":"has-post-thumbnail","6":"product_cat-anti-pression","7":"product_cat-antipression-orthese","8":"product_cat-nos-marques-gehwol","9":"product_cat-anti-pression-gehwol","10":"product_cat-gehwol-soins-des-pieds","11":"product_cat-nos-marques","12":"product_cat-pedicure","13":"pa_vorm-droite","14":"pa_vorm-gauche","16":"first","17":"instock","18":"taxable","19":"shipping-taxable","20":"product-type-variable"},"acf":[],"_links":{"self":[{"href":"https:\/\/sundar.be\/fr\/wp-json\/wp\/v2\/product\/48578","targetHints":{"allow":["GET"]}}],"collection":[{"href":"https:\/\/sundar.be\/fr\/wp-json\/wp\/v2\/product"}],"about":[{"href":"https:\/\/sundar.be\/fr\/wp-json\/wp\/v2\/types\/product"}],"replies":[{"embeddable":true,"href":"https:\/\/sundar.be\/fr\/wp-json\/wp\/v2\/comments?post=48578"}],"wp:featuredmedia":[{"embeddable":true,"href":"https:\/\/sundar.be\/fr\/wp-json\/wp\/v2\/media\/48576"}],"wp:attachment":[{"href":"https:\/\/sundar.be\/fr\/wp-json\/wp\/v2\/media?parent=48578"}],"wp:term":[{"taxonomy":"product_brand","embeddable":true,"href":"https:\/\/sundar.be\/fr\/wp-json\/wp\/v2\/product_brand?post=48578"},{"taxonomy":"product_cat","embeddable":true,"href":"https:\/\/sundar.be\/fr\/wp-json\/wp\/v2\/product_cat?post=48578"},{"taxonomy":"product_tag","embeddable":true,"href":"https:\/\/sundar.be\/fr\/wp-json\/wp\/v2\/product_tag?post=48578"}],"curies":[{"name":"wp","href":"https:\/\/api.w.org\/{rel}","templated":true}]}}