{"id":48563,"date":"2025-04-02T10:40:54","date_gmt":"2025-04-02T08:40:54","guid":{"rendered":"https:\/\/sundar.be\/product\/gehwol-fluid-15ml\/"},"modified":"2025-12-15T08:51:32","modified_gmt":"2025-12-15T07:51:32","slug":"gehwol-fluid-15ml","status":"publish","type":"product","link":"https:\/\/sundar.be\/fr\/produit\/gehwol-fluid-15ml\/","title":{"rendered":"Gehwol Fluid, 15ml"},"content":{"rendered":"<p data-start=\"258\" data-end=\"642\">Le <span style=\"color: #557e96;\"><strong>Gehwol Fluide<\/strong><\/span> est un soin cibl\u00e9 qui assouplit, apaise et soutient les bords de l\u2019ongle ainsi que la peau environnante. Sa formule l\u00e9g\u00e8re et intens\u00e9ment active aide \u00e0 assouplir les bourrelets ongulaires durcis et apporte confort en cas de pression, d\u2019irritation ou d\u2019ongles incarn\u00e9s. Gr\u00e2ce \u00e0 sa combinaison puissante de bisabolol, d\u2019huile de clou de girofle et de thymol, ce produit est id\u00e9al pour un soin pr\u00e9cis des ongles et de la peau.  <\/p>\n","protected":false},"excerpt":{"rendered":"<p>Ce fluide intensif assouplit les bords d\u2019ongles durcis et soutient les zones sensibles autour de l\u2019ongle. Avec du bisabolol, de l\u2019huile de clou de girofle et du thymol, il apporte confort, protection et soulagement en cas d\u2019ongles incarn\u00e9s. <\/p>\n","protected":false},"featured_media":48559,"comment_status":"open","ping_status":"closed","template":"","meta":{"_acf_changed":false},"product_brand":[],"product_cat":[5000,5271,6124,6322,5071,4972,5274,5001,4755,5002,4999],"product_tag":[],"class_list":{"0":"post-48563","1":"product","2":"type-product","3":"status-publish","4":"has-post-thumbnail","6":"product_cat-callosites-crevasses","7":"product_cat-cors-au-pieds","8":"product_cat-nos-marques-gehwol","9":"product_cat-gehwol-classic","10":"product_cat-gehwol-soins-des-pieds","11":"product_cat-nos-marques","12":"product_cat-ongles-incarnes","13":"product_cat-outils-pedicure","14":"product_cat-pedicure","15":"product_cat-ramollisseurs-callosites","16":"product_cat-soins-specifique-pieds","18":"first","19":"instock","20":"taxable","21":"shipping-taxable","22":"product-type-simple"},"acf":[],"_links":{"self":[{"href":"https:\/\/sundar.be\/fr\/wp-json\/wp\/v2\/product\/48563","targetHints":{"allow":["GET"]}}],"collection":[{"href":"https:\/\/sundar.be\/fr\/wp-json\/wp\/v2\/product"}],"about":[{"href":"https:\/\/sundar.be\/fr\/wp-json\/wp\/v2\/types\/product"}],"replies":[{"embeddable":true,"href":"https:\/\/sundar.be\/fr\/wp-json\/wp\/v2\/comments?post=48563"}],"wp:featuredmedia":[{"embeddable":true,"href":"https:\/\/sundar.be\/fr\/wp-json\/wp\/v2\/media\/48559"}],"wp:attachment":[{"href":"https:\/\/sundar.be\/fr\/wp-json\/wp\/v2\/media?parent=48563"}],"wp:term":[{"taxonomy":"product_brand","embeddable":true,"href":"https:\/\/sundar.be\/fr\/wp-json\/wp\/v2\/product_brand?post=48563"},{"taxonomy":"product_cat","embeddable":true,"href":"https:\/\/sundar.be\/fr\/wp-json\/wp\/v2\/product_cat?post=48563"},{"taxonomy":"product_tag","embeddable":true,"href":"https:\/\/sundar.be\/fr\/wp-json\/wp\/v2\/product_tag?post=48563"}],"curies":[{"name":"wp","href":"https:\/\/api.w.org\/{rel}","templated":true}]}}