{"id":48556,"date":"2025-04-02T10:34:43","date_gmt":"2025-04-02T08:34:43","guid":{"rendered":"https:\/\/sundar.be\/product\/gehwol-correcteur-g-3-pieces\/"},"modified":"2025-11-26T12:18:39","modified_gmt":"2025-11-26T11:18:39","slug":"gehwol-correcteur-g-3-pieces","status":"publish","type":"product","link":"https:\/\/sundar.be\/fr\/produit\/gehwol-correcteur-g-3-pieces\/","title":{"rendered":"Gehwol Correcteur G, 3 pi\u00e8ces"},"content":{"rendered":"<p>Pour soulager les douleurs li\u00e9es \u00e0 un orteil en marteau. Redresse doucement l\u2019orteil et le ram\u00e8ne progressivement dans sa position naturelle. L\u2019articulation de l\u2019orteil est soulag\u00e9e et la formation de callosit\u00e9s est r\u00e9duite.  <\/p>\n","protected":false},"excerpt":{"rendered":"<p>Pour soulager les douleurs li\u00e9es \u00e0 un orteil en marteau. Redresse doucement l\u2019orteil et le ram\u00e8ne progressivement dans sa position naturelle. L\u2019articulation de l\u2019orteil est soulag\u00e9e et la formation de callosit\u00e9s est r\u00e9duite.<\/p>\n","protected":false},"featured_media":48555,"comment_status":"open","ping_status":"closed","template":"","meta":{"_acf_changed":false},"product_brand":[],"product_cat":[5049,5048,6124,6270,5071,4972,4755],"product_tag":[],"class_list":{"0":"post-48556","1":"product","2":"type-product","3":"status-publish","4":"has-post-thumbnail","6":"product_cat-anti-pression","7":"product_cat-antipression-orthese","8":"product_cat-nos-marques-gehwol","9":"product_cat-anti-pression-gehwol","10":"product_cat-gehwol-soins-des-pieds","11":"product_cat-nos-marques","12":"product_cat-pedicure","14":"first","15":"instock","16":"taxable","17":"shipping-taxable","18":"product-type-simple"},"acf":[],"_links":{"self":[{"href":"https:\/\/sundar.be\/fr\/wp-json\/wp\/v2\/product\/48556","targetHints":{"allow":["GET"]}}],"collection":[{"href":"https:\/\/sundar.be\/fr\/wp-json\/wp\/v2\/product"}],"about":[{"href":"https:\/\/sundar.be\/fr\/wp-json\/wp\/v2\/types\/product"}],"replies":[{"embeddable":true,"href":"https:\/\/sundar.be\/fr\/wp-json\/wp\/v2\/comments?post=48556"}],"wp:featuredmedia":[{"embeddable":true,"href":"https:\/\/sundar.be\/fr\/wp-json\/wp\/v2\/media\/48555"}],"wp:attachment":[{"href":"https:\/\/sundar.be\/fr\/wp-json\/wp\/v2\/media?parent=48556"}],"wp:term":[{"taxonomy":"product_brand","embeddable":true,"href":"https:\/\/sundar.be\/fr\/wp-json\/wp\/v2\/product_brand?post=48556"},{"taxonomy":"product_cat","embeddable":true,"href":"https:\/\/sundar.be\/fr\/wp-json\/wp\/v2\/product_cat?post=48556"},{"taxonomy":"product_tag","embeddable":true,"href":"https:\/\/sundar.be\/fr\/wp-json\/wp\/v2\/product_tag?post=48556"}],"curies":[{"name":"wp","href":"https:\/\/api.w.org\/{rel}","templated":true}]}}