{"id":48551,"date":"2025-04-02T10:30:47","date_gmt":"2025-04-02T08:30:47","guid":{"rendered":"https:\/\/sundar.be\/product\/gehwol-emollient-pour-callosites-25-uree-500-ml\/"},"modified":"2025-12-15T08:56:39","modified_gmt":"2025-12-15T07:56:39","slug":"gehwol-emollient-pour-callosites-25-uree-500-ml","status":"publish","type":"product","link":"https:\/\/sundar.be\/fr\/produit\/gehwol-emollient-pour-callosites-25-uree-500-ml\/","title":{"rendered":"Gehwol \u00c9mollient pour Callosit\u00e9s 25 % Ur\u00e9e, 500 ml"},"content":{"rendered":"<p>Le <span style=\"color: #557e96;\"><strong>Gehwol Ramollisseur pour Callosit\u00e9s 25% Ur\u00e9e<\/strong><\/span> est un gel puissant \u00e0 usage professionnel, sp\u00e9cialement formul\u00e9 pour assouplir efficacement les callosit\u00e9s et la peau durcie. Gr\u00e2ce \u00e0 sa forte concentration en ur\u00e9e et \u00e0 ses composants adoucissants, la peau devient rapidement plus souple, facilitant ainsi l\u2019\u00e9limination des callosit\u00e9s de mani\u00e8re plus confortable. Id\u00e9al pour une utilisation en p\u00e9dicurie professionnelle ou pour un soin intensif \u00e0 domicile.  <\/p>\n","protected":false},"excerpt":{"rendered":"<p data-start=\"718\" data-end=\"920\">Ce ramollisseur intensif avec 25% d\u2019ur\u00e9e assouplit rapidement la peau durcie et rend les callosit\u00e9s plus faciles \u00e0 retirer. Parfait pour les soins professionnels ou \u00e0 domicile des zones tr\u00e8s s\u00e8ches, rugueuses ou \u00e9paissies. <\/p>\n","protected":false},"featured_media":48550,"comment_status":"open","ping_status":"closed","template":"","meta":{"_acf_changed":false},"product_brand":[],"product_cat":[6124,6322,5071,4972,5001,4755,5002],"product_tag":[],"class_list":{"0":"post-48551","1":"product","2":"type-product","3":"status-publish","4":"has-post-thumbnail","6":"product_cat-nos-marques-gehwol","7":"product_cat-gehwol-classic","8":"product_cat-gehwol-soins-des-pieds","9":"product_cat-nos-marques","10":"product_cat-outils-pedicure","11":"product_cat-pedicure","12":"product_cat-ramollisseurs-callosites","14":"first","15":"instock","16":"taxable","17":"shipping-taxable","18":"product-type-simple"},"acf":[],"_links":{"self":[{"href":"https:\/\/sundar.be\/fr\/wp-json\/wp\/v2\/product\/48551","targetHints":{"allow":["GET"]}}],"collection":[{"href":"https:\/\/sundar.be\/fr\/wp-json\/wp\/v2\/product"}],"about":[{"href":"https:\/\/sundar.be\/fr\/wp-json\/wp\/v2\/types\/product"}],"replies":[{"embeddable":true,"href":"https:\/\/sundar.be\/fr\/wp-json\/wp\/v2\/comments?post=48551"}],"wp:featuredmedia":[{"embeddable":true,"href":"https:\/\/sundar.be\/fr\/wp-json\/wp\/v2\/media\/48550"}],"wp:attachment":[{"href":"https:\/\/sundar.be\/fr\/wp-json\/wp\/v2\/media?parent=48551"}],"wp:term":[{"taxonomy":"product_brand","embeddable":true,"href":"https:\/\/sundar.be\/fr\/wp-json\/wp\/v2\/product_brand?post=48551"},{"taxonomy":"product_cat","embeddable":true,"href":"https:\/\/sundar.be\/fr\/wp-json\/wp\/v2\/product_cat?post=48551"},{"taxonomy":"product_tag","embeddable":true,"href":"https:\/\/sundar.be\/fr\/wp-json\/wp\/v2\/product_tag?post=48551"}],"curies":[{"name":"wp","href":"https:\/\/api.w.org\/{rel}","templated":true}]}}