{"id":48547,"date":"2025-04-02T10:20:33","date_gmt":"2025-04-02T08:20:33","guid":{"rendered":"https:\/\/sundar.be\/product\/gehwol-bain-de-pieds-creme-150-ml\/"},"modified":"2025-12-15T08:57:02","modified_gmt":"2025-12-15T07:57:02","slug":"gehwol-bain-de-pieds-creme-150-ml","status":"publish","type":"product","link":"https:\/\/sundar.be\/fr\/produit\/gehwol-bain-de-pieds-creme-150-ml\/","title":{"rendered":"Gehwol Bain de Pieds Cr\u00e8me, 150 ml"},"content":{"rendered":"<p>Le <span style=\"color: #557e96;\"><strong>Gehwol Bain de Pieds Cr\u00e8me<\/strong><\/span> est un concentr\u00e9 de bain de pieds nourrissant et relaxant qui nettoie la peau, l\u2019adoucit et procure une agr\u00e9able sensation de fra\u00eecheur. Sa formule douce et cr\u00e9meuse combine des agents nettoyants d\u00e9licats avec des huiles de lavande et du menthol rafra\u00eechissant, apaisant et revitalisant les pieds tout en les pr\u00e9parant parfaitement aux soins suivants. Id\u00e9al comme rituel d\u00e9tente apr\u00e8s une journ\u00e9e charg\u00e9e ou comme \u00e9tape professionnelle pr\u00e9paratoire dans les traitements de p\u00e9dicurie.  <\/p>\n","protected":false},"excerpt":{"rendered":"<p>Ce bain de pieds cr\u00e9meux adoucit la peau, rafra\u00eechit et d\u00e9tend gr\u00e2ce \u00e0 l\u2019huile de lavande et au menthol. Les pieds sont nettoy\u00e9s en profondeur et parfaitement pr\u00e9par\u00e9s pour les soins suivants. <\/p>\n","protected":false},"featured_media":48546,"comment_status":"open","ping_status":"closed","template":"","meta":{"_acf_changed":false},"product_brand":[],"product_cat":[5055,6124,6322,5071,5257,4972,4755,5056,4999],"product_tag":[],"class_list":{"0":"post-48547","1":"product","2":"type-product","3":"status-publish","4":"has-post-thumbnail","6":"product_cat-bains-pieds-gommage","7":"product_cat-nos-marques-gehwol","8":"product_cat-gehwol-classic","9":"product_cat-gehwol-soins-des-pieds","10":"product_cat-jambes-pieds-fatigues","11":"product_cat-nos-marques","12":"product_cat-pedicure","13":"product_cat-produits-bain-pieds","14":"product_cat-soins-specifique-pieds","16":"first","17":"instock","18":"taxable","19":"shipping-taxable","20":"product-type-simple"},"acf":[],"_links":{"self":[{"href":"https:\/\/sundar.be\/fr\/wp-json\/wp\/v2\/product\/48547","targetHints":{"allow":["GET"]}}],"collection":[{"href":"https:\/\/sundar.be\/fr\/wp-json\/wp\/v2\/product"}],"about":[{"href":"https:\/\/sundar.be\/fr\/wp-json\/wp\/v2\/types\/product"}],"replies":[{"embeddable":true,"href":"https:\/\/sundar.be\/fr\/wp-json\/wp\/v2\/comments?post=48547"}],"wp:featuredmedia":[{"embeddable":true,"href":"https:\/\/sundar.be\/fr\/wp-json\/wp\/v2\/media\/48546"}],"wp:attachment":[{"href":"https:\/\/sundar.be\/fr\/wp-json\/wp\/v2\/media?parent=48547"}],"wp:term":[{"taxonomy":"product_brand","embeddable":true,"href":"https:\/\/sundar.be\/fr\/wp-json\/wp\/v2\/product_brand?post=48547"},{"taxonomy":"product_cat","embeddable":true,"href":"https:\/\/sundar.be\/fr\/wp-json\/wp\/v2\/product_cat?post=48547"},{"taxonomy":"product_tag","embeddable":true,"href":"https:\/\/sundar.be\/fr\/wp-json\/wp\/v2\/product_tag?post=48547"}],"curies":[{"name":"wp","href":"https:\/\/api.w.org\/{rel}","templated":true}]}}