{"id":48540,"date":"2025-04-02T10:03:13","date_gmt":"2025-04-02T08:03:13","guid":{"rendered":"https:\/\/sundar.be\/product\/gehwol-creme-intensive\/"},"modified":"2025-12-15T08:57:23","modified_gmt":"2025-12-15T07:57:23","slug":"gehwol-creme-intensive","status":"publish","type":"product","link":"https:\/\/sundar.be\/fr\/produit\/gehwol-creme-intensive\/","title":{"rendered":"Gehwol Cr\u00e8me Intensive"},"content":{"rendered":"<p>La <span style=\"color: #557e96;\"><strong>Gehwol Cr\u00e8me Intensive<\/strong><\/span> est une cr\u00e8me hautement nourrissante et hydratante qui adoucit intens\u00e9ment les pieds secs, rugueux et tendus. Sa formule associe ur\u00e9e, lanoline et huiles v\u00e9g\u00e9tales apaisantes pour assouplir la peau, la nourrir et la revitaliser. Id\u00e9ale pour les pieds ayant besoin de confort suppl\u00e9mentaire, de r\u00e9paration et d\u2019une protection quotidienne.<\/p>\n","protected":false},"excerpt":{"rendered":"<p>Cette cr\u00e8me riche hydrate et adoucit les pieds secs gr\u00e2ce \u00e0 l\u2019ur\u00e9e, \u00e0 la lanoline et aux huiles v\u00e9g\u00e9tales. La peau est intens\u00e9ment nourrie, plus confortable et retrouve une texture souple et durable.<\/p>\n","protected":false},"featured_media":48539,"comment_status":"open","ping_status":"closed","template":"","meta":{"_acf_changed":false},"product_brand":[],"product_cat":[4998,5054,6124,6323,5071,4972,4755,4999,4996],"product_tag":[],"class_list":{"0":"post-48540","1":"product","2":"type-product","3":"status-publish","4":"has-post-thumbnail","6":"product_cat-cremes-lotions-pieds","7":"product_cat-cremes-diabetiques","8":"product_cat-nos-marques-gehwol","9":"product_cat-gehwol-fusskraft","10":"product_cat-gehwol-soins-des-pieds","11":"product_cat-nos-marques","12":"product_cat-pedicure","13":"product_cat-soins-specifique-pieds","14":"product_cat-soins-quotidiens-des-pieds","15":"pa_inhoud-125ml-fr","16":"pa_inhoud-50-ml-fr","17":"pa_inhoud-500-ml-fr","18":"pa_inhoud-75-ml-fr","20":"first","21":"instock","22":"taxable","23":"shipping-taxable","24":"product-type-variable"},"acf":[],"_links":{"self":[{"href":"https:\/\/sundar.be\/fr\/wp-json\/wp\/v2\/product\/48540","targetHints":{"allow":["GET"]}}],"collection":[{"href":"https:\/\/sundar.be\/fr\/wp-json\/wp\/v2\/product"}],"about":[{"href":"https:\/\/sundar.be\/fr\/wp-json\/wp\/v2\/types\/product"}],"replies":[{"embeddable":true,"href":"https:\/\/sundar.be\/fr\/wp-json\/wp\/v2\/comments?post=48540"}],"wp:featuredmedia":[{"embeddable":true,"href":"https:\/\/sundar.be\/fr\/wp-json\/wp\/v2\/media\/48539"}],"wp:attachment":[{"href":"https:\/\/sundar.be\/fr\/wp-json\/wp\/v2\/media?parent=48540"}],"wp:term":[{"taxonomy":"product_brand","embeddable":true,"href":"https:\/\/sundar.be\/fr\/wp-json\/wp\/v2\/product_brand?post=48540"},{"taxonomy":"product_cat","embeddable":true,"href":"https:\/\/sundar.be\/fr\/wp-json\/wp\/v2\/product_cat?post=48540"},{"taxonomy":"product_tag","embeddable":true,"href":"https:\/\/sundar.be\/fr\/wp-json\/wp\/v2\/product_tag?post=48540"}],"curies":[{"name":"wp","href":"https:\/\/api.w.org\/{rel}","templated":true}]}}