{"id":48525,"date":"2025-04-02T09:47:53","date_gmt":"2025-04-02T07:47:53","guid":{"rendered":"https:\/\/sundar.be\/product\/gehwol-baume-jambes\/"},"modified":"2025-12-15T08:57:49","modified_gmt":"2025-12-15T07:57:49","slug":"gehwol-baume-jambes","status":"publish","type":"product","link":"https:\/\/sundar.be\/fr\/produit\/gehwol-baume-jambes\/","title":{"rendered":"Gehwol Baume Jambes"},"content":{"rendered":"<p>Le <span style=\"color: #557e96;\"><strong>Gehwol Baume pour les Jambes<\/strong><\/span> est un baume rafra\u00eechissant, apaisant et hydratant qui soulage imm\u00e9diatement les jambes fatigu\u00e9es, lourdes et sensibles. Sa formule l\u00e9g\u00e8re et rapidement absorb\u00e9e associe des extraits v\u00e9g\u00e9taux apaisants, du panth\u00e9nol et du menthol pour calmer la peau, la renforcer et offrir une sensation de fra\u00eecheur durable. Id\u00e9al pour les personnes qui restent longtemps debout, marchent beaucoup ou souffrent r\u00e9guli\u00e8rement d\u2019une sensation de lourdeur dans les jambes.  <\/p>\n","protected":false},"excerpt":{"rendered":"<p data-start=\"750\" data-end=\"941\">Ce baume rafra\u00eechissant de Gehwol soulage la sensation de jambes lourdes et fatigu\u00e9es. Gr\u00e2ce \u00e0 l\u2019hamam\u00e9lis, au panth\u00e9nol et au menthol, la peau retrouve imm\u00e9diatement fra\u00eecheur, confort et apaisement. <\/p>\n","protected":false},"featured_media":48524,"comment_status":"open","ping_status":"closed","template":"","meta":{"_acf_changed":false},"product_brand":[],"product_cat":[5054,6124,6322,5071,5257,4972,4755,4999],"product_tag":[],"class_list":{"0":"post-48525","1":"product","2":"type-product","3":"status-publish","4":"has-post-thumbnail","6":"product_cat-cremes-diabetiques","7":"product_cat-nos-marques-gehwol","8":"product_cat-gehwol-classic","9":"product_cat-gehwol-soins-des-pieds","10":"product_cat-jambes-pieds-fatigues","11":"product_cat-nos-marques","12":"product_cat-pedicure","13":"product_cat-soins-specifique-pieds","14":"pa_inhoud-125ml-fr","15":"pa_inhoud-500-ml-fr","17":"first","18":"instock","19":"taxable","20":"shipping-taxable","21":"product-type-variable"},"acf":[],"_links":{"self":[{"href":"https:\/\/sundar.be\/fr\/wp-json\/wp\/v2\/product\/48525","targetHints":{"allow":["GET"]}}],"collection":[{"href":"https:\/\/sundar.be\/fr\/wp-json\/wp\/v2\/product"}],"about":[{"href":"https:\/\/sundar.be\/fr\/wp-json\/wp\/v2\/types\/product"}],"replies":[{"embeddable":true,"href":"https:\/\/sundar.be\/fr\/wp-json\/wp\/v2\/comments?post=48525"}],"wp:featuredmedia":[{"embeddable":true,"href":"https:\/\/sundar.be\/fr\/wp-json\/wp\/v2\/media\/48524"}],"wp:attachment":[{"href":"https:\/\/sundar.be\/fr\/wp-json\/wp\/v2\/media?parent=48525"}],"wp:term":[{"taxonomy":"product_brand","embeddable":true,"href":"https:\/\/sundar.be\/fr\/wp-json\/wp\/v2\/product_brand?post=48525"},{"taxonomy":"product_cat","embeddable":true,"href":"https:\/\/sundar.be\/fr\/wp-json\/wp\/v2\/product_cat?post=48525"},{"taxonomy":"product_tag","embeddable":true,"href":"https:\/\/sundar.be\/fr\/wp-json\/wp\/v2\/product_tag?post=48525"}],"curies":[{"name":"wp","href":"https:\/\/api.w.org\/{rel}","templated":true}]}}