{"id":48514,"date":"2025-04-02T09:26:06","date_gmt":"2025-04-02T07:26:06","guid":{"rendered":"https:\/\/sundar.be\/product\/gehwol-creme-jambes-vitalite\/"},"modified":"2025-12-15T08:58:17","modified_gmt":"2025-12-15T07:58:17","slug":"gehwol-creme-jambes-vitalite","status":"publish","type":"product","link":"https:\/\/sundar.be\/fr\/produit\/gehwol-creme-jambes-vitalite\/","title":{"rendered":"Gehwol Cr\u00e8me Jambes Vitalit\u00e9"},"content":{"rendered":"<p>La <span style=\"color: #557e96;\"><strong>Gehwol Cr\u00e8me Vitalit\u00e9 pour les Jambes<\/strong><\/span> est une cr\u00e8me activante, hydratante et revitalisante qui apporte un confort imm\u00e9diat aux jambes fatigu\u00e9es et sollicit\u00e9es. Sa formule associe des huiles nourrissantes, des extraits raffermissants et des agents apaisants pour rafra\u00eechir, renforcer et soigner la peau des jambes. Id\u00e9ale pour les personnes qui restent longtemps debout, marchent beaucoup ou souffrent d\u2019une sensation de lourdeur dans les jambes.  <\/p>\n","protected":false},"excerpt":{"rendered":"<p>Cette cr\u00e8me vitalisante pour les jambes de Gehwol rafra\u00eechit, hydrate et soutient les jambes fatigu\u00e9es. Gr\u00e2ce \u00e0 l\u2019hamam\u00e9lis, \u00e0 l\u2019huile d\u2019avocat et \u00e0 l\u2019extrait de fucus, la peau para\u00eet plus ferme, apais\u00e9e et confortable. <\/p>\n","protected":false},"featured_media":48512,"comment_status":"open","ping_status":"closed","template":"","meta":{"_acf_changed":false},"product_brand":[],"product_cat":[5054,6124,6323,5071,5257,4972,4755,4999],"product_tag":[],"class_list":{"0":"post-48514","1":"product","2":"type-product","3":"status-publish","4":"has-post-thumbnail","6":"product_cat-cremes-diabetiques","7":"product_cat-nos-marques-gehwol","8":"product_cat-gehwol-fusskraft","9":"product_cat-gehwol-soins-des-pieds","10":"product_cat-jambes-pieds-fatigues","11":"product_cat-nos-marques","12":"product_cat-pedicure","13":"product_cat-soins-specifique-pieds","14":"pa_inhoud-125ml-fr","15":"pa_inhoud-500-ml-fr","17":"first","18":"instock","19":"taxable","20":"shipping-taxable","21":"product-type-variable"},"acf":[],"_links":{"self":[{"href":"https:\/\/sundar.be\/fr\/wp-json\/wp\/v2\/product\/48514","targetHints":{"allow":["GET"]}}],"collection":[{"href":"https:\/\/sundar.be\/fr\/wp-json\/wp\/v2\/product"}],"about":[{"href":"https:\/\/sundar.be\/fr\/wp-json\/wp\/v2\/types\/product"}],"replies":[{"embeddable":true,"href":"https:\/\/sundar.be\/fr\/wp-json\/wp\/v2\/comments?post=48514"}],"wp:featuredmedia":[{"embeddable":true,"href":"https:\/\/sundar.be\/fr\/wp-json\/wp\/v2\/media\/48512"}],"wp:attachment":[{"href":"https:\/\/sundar.be\/fr\/wp-json\/wp\/v2\/media?parent=48514"}],"wp:term":[{"taxonomy":"product_brand","embeddable":true,"href":"https:\/\/sundar.be\/fr\/wp-json\/wp\/v2\/product_brand?post=48514"},{"taxonomy":"product_cat","embeddable":true,"href":"https:\/\/sundar.be\/fr\/wp-json\/wp\/v2\/product_cat?post=48514"},{"taxonomy":"product_tag","embeddable":true,"href":"https:\/\/sundar.be\/fr\/wp-json\/wp\/v2\/product_tag?post=48514"}],"curies":[{"name":"wp","href":"https:\/\/api.w.org\/{rel}","templated":true}]}}