{"id":48503,"date":"2025-04-02T08:52:18","date_gmt":"2025-04-02T06:52:18","guid":{"rendered":"https:\/\/sundar.be\/product\/gehwol-baume-peau-normale-75ml\/"},"modified":"2025-12-15T08:58:41","modified_gmt":"2025-12-15T07:58:41","slug":"gehwol-baume-peau-normale-75ml","status":"publish","type":"product","link":"https:\/\/sundar.be\/fr\/produit\/gehwol-baume-peau-normale-75ml\/","title":{"rendered":"Gehwol Baume Peau Normale, 75ml"},"content":{"rendered":"<p>Le <span style=\"color: #557e96;\"><strong>Gehwol Baume Peau Normale<\/strong><\/span> est un baume rafra\u00eechissant et hydratant qui soigne, adoucit et revitalise la peau des pieds. Sa formule l\u00e9g\u00e8re \u00e0 base d\u2019huile de jojoba, de lavande et de menthol p\u00e9n\u00e8tre rapidement, rafra\u00eechit les pieds fatigu\u00e9s et aide \u00e0 maintenir la peau en condition optimale. Id\u00e9al pour les soins quotidiens et pour tous ceux qui souhaitent conserver des pieds doux, frais et bien entretenus.  <\/p>\n","protected":false},"excerpt":{"rendered":"<p>Ce baume rafra\u00eechissant hydrate et soigne les peaux normales gr\u00e2ce \u00e0 l\u2019huile de jojoba et \u00e0 la lavande. La peau devient douce, fra\u00eeche et souple apr\u00e8s chaque application. <\/p>\n","protected":false},"featured_media":48501,"comment_status":"open","ping_status":"closed","template":"","meta":{"_acf_changed":false},"product_brand":[],"product_cat":[4998,6124,6322,5071,4972,4755,4996],"product_tag":[],"class_list":{"0":"post-48503","1":"product","2":"type-product","3":"status-publish","4":"has-post-thumbnail","6":"product_cat-cremes-lotions-pieds","7":"product_cat-nos-marques-gehwol","8":"product_cat-gehwol-classic","9":"product_cat-gehwol-soins-des-pieds","10":"product_cat-nos-marques","11":"product_cat-pedicure","12":"product_cat-soins-quotidiens-des-pieds","14":"first","15":"instock","16":"taxable","17":"shipping-taxable","18":"product-type-simple"},"acf":[],"_links":{"self":[{"href":"https:\/\/sundar.be\/fr\/wp-json\/wp\/v2\/product\/48503","targetHints":{"allow":["GET"]}}],"collection":[{"href":"https:\/\/sundar.be\/fr\/wp-json\/wp\/v2\/product"}],"about":[{"href":"https:\/\/sundar.be\/fr\/wp-json\/wp\/v2\/types\/product"}],"replies":[{"embeddable":true,"href":"https:\/\/sundar.be\/fr\/wp-json\/wp\/v2\/comments?post=48503"}],"wp:featuredmedia":[{"embeddable":true,"href":"https:\/\/sundar.be\/fr\/wp-json\/wp\/v2\/media\/48501"}],"wp:attachment":[{"href":"https:\/\/sundar.be\/fr\/wp-json\/wp\/v2\/media?parent=48503"}],"wp:term":[{"taxonomy":"product_brand","embeddable":true,"href":"https:\/\/sundar.be\/fr\/wp-json\/wp\/v2\/product_brand?post=48503"},{"taxonomy":"product_cat","embeddable":true,"href":"https:\/\/sundar.be\/fr\/wp-json\/wp\/v2\/product_cat?post=48503"},{"taxonomy":"product_tag","embeddable":true,"href":"https:\/\/sundar.be\/fr\/wp-json\/wp\/v2\/product_tag?post=48503"}],"curies":[{"name":"wp","href":"https:\/\/api.w.org\/{rel}","templated":true}]}}