{"id":48492,"date":"2025-04-02T08:40:27","date_gmt":"2025-04-02T06:40:27","guid":{"rendered":"https:\/\/sundar.be\/product\/gehwol-deodorant-pieds-chaussures-150-ml\/"},"modified":"2025-12-15T08:59:09","modified_gmt":"2025-12-15T07:59:09","slug":"gehwol-deodorant-pieds-chaussures-150-ml","status":"publish","type":"product","link":"https:\/\/sundar.be\/fr\/produit\/gehwol-deodorant-pieds-chaussures-150-ml\/","title":{"rendered":"Gehwol D\u00e9odorant Pieds + Chaussures, 150 ml"},"content":{"rendered":"<p>Le <span style=\"color: #557e96;\"><strong>Gehwol D\u00e9odorant Pieds + Chaussures<\/strong><\/span> est un spray d\u00e9odorant puissant et rafra\u00eechissant qui garde aussi bien les pieds que les chaussures frais pendant longtemps. La formule neutralise les mauvaises odeurs, rafra\u00eechit instantan\u00e9ment et soutient un environnement hygi\u00e9nique gr\u00e2ce \u00e0 des ingr\u00e9dients protecteurs et purifiants. Id\u00e9al pour un usage quotidien, le sport, les chaussures de travail ou lorsque des pieds frais sont indispensables.  <\/p>\n","protected":false},"excerpt":{"rendered":"<p>Ce spray d\u00e9odorant de Gehwol r\u00e9duit efficacement les odeurs des pieds et des chaussures tout en offrant une fra\u00eecheur durable. Gr\u00e2ce au zinc ricinol\u00e9ate, \u00e0 l\u2019und\u00e9cyl\u00e9namide et \u00e0 l\u2019oct\u00e9nidine, pieds et chaussures restent propres et confortables. <\/p>\n","protected":false},"featured_media":48491,"comment_status":"open","ping_status":"closed","template":"","meta":{"_acf_changed":false},"product_brand":[],"product_cat":[4997,6124,6322,5071,5004,4972,4755,4996],"product_tag":[],"class_list":{"0":"post-48492","1":"product","2":"type-product","3":"status-publish","4":"has-post-thumbnail","6":"product_cat-anti-transpirants","7":"product_cat-nos-marques-gehwol","8":"product_cat-gehwol-classic","9":"product_cat-gehwol-soins-des-pieds","10":"product_cat-ideal-pour-les-sportifs","11":"product_cat-nos-marques","12":"product_cat-pedicure","13":"product_cat-soins-quotidiens-des-pieds","15":"first","16":"instock","17":"taxable","18":"shipping-taxable","19":"product-type-simple"},"acf":[],"_links":{"self":[{"href":"https:\/\/sundar.be\/fr\/wp-json\/wp\/v2\/product\/48492","targetHints":{"allow":["GET"]}}],"collection":[{"href":"https:\/\/sundar.be\/fr\/wp-json\/wp\/v2\/product"}],"about":[{"href":"https:\/\/sundar.be\/fr\/wp-json\/wp\/v2\/types\/product"}],"replies":[{"embeddable":true,"href":"https:\/\/sundar.be\/fr\/wp-json\/wp\/v2\/comments?post=48492"}],"wp:featuredmedia":[{"embeddable":true,"href":"https:\/\/sundar.be\/fr\/wp-json\/wp\/v2\/media\/48491"}],"wp:attachment":[{"href":"https:\/\/sundar.be\/fr\/wp-json\/wp\/v2\/media?parent=48492"}],"wp:term":[{"taxonomy":"product_brand","embeddable":true,"href":"https:\/\/sundar.be\/fr\/wp-json\/wp\/v2\/product_brand?post=48492"},{"taxonomy":"product_cat","embeddable":true,"href":"https:\/\/sundar.be\/fr\/wp-json\/wp\/v2\/product_cat?post=48492"},{"taxonomy":"product_tag","embeddable":true,"href":"https:\/\/sundar.be\/fr\/wp-json\/wp\/v2\/product_tag?post=48492"}],"curies":[{"name":"wp","href":"https:\/\/api.w.org\/{rel}","templated":true}]}}