{"id":48484,"date":"2025-04-01T17:52:52","date_gmt":"2025-04-01T15:52:52","guid":{"rendered":"https:\/\/sundar.be\/product\/gehwol-baume-adoucissant-125ml\/"},"modified":"2025-11-27T13:04:15","modified_gmt":"2025-11-27T12:04:15","slug":"gehwol-baume-adoucissant-125ml","status":"publish","type":"product","link":"https:\/\/sundar.be\/fr\/produit\/gehwol-baume-adoucissant-125ml\/","title":{"rendered":"Gehwol Baume Adoucissant, 125ml"},"content":{"rendered":"<p>Le <strong>Gehwol Softening Baume<\/strong> est un baume pour les pieds intens\u00e9ment hydratant et nourrissant qui rend la peau imm\u00e9diatement plus douce, souple et confortable. Sa formule riche \u00e0 base d\u2019ur\u00e9e, d\u2019huile d\u2019avocat et d\u2019extrait de miel nourrit la peau en profondeur, r\u00e9duit la rugosit\u00e9 et favorise la r\u00e9paration des zones s\u00e8ches ou sollicit\u00e9es. Id\u00e9al pour les soins quotidiens de tous ceux qui souhaitent des pieds doux, lisses et parfaitement entretenus.  <\/p>\n","protected":false},"excerpt":{"rendered":"<p>Ce baume doux et nourrissant rend les pieds secs imm\u00e9diatement souples gr\u00e2ce \u00e0 l\u2019ur\u00e9e, l\u2019huile d\u2019avocat et l\u2019extrait de miel. La peau devient lisse, hydrat\u00e9e et durablement confortable. <\/p>\n","protected":false},"featured_media":48482,"comment_status":"open","ping_status":"closed","template":"","meta":{"_acf_changed":false},"product_brand":[],"product_cat":[4998,5054,6124,6322,5071,4972,4755,4999,4996],"product_tag":[],"class_list":{"0":"post-48484","1":"product","2":"type-product","3":"status-publish","4":"has-post-thumbnail","6":"product_cat-cremes-lotions-pieds","7":"product_cat-cremes-diabetiques","8":"product_cat-nos-marques-gehwol","9":"product_cat-gehwol-classic","10":"product_cat-gehwol-soins-des-pieds","11":"product_cat-nos-marques","12":"product_cat-pedicure","13":"product_cat-soins-specifique-pieds","14":"product_cat-soins-quotidiens-des-pieds","16":"first","17":"instock","18":"taxable","19":"shipping-taxable","20":"product-type-simple"},"acf":[],"_links":{"self":[{"href":"https:\/\/sundar.be\/fr\/wp-json\/wp\/v2\/product\/48484","targetHints":{"allow":["GET"]}}],"collection":[{"href":"https:\/\/sundar.be\/fr\/wp-json\/wp\/v2\/product"}],"about":[{"href":"https:\/\/sundar.be\/fr\/wp-json\/wp\/v2\/types\/product"}],"replies":[{"embeddable":true,"href":"https:\/\/sundar.be\/fr\/wp-json\/wp\/v2\/comments?post=48484"}],"wp:featuredmedia":[{"embeddable":true,"href":"https:\/\/sundar.be\/fr\/wp-json\/wp\/v2\/media\/48482"}],"wp:attachment":[{"href":"https:\/\/sundar.be\/fr\/wp-json\/wp\/v2\/media?parent=48484"}],"wp:term":[{"taxonomy":"product_brand","embeddable":true,"href":"https:\/\/sundar.be\/fr\/wp-json\/wp\/v2\/product_brand?post=48484"},{"taxonomy":"product_cat","embeddable":true,"href":"https:\/\/sundar.be\/fr\/wp-json\/wp\/v2\/product_cat?post=48484"},{"taxonomy":"product_tag","embeddable":true,"href":"https:\/\/sundar.be\/fr\/wp-json\/wp\/v2\/product_tag?post=48484"}],"curies":[{"name":"wp","href":"https:\/\/api.w.org\/{rel}","templated":true}]}}