{"id":48460,"date":"2025-04-01T14:19:00","date_gmt":"2025-04-01T12:19:00","guid":{"rendered":"https:\/\/sundar.be\/product\/gehwol-nail-repair-gel\/"},"modified":"2025-12-15T08:59:56","modified_gmt":"2025-12-15T07:59:56","slug":"gehwol-nail-repair-gel","status":"publish","type":"product","link":"https:\/\/sundar.be\/fr\/produit\/gehwol-nail-repair-gel\/","title":{"rendered":"Gehwol Nail Repair Gel"},"content":{"rendered":"<p>Le <span style=\"color: #557e96;\"><strong>Gehwol Nail Repair Gel<\/strong><\/span> est un gel professionnel con\u00e7u pour reconstruire, renforcer et embellir les ongles ab\u00eem\u00e9s, fissur\u00e9s ou d\u00e9form\u00e9s. Ce gel de haute qualit\u00e9 adh\u00e8re parfaitement \u00e0 la plaque ungu\u00e9ale et se mod\u00e8le facilement, permettant de cr\u00e9er un ongle solide, lisse et d\u2019aspect naturel. Disponible en <strong data-start=\"683\" data-end=\"692\">Clear<\/strong>, <strong data-start=\"694\" data-end=\"702\">Opal <\/strong>et <strong data-start=\"706\" data-end=\"714\">Rose<\/strong>, il offre la possibilit\u00e9 d\u2019adapter subtilement la correction \u00e0 chaque ongle.  <\/p>\n","protected":false},"excerpt":{"rendered":"<p>Ce gel de r\u00e9paration professionnel renforce et reconstruit les ongles endommag\u00e9s avec un r\u00e9sultat tr\u00e8s naturel. Disponible en trois teintes, il permet d\u2019harmoniser chaque ongle pour une correction esth\u00e9tique parfaite. <\/p>\n","protected":false},"featured_media":48453,"comment_status":"open","ping_status":"closed","template":"","meta":{"_acf_changed":false},"product_brand":[],"product_cat":[6124,5268,5071,4972,4755,5059],"product_tag":[],"class_list":{"0":"post-48460","1":"product","2":"type-product","3":"status-publish","4":"has-post-thumbnail","6":"product_cat-nos-marques-gehwol","7":"product_cat-reparation-ongles-gehwol","8":"product_cat-gehwol-soins-des-pieds","9":"product_cat-nos-marques","10":"product_cat-pedicure","11":"product_cat-reparation-ongles","12":"pa_kleur-clear","13":"pa_kleur-opal","14":"pa_kleur-roze","16":"first","17":"instock","18":"taxable","19":"shipping-taxable","20":"product-type-variable"},"acf":[],"_links":{"self":[{"href":"https:\/\/sundar.be\/fr\/wp-json\/wp\/v2\/product\/48460","targetHints":{"allow":["GET"]}}],"collection":[{"href":"https:\/\/sundar.be\/fr\/wp-json\/wp\/v2\/product"}],"about":[{"href":"https:\/\/sundar.be\/fr\/wp-json\/wp\/v2\/types\/product"}],"replies":[{"embeddable":true,"href":"https:\/\/sundar.be\/fr\/wp-json\/wp\/v2\/comments?post=48460"}],"wp:featuredmedia":[{"embeddable":true,"href":"https:\/\/sundar.be\/fr\/wp-json\/wp\/v2\/media\/48453"}],"wp:attachment":[{"href":"https:\/\/sundar.be\/fr\/wp-json\/wp\/v2\/media?parent=48460"}],"wp:term":[{"taxonomy":"product_brand","embeddable":true,"href":"https:\/\/sundar.be\/fr\/wp-json\/wp\/v2\/product_brand?post=48460"},{"taxonomy":"product_cat","embeddable":true,"href":"https:\/\/sundar.be\/fr\/wp-json\/wp\/v2\/product_cat?post=48460"},{"taxonomy":"product_tag","embeddable":true,"href":"https:\/\/sundar.be\/fr\/wp-json\/wp\/v2\/product_tag?post=48460"}],"curies":[{"name":"wp","href":"https:\/\/api.w.org\/{rel}","templated":true}]}}