{"id":48425,"date":"2025-03-31T16:06:24","date_gmt":"2025-03-31T14:06:24","guid":{"rendered":"https:\/\/sundar.be\/product\/gehwol-bain-au-herbes\/"},"modified":"2025-12-15T09:09:11","modified_gmt":"2025-12-15T08:09:11","slug":"gehwol-bain-au-herbes","status":"publish","type":"product","link":"https:\/\/sundar.be\/fr\/produit\/gehwol-bain-au-herbes\/","title":{"rendered":"Gehwol Bain au Herbes"},"content":{"rendered":"<p><span class=\"relative -mx-px my-[-0.2rem] rounded px-px py-[0.2rem]\">Le <span style=\"color: #557e96;\"><strong>Gehwol Bain au Herbes<\/strong><\/span>est un soin revitalisant sp\u00e9cialement formul\u00e9 pour adoucir et rafra\u00eechir les pieds fatigu\u00e9s, rugueux ou sujets \u00e0 la corne.<\/span> <span class=\"relative -mx-px my-[-0.2rem] rounded px-px py-[0.2rem]\">Gr\u00e2ce \u00e0 une synergie unique d\u2019ingr\u00e9dients naturels et d\u2019huiles essentielles, il procure une agr\u00e9able sensation de d\u00e9tente tout en nourrissant intens\u00e9ment la peau.<\/span><\/p>\n","protected":false},"excerpt":{"rendered":"<p>Profitez d\u2019un moment de d\u00e9tente absolue avec un bain de pieds aux herbes parfum\u00e9 gr\u00e2ce au Gehwol Fusskraft Bain aux Herbes.<\/p>\n","protected":false},"featured_media":48422,"comment_status":"open","ping_status":"closed","template":"","meta":{"_acf_changed":false},"product_brand":[],"product_cat":[5055,6124,6323,5071,4972,4755,5056],"product_tag":[],"class_list":{"0":"post-48425","1":"product","2":"type-product","3":"status-publish","4":"has-post-thumbnail","6":"product_cat-bains-pieds-gommage","7":"product_cat-nos-marques-gehwol","8":"product_cat-gehwol-fusskraft","9":"product_cat-gehwol-soins-des-pieds","10":"product_cat-nos-marques","11":"product_cat-pedicure","12":"product_cat-produits-bain-pieds","13":"pa_inhoud-10-x-20g-fr","14":"pa_inhoud-10kg-fr","15":"pa_inhoud-400g-fr","17":"first","18":"instock","19":"taxable","20":"shipping-taxable","21":"product-type-variable"},"acf":[],"_links":{"self":[{"href":"https:\/\/sundar.be\/fr\/wp-json\/wp\/v2\/product\/48425","targetHints":{"allow":["GET"]}}],"collection":[{"href":"https:\/\/sundar.be\/fr\/wp-json\/wp\/v2\/product"}],"about":[{"href":"https:\/\/sundar.be\/fr\/wp-json\/wp\/v2\/types\/product"}],"replies":[{"embeddable":true,"href":"https:\/\/sundar.be\/fr\/wp-json\/wp\/v2\/comments?post=48425"}],"wp:featuredmedia":[{"embeddable":true,"href":"https:\/\/sundar.be\/fr\/wp-json\/wp\/v2\/media\/48422"}],"wp:attachment":[{"href":"https:\/\/sundar.be\/fr\/wp-json\/wp\/v2\/media?parent=48425"}],"wp:term":[{"taxonomy":"product_brand","embeddable":true,"href":"https:\/\/sundar.be\/fr\/wp-json\/wp\/v2\/product_brand?post=48425"},{"taxonomy":"product_cat","embeddable":true,"href":"https:\/\/sundar.be\/fr\/wp-json\/wp\/v2\/product_cat?post=48425"},{"taxonomy":"product_tag","embeddable":true,"href":"https:\/\/sundar.be\/fr\/wp-json\/wp\/v2\/product_tag?post=48425"}],"curies":[{"name":"wp","href":"https:\/\/api.w.org\/{rel}","templated":true}]}}