{"id":48391,"date":"2025-03-28T10:24:01","date_gmt":"2025-03-28T09:24:59","guid":{"rendered":"https:\/\/sundar.be\/product\/b-s-aktivator-stift-8ml\/"},"modified":"2025-03-28T10:24:59","modified_gmt":"2025-03-28T09:24:59","slug":"b-s-aktivator-stift-8ml","status":"publish","type":"product","link":"https:\/\/sundar.be\/fr\/produit\/b-s-aktivator-stift-8ml\/","title":{"rendered":"B\/S Aktivator Stift, 8ml"},"content":{"rendered":"<p>Permet un s\u00e9chage plus rapide de la colle de base. Apr\u00e8s avoir nettoy\u00e9 avec le Clean Ex, appliquez directement l\u2019activateur sur l\u2019ongle. <\/p>\n","protected":false},"excerpt":{"rendered":"<p>Permet un s\u00e9chage plus rapide de la colle de base. Apr\u00e8s avoir nettoy\u00e9 avec le Clean Ex, appliquez directement l\u2019activateur sur l\u2019ongle.<\/p>\n","protected":false},"featured_media":48390,"comment_status":"open","ping_status":"closed","template":"","meta":{"_acf_changed":false},"product_brand":[],"product_cat":[5064,4755,5063],"product_tag":[],"class_list":{"0":"post-48391","1":"product","2":"type-product","3":"status-publish","4":"has-post-thumbnail","6":"product_cat-regulation-bs-spange","7":"product_cat-pedicure","8":"product_cat-regulation-ongles","10":"first","11":"instock","12":"taxable","13":"shipping-taxable","14":"product-type-simple"},"acf":[],"_links":{"self":[{"href":"https:\/\/sundar.be\/fr\/wp-json\/wp\/v2\/product\/48391","targetHints":{"allow":["GET"]}}],"collection":[{"href":"https:\/\/sundar.be\/fr\/wp-json\/wp\/v2\/product"}],"about":[{"href":"https:\/\/sundar.be\/fr\/wp-json\/wp\/v2\/types\/product"}],"replies":[{"embeddable":true,"href":"https:\/\/sundar.be\/fr\/wp-json\/wp\/v2\/comments?post=48391"}],"wp:featuredmedia":[{"embeddable":true,"href":"https:\/\/sundar.be\/fr\/wp-json\/wp\/v2\/media\/48390"}],"wp:attachment":[{"href":"https:\/\/sundar.be\/fr\/wp-json\/wp\/v2\/media?parent=48391"}],"wp:term":[{"taxonomy":"product_brand","embeddable":true,"href":"https:\/\/sundar.be\/fr\/wp-json\/wp\/v2\/product_brand?post=48391"},{"taxonomy":"product_cat","embeddable":true,"href":"https:\/\/sundar.be\/fr\/wp-json\/wp\/v2\/product_cat?post=48391"},{"taxonomy":"product_tag","embeddable":true,"href":"https:\/\/sundar.be\/fr\/wp-json\/wp\/v2\/product_tag?post=48391"}],"curies":[{"name":"wp","href":"https:\/\/api.w.org\/{rel}","templated":true}]}}