{"id":48361,"date":"2025-03-28T08:27:52","date_gmt":"2025-03-28T07:27:52","guid":{"rendered":"https:\/\/sundar.be\/product\/pedibaehr-gel-glace-au-menthol\/"},"modified":"2025-12-15T09:58:50","modified_gmt":"2025-12-15T08:58:50","slug":"pedibaehr-gel-glace-au-menthol","status":"publish","type":"product","link":"https:\/\/sundar.be\/fr\/produit\/pedibaehr-gel-glace-au-menthol\/","title":{"rendered":"PEDIBAEHR Gel Glac\u00e9 au Menthol"},"content":{"rendered":"<p data-start=\"67\" data-end=\"330\"><span style=\"color: #557e96;\"><strong>PEDIBAEHR Gel Glac\u00e9 au Menthol<\/strong><\/span> est un gel rafra\u00eechissant et refroidissant qui apporte un soulagement imm\u00e9diat aux pieds et aux jambes fatigu\u00e9s, chauds et fortement sollicit\u00e9s. Sa texture l\u00e9g\u00e8re p\u00e9n\u00e8tre rapidement et laisse une sensation de fra\u00eecheur intense, sans rendre la peau collante ou grasse. <\/p>\n<p data-start=\"332\" data-end=\"578\">Ce gel glac\u00e9 est id\u00e9al en cas de jambes lourdes, apr\u00e8s une station debout ou une marche prolong\u00e9e, ainsi qu\u2019apr\u00e8s des efforts sportifs. La combinaison de menthol et de camphre procure un effet refroidissant imm\u00e9diat et contribue \u00e0 une agr\u00e9able sensation de soulagement et de d\u00e9tente. <\/p>\n","protected":false},"excerpt":{"rendered":"<p data-start=\"613\" data-end=\"765\">Un gel glac\u00e9 intens\u00e9ment rafra\u00eechissant au menthol qui revitalise imm\u00e9diatement les pieds et les jambes fatigu\u00e9s. P\u00e9n\u00e8tre rapidement et procure une sensation durable de fra\u00eecheur et de l\u00e9g\u00e8ret\u00e9. <\/p>\n","protected":false},"featured_media":48360,"comment_status":"open","ping_status":"closed","template":"","meta":{"_acf_changed":false},"product_brand":[],"product_cat":[5053,5004,4972,6057,4755,4999,4996],"product_tag":[],"class_list":{"0":"post-48361","1":"product","2":"type-product","3":"status-publish","4":"has-post-thumbnail","6":"product_cat-cremes-rafraichissantes","7":"product_cat-ideal-pour-les-sportifs","8":"product_cat-nos-marques","9":"product_cat-pedibaehr-fr","10":"product_cat-pedicure","11":"product_cat-soins-specifique-pieds","12":"product_cat-soins-quotidiens-des-pieds","13":"pa_inhoud-125ml-fr","14":"pa_inhoud-500-ml-fr","16":"first","17":"instock","18":"taxable","19":"shipping-taxable","20":"product-type-variable"},"acf":[],"_links":{"self":[{"href":"https:\/\/sundar.be\/fr\/wp-json\/wp\/v2\/product\/48361","targetHints":{"allow":["GET"]}}],"collection":[{"href":"https:\/\/sundar.be\/fr\/wp-json\/wp\/v2\/product"}],"about":[{"href":"https:\/\/sundar.be\/fr\/wp-json\/wp\/v2\/types\/product"}],"replies":[{"embeddable":true,"href":"https:\/\/sundar.be\/fr\/wp-json\/wp\/v2\/comments?post=48361"}],"wp:featuredmedia":[{"embeddable":true,"href":"https:\/\/sundar.be\/fr\/wp-json\/wp\/v2\/media\/48360"}],"wp:attachment":[{"href":"https:\/\/sundar.be\/fr\/wp-json\/wp\/v2\/media?parent=48361"}],"wp:term":[{"taxonomy":"product_brand","embeddable":true,"href":"https:\/\/sundar.be\/fr\/wp-json\/wp\/v2\/product_brand?post=48361"},{"taxonomy":"product_cat","embeddable":true,"href":"https:\/\/sundar.be\/fr\/wp-json\/wp\/v2\/product_cat?post=48361"},{"taxonomy":"product_tag","embeddable":true,"href":"https:\/\/sundar.be\/fr\/wp-json\/wp\/v2\/product_tag?post=48361"}],"curies":[{"name":"wp","href":"https:\/\/api.w.org\/{rel}","templated":true}]}}