{"id":48351,"date":"2025-03-26T10:39:58","date_gmt":"2025-03-26T09:39:58","guid":{"rendered":"https:\/\/sundar.be\/product\/suda-care-everyday-baume-special-pieds-75ml\/"},"modified":"2025-10-06T11:20:16","modified_gmt":"2025-10-06T09:20:16","slug":"suda-care-everyday-baume-special-pieds-75ml","status":"publish","type":"product","link":"https:\/\/sundar.be\/fr\/produit\/suda-care-everyday-baume-special-pieds-75ml\/","title":{"rendered":"S\u00fcda Care Everyday Baume pour les Pieds Sp\u00e9cial, 75ml"},"content":{"rendered":"<p class=\"\" data-start=\"87\" data-end=\"463\">Le <strong data-start=\"222\" data-end=\"264\">S\u00fcda Care Everyday Baume pour les Pieds Sp\u00e9cial<\/strong> est un soin activateur et revitalisant con\u00e7u pour stimuler la circulation et d\u00e9tendre les pieds fatigu\u00e9s, froids ou \u00e0 faible irrigation sanguine. Sa formule associe l\u2019extrait de gingembre, la camomille, le camphre et le m\u00e9thyl nicotinate, qui favorisent la microcirculation cutan\u00e9e et procurent une agr\u00e9able sensation de chaleur. En parall\u00e8le, l\u2019allanto\u00efne et la vitamine E adoucissent et prot\u00e8gent la peau contre le dess\u00e8chement et les irritations. Ce baume offre un \u00e9quilibre parfait entre soin et stimulation, id\u00e9al pour redonner confort et vitalit\u00e9 aux pieds froids ou fatigu\u00e9s.   <\/p>\n","protected":false},"excerpt":{"rendered":"<p>Le Baume pour les Pieds Sp\u00e9cial S\u00fcda Care Everyday stimule la circulation et revitalise les pieds froids ou fatigu\u00e9s. Le gingembre, le camphre et le m\u00e9thyl nicotinate procurent un effet chauffant, tandis que la camomille et l\u2019allanto\u00efne apaisent et nourrissent la peau. Les pieds retrouvent instantan\u00e9ment chaleur, confort et douceur.  <\/p>\n","protected":false},"featured_media":48350,"comment_status":"open","ping_status":"closed","template":"","meta":{"_acf_changed":false},"product_brand":[],"product_cat":[5052,4972,4755,4996,5075,6134,5058],"product_tag":[],"class_list":{"0":"post-48351","1":"product","2":"type-product","3":"status-publish","4":"has-post-thumbnail","6":"product_cat-cremes-chauffantes-pieds","7":"product_cat-nos-marques","8":"product_cat-pedicure","9":"product_cat-soins-quotidiens-des-pieds","10":"product_cat-nos-marques-suda-care-fr","11":"product_cat-suda-care-everyday","12":"product_cat-webshop-fr","14":"first","15":"instock","16":"taxable","17":"shipping-taxable","18":"product-type-simple"},"acf":[],"_links":{"self":[{"href":"https:\/\/sundar.be\/fr\/wp-json\/wp\/v2\/product\/48351","targetHints":{"allow":["GET"]}}],"collection":[{"href":"https:\/\/sundar.be\/fr\/wp-json\/wp\/v2\/product"}],"about":[{"href":"https:\/\/sundar.be\/fr\/wp-json\/wp\/v2\/types\/product"}],"replies":[{"embeddable":true,"href":"https:\/\/sundar.be\/fr\/wp-json\/wp\/v2\/comments?post=48351"}],"wp:featuredmedia":[{"embeddable":true,"href":"https:\/\/sundar.be\/fr\/wp-json\/wp\/v2\/media\/48350"}],"wp:attachment":[{"href":"https:\/\/sundar.be\/fr\/wp-json\/wp\/v2\/media?parent=48351"}],"wp:term":[{"taxonomy":"product_brand","embeddable":true,"href":"https:\/\/sundar.be\/fr\/wp-json\/wp\/v2\/product_brand?post=48351"},{"taxonomy":"product_cat","embeddable":true,"href":"https:\/\/sundar.be\/fr\/wp-json\/wp\/v2\/product_cat?post=48351"},{"taxonomy":"product_tag","embeddable":true,"href":"https:\/\/sundar.be\/fr\/wp-json\/wp\/v2\/product_tag?post=48351"}],"curies":[{"name":"wp","href":"https:\/\/api.w.org\/{rel}","templated":true}]}}