{"id":48347,"date":"2025-03-26T10:01:33","date_gmt":"2025-03-26T09:01:33","guid":{"rendered":"https:\/\/sundar.be\/product\/sports-akileine-start-huile-200ml\/"},"modified":"2025-12-11T13:09:48","modified_gmt":"2025-12-11T12:09:48","slug":"sports-akileine-start-huile-200ml","status":"publish","type":"product","link":"https:\/\/sundar.be\/fr\/produit\/sports-akileine-start-huile-200ml\/","title":{"rendered":"Sports Akile\u00efne Start Huile, 200ml"},"content":{"rendered":"<p><span style=\"color: #557e96;\"><strong>Sports Akile\u00efne Start Huile<\/strong><\/span> est une huile chauffante activatrice qui pr\u00e9pare efficacement les muscles \u00e0 l\u2019effort en stimulant la microcirculation et en am\u00e9liorant le confort musculaire. Gr\u00e2ce \u00e0 une combinaison puissante de camphre, capsicum, romarin et huile de clou de girofle, cette huile procure un effet chauffant profond qui aide \u00e0 r\u00e9duire la raideur et la fatigue musculaire. Sa texture l\u00e9g\u00e8re et non collante p\u00e9n\u00e8tre rapidement et laisse la peau souple, r\u00e9chauff\u00e9e et pr\u00eate pour la performance sportive. Id\u00e9ale avant l\u2019entra\u00eenement, les comp\u00e9titions ou toute activit\u00e9 physique intense.   <\/p>\n","protected":false},"excerpt":{"rendered":"<p data-start=\"789\" data-end=\"971\">Huile chauffante activatrice au camphre, capsicum et romarin qui pr\u00e9pare les muscles \u00e0 l\u2019effort. Am\u00e9liore la circulation, r\u00e9duit la raideur et augmente le confort musculaire. <\/p>\n<h2 data-start=\"973\" data-end=\"989\"><\/h2>\n","protected":false},"featured_media":48344,"comment_status":"open","ping_status":"closed","template":"","meta":{"_acf_changed":false},"product_brand":[],"product_cat":[5069,5052,5004,4972,4755,4999,4996],"product_tag":[],"class_list":{"0":"post-48347","1":"product","2":"type-product","3":"status-publish","4":"has-post-thumbnail","6":"product_cat-akileine-fr","7":"product_cat-cremes-chauffantes-pieds","8":"product_cat-ideal-pour-les-sportifs","9":"product_cat-nos-marques","10":"product_cat-pedicure","11":"product_cat-soins-specifique-pieds","12":"product_cat-soins-quotidiens-des-pieds","14":"first","15":"instock","16":"taxable","17":"shipping-taxable","18":"product-type-simple"},"acf":[],"_links":{"self":[{"href":"https:\/\/sundar.be\/fr\/wp-json\/wp\/v2\/product\/48347","targetHints":{"allow":["GET"]}}],"collection":[{"href":"https:\/\/sundar.be\/fr\/wp-json\/wp\/v2\/product"}],"about":[{"href":"https:\/\/sundar.be\/fr\/wp-json\/wp\/v2\/types\/product"}],"replies":[{"embeddable":true,"href":"https:\/\/sundar.be\/fr\/wp-json\/wp\/v2\/comments?post=48347"}],"wp:featuredmedia":[{"embeddable":true,"href":"https:\/\/sundar.be\/fr\/wp-json\/wp\/v2\/media\/48344"}],"wp:attachment":[{"href":"https:\/\/sundar.be\/fr\/wp-json\/wp\/v2\/media?parent=48347"}],"wp:term":[{"taxonomy":"product_brand","embeddable":true,"href":"https:\/\/sundar.be\/fr\/wp-json\/wp\/v2\/product_brand?post=48347"},{"taxonomy":"product_cat","embeddable":true,"href":"https:\/\/sundar.be\/fr\/wp-json\/wp\/v2\/product_cat?post=48347"},{"taxonomy":"product_tag","embeddable":true,"href":"https:\/\/sundar.be\/fr\/wp-json\/wp\/v2\/product_tag?post=48347"}],"curies":[{"name":"wp","href":"https:\/\/api.w.org\/{rel}","templated":true}]}}