{"id":48314,"date":"2025-03-25T16:53:10","date_gmt":"2025-03-25T15:53:10","guid":{"rendered":"https:\/\/sundar.be\/product\/gehwol-baume-chauffant-pour-les-pieds-75ml\/"},"modified":"2025-11-26T12:53:16","modified_gmt":"2025-11-26T11:53:16","slug":"gehwol-baume-chauffant-pour-les-pieds-75ml","status":"publish","type":"product","link":"https:\/\/sundar.be\/fr\/produit\/gehwol-baume-chauffant-pour-les-pieds-75ml\/","title":{"rendered":"Gehwol Baume Chauffant pour les Pieds, 75ml"},"content":{"rendered":"<p class=\"\" data-start=\"91\" data-end=\"410\">Le <span style=\"color: #ef85ab;\"><strong>Gehwol Baume Chauffant pour les Pieds<\/strong><\/span> a \u00e9t\u00e9 sp\u00e9cialement con\u00e7u pour les personnes souffrant de pieds froids. Gr\u00e2ce \u00e0 une combinaison efficace d\u2019extraits naturels et d\u2019huiles nourrissantes, ce baume stimule la circulation sanguine, procure une agr\u00e9able sensation de chaleur durable et prend soin de la peau en profondeur.<\/p>\n<p class=\"\" data-start=\"412\" data-end=\"717\">L\u2019effet chauffant provient du piment espagnol et du gingembre, qui activent la microcirculation et r\u00e9chauffent agr\u00e9ablement les pieds. Le camphre et les huiles essentielles de romarin et de lavande renforcent cette action tout en offrant un parfum frais et relaxant. <\/p>\n<p class=\"\" data-start=\"719\" data-end=\"928\">En parall\u00e8le, des ingr\u00e9dients comme l\u2019huile d\u2019avocat, la lanoline, la cire d\u2019abeille, l\u2019alo\u00e9 vera, l\u2019ur\u00e9e et la glyc\u00e9rine apportent une hydratation riche et durable, rendant les pieds secs et rugueux doux et souples.<\/p>\n","protected":false},"excerpt":{"rendered":"<p>Des pieds chauds, d\u00e9tendus et parfaitement soign\u00e9s \u2013 jour apr\u00e8s jour.<\/p>\n","protected":false},"featured_media":48311,"comment_status":"open","ping_status":"closed","template":"","meta":{"_acf_changed":false},"product_brand":[],"product_cat":[5052,6124,6322,5071,4972,4755,4996],"product_tag":[],"class_list":{"0":"post-48314","1":"product","2":"type-product","3":"status-publish","4":"has-post-thumbnail","6":"product_cat-cremes-chauffantes-pieds","7":"product_cat-nos-marques-gehwol","8":"product_cat-gehwol-classic","9":"product_cat-gehwol-soins-des-pieds","10":"product_cat-nos-marques","11":"product_cat-pedicure","12":"product_cat-soins-quotidiens-des-pieds","14":"first","15":"instock","16":"taxable","17":"shipping-taxable","18":"product-type-simple"},"acf":[],"_links":{"self":[{"href":"https:\/\/sundar.be\/fr\/wp-json\/wp\/v2\/product\/48314","targetHints":{"allow":["GET"]}}],"collection":[{"href":"https:\/\/sundar.be\/fr\/wp-json\/wp\/v2\/product"}],"about":[{"href":"https:\/\/sundar.be\/fr\/wp-json\/wp\/v2\/types\/product"}],"replies":[{"embeddable":true,"href":"https:\/\/sundar.be\/fr\/wp-json\/wp\/v2\/comments?post=48314"}],"wp:featuredmedia":[{"embeddable":true,"href":"https:\/\/sundar.be\/fr\/wp-json\/wp\/v2\/media\/48311"}],"wp:attachment":[{"href":"https:\/\/sundar.be\/fr\/wp-json\/wp\/v2\/media?parent=48314"}],"wp:term":[{"taxonomy":"product_brand","embeddable":true,"href":"https:\/\/sundar.be\/fr\/wp-json\/wp\/v2\/product_brand?post=48314"},{"taxonomy":"product_cat","embeddable":true,"href":"https:\/\/sundar.be\/fr\/wp-json\/wp\/v2\/product_cat?post=48314"},{"taxonomy":"product_tag","embeddable":true,"href":"https:\/\/sundar.be\/fr\/wp-json\/wp\/v2\/product_tag?post=48314"}],"curies":[{"name":"wp","href":"https:\/\/api.w.org\/{rel}","templated":true}]}}