{"id":48283,"date":"2025-03-25T10:34:13","date_gmt":"2025-03-25T09:34:13","guid":{"rendered":"https:\/\/sundar.be\/product\/bio-cellulose-face-mask-green-tea\/"},"modified":"2025-12-11T11:06:49","modified_gmt":"2025-12-11T10:06:49","slug":"bio-cellulose-face-mask-green-tea","status":"publish","type":"product","link":"https:\/\/sundar.be\/fr\/produit\/bio-cellulose-face-mask-green-tea\/","title":{"rendered":"IONTO-COMED Bio-Cellulose Face Mask Green Tea"},"content":{"rendered":"<p class=\"\" data-start=\"157\" data-end=\"604\">Le<span style=\"color: #557e96;\"><strong> Bio-Cellulose Face Mask Green Tea<\/strong><\/span> est un masque visage ultra-rafra\u00eechissant et apaisant dont la structure en biocellulose adh\u00e8re \u00e0 la peau comme une seconde peau, garantissant une absorption maximale des actifs. Enrichi en th\u00e9 vert, aloe vera, camomille, acide hyaluronique et peptides apaisants, il hydrate intens\u00e9ment, calme et illumine la peau. La puissante combinaison d\u2019antioxydants prot\u00e8ge contre les facteurs de stress externes, tandis que l\u2019acide tranexamique contribue \u00e0 un teint plus uniforme. Id\u00e9al comme boost hebdomadaire pour une peau fra\u00eeche, hydrat\u00e9e et visiblement apais\u00e9e.   <\/p>\n","protected":false},"excerpt":{"rendered":"<p data-start=\"839\" data-end=\"987\">Masque biocellulose au th\u00e9 vert qui hydrate, apaise et illumine la peau. Offre imm\u00e9diatement une sensation de fra\u00eecheur, de confort et d\u2019\u00e9clat. <\/p>\n<h2 data-start=\"989\" data-end=\"1005\"><\/h2>\n","protected":false},"featured_media":48281,"comment_status":"open","ping_status":"closed","template":"","meta":{"_acf_changed":false},"product_brand":[],"product_cat":[4982,5238,5240,4972,6165,4920],"product_tag":[],"class_list":{"0":"post-48283","1":"product","2":"type-product","3":"status-publish","4":"has-post-thumbnail","6":"product_cat-ionto-comed-fr","7":"product_cat-tout-pour-visage-masques","8":"product_cat-masques-tissu","9":"product_cat-nos-marques","10":"product_cat-produits-ionto","11":"product_cat-beaute-soins-du-visage","12":"pa_inhoud-1-piece","13":"pa_inhoud-10-pieces","15":"first","16":"instock","17":"taxable","18":"shipping-taxable","19":"product-type-variable"},"acf":[],"_links":{"self":[{"href":"https:\/\/sundar.be\/fr\/wp-json\/wp\/v2\/product\/48283","targetHints":{"allow":["GET"]}}],"collection":[{"href":"https:\/\/sundar.be\/fr\/wp-json\/wp\/v2\/product"}],"about":[{"href":"https:\/\/sundar.be\/fr\/wp-json\/wp\/v2\/types\/product"}],"replies":[{"embeddable":true,"href":"https:\/\/sundar.be\/fr\/wp-json\/wp\/v2\/comments?post=48283"}],"wp:featuredmedia":[{"embeddable":true,"href":"https:\/\/sundar.be\/fr\/wp-json\/wp\/v2\/media\/48281"}],"wp:attachment":[{"href":"https:\/\/sundar.be\/fr\/wp-json\/wp\/v2\/media?parent=48283"}],"wp:term":[{"taxonomy":"product_brand","embeddable":true,"href":"https:\/\/sundar.be\/fr\/wp-json\/wp\/v2\/product_brand?post=48283"},{"taxonomy":"product_cat","embeddable":true,"href":"https:\/\/sundar.be\/fr\/wp-json\/wp\/v2\/product_cat?post=48283"},{"taxonomy":"product_tag","embeddable":true,"href":"https:\/\/sundar.be\/fr\/wp-json\/wp\/v2\/product_tag?post=48283"}],"curies":[{"name":"wp","href":"https:\/\/api.w.org\/{rel}","templated":true}]}}