{"id":48264,"date":"2025-03-25T09:09:25","date_gmt":"2025-03-25T08:09:25","guid":{"rendered":"https:\/\/sundar.be\/product\/bio-cellullose-face-mask-q10-caviar-extract\/"},"modified":"2025-12-11T11:10:59","modified_gmt":"2025-12-11T10:10:59","slug":"bio-cellullose-face-mask-q10-caviar-extract","status":"publish","type":"product","link":"https:\/\/sundar.be\/fr\/produit\/bio-cellullose-face-mask-q10-caviar-extract\/","title":{"rendered":"IONTO-COMED Bio-Cellulose Face Mask Q10"},"content":{"rendered":"<p class=\"\" data-start=\"179\" data-end=\"578\">Le <span style=\"color: #557e96;\"><strong>Masque Bio-Cellulose Q10<\/strong><\/span> est un masque biocellulose intens\u00e9ment raffermissant et revitalisant qui \u00e9pouse la peau comme une seconde peau pour une absorption optimale des actifs. Sa formule associe du Q10 (ubiquinone), de l\u2019\u00e9lastine, des extraits de riz, de l\u2019acide hyaluronique et des peptides pour hydrater, raffermir et revitaliser visiblement la peau. Gr\u00e2ce \u00e0 sa structure premium en biocellulose, la peau para\u00eet plus lisse, plus rebondie et plus fra\u00eeche, tandis que les antioxydants aident \u00e0 la prot\u00e9ger contre le vieillissement pr\u00e9matur\u00e9. Id\u00e9al pour une peau en manque d\u2019\u00e9nergie, d\u2019\u00e9lasticit\u00e9 ou d\u2019un \u00e9clat jeune.   <\/p>\n","protected":false},"excerpt":{"rendered":"<p data-start=\"833\" data-end=\"1003\">Masque biocellulose liftant et revitalisant au Q10 et \u00e0 l\u2019\u00e9lastine qui raffermit et hydrate la peau. Offre imm\u00e9diatement un teint plus rebondi, plus lisse et lumineux. <\/p>\n<h2 data-start=\"1005\" data-end=\"1021\"><\/h2>\n","protected":false},"featured_media":48263,"comment_status":"open","ping_status":"closed","template":"","meta":{"_acf_changed":false},"product_brand":[],"product_cat":[4982,5238,5240,4972,6165,4920],"product_tag":[],"class_list":{"0":"post-48264","1":"product","2":"type-product","3":"status-publish","4":"has-post-thumbnail","6":"product_cat-ionto-comed-fr","7":"product_cat-tout-pour-visage-masques","8":"product_cat-masques-tissu","9":"product_cat-nos-marques","10":"product_cat-produits-ionto","11":"product_cat-beaute-soins-du-visage","12":"pa_inhoud-1-piece","13":"pa_inhoud-10-pieces","15":"first","16":"instock","17":"taxable","18":"shipping-taxable","19":"product-type-variable"},"acf":[],"_links":{"self":[{"href":"https:\/\/sundar.be\/fr\/wp-json\/wp\/v2\/product\/48264","targetHints":{"allow":["GET"]}}],"collection":[{"href":"https:\/\/sundar.be\/fr\/wp-json\/wp\/v2\/product"}],"about":[{"href":"https:\/\/sundar.be\/fr\/wp-json\/wp\/v2\/types\/product"}],"replies":[{"embeddable":true,"href":"https:\/\/sundar.be\/fr\/wp-json\/wp\/v2\/comments?post=48264"}],"wp:featuredmedia":[{"embeddable":true,"href":"https:\/\/sundar.be\/fr\/wp-json\/wp\/v2\/media\/48263"}],"wp:attachment":[{"href":"https:\/\/sundar.be\/fr\/wp-json\/wp\/v2\/media?parent=48264"}],"wp:term":[{"taxonomy":"product_brand","embeddable":true,"href":"https:\/\/sundar.be\/fr\/wp-json\/wp\/v2\/product_brand?post=48264"},{"taxonomy":"product_cat","embeddable":true,"href":"https:\/\/sundar.be\/fr\/wp-json\/wp\/v2\/product_cat?post=48264"},{"taxonomy":"product_tag","embeddable":true,"href":"https:\/\/sundar.be\/fr\/wp-json\/wp\/v2\/product_tag?post=48264"}],"curies":[{"name":"wp","href":"https:\/\/api.w.org\/{rel}","templated":true}]}}