{"id":48258,"date":"2025-03-25T08:48:40","date_gmt":"2025-03-25T07:48:40","guid":{"rendered":"https:\/\/sundar.be\/product\/chauffe-serviettes\/"},"modified":"2025-08-04T12:46:30","modified_gmt":"2025-08-04T10:46:30","slug":"chauffe-serviettes","status":"publish","type":"product","link":"https:\/\/sundar.be\/fr\/produit\/chauffe-serviettes\/","title":{"rendered":"Chauffe-Serviettes"},"content":{"rendered":"<p><strong>Chauffe-serviettes avec deux paniers :<\/strong><\/p>\n<ul>\n<li>Peut chauffer 6 \u00e0 8 serviettes en m\u00eame temps.<\/li>\n<li>Minuterie int\u00e9gr\u00e9e (60 minutes).<\/li>\n<li>Temp\u00e9rature de chauffage de +10 \u00b0C \u00e0 +40 \u00b0C.<\/li>\n<li>Inclus : 1 pince et une serviette de 30\u00d750 cm.<\/li>\n<li>Caract\u00e9ristiques techniques : 230 V \/ 50-60 Hz, 900 W<\/li>\n<li>Dimensions : 32,2 x 32,5 x 18 cm<\/li>\n<\/ul>\n","protected":false},"excerpt":{"rendered":"<p>Chauffe-serviettes avec deux paniers : Peut chauffer 6 \u00e0 8 serviettes en m\u00eame temps. Minuterie int\u00e9gr\u00e9e (60 minutes). Temp\u00e9rature de chauffage de +10 \u00b0C \u00e0 +40 \u00b0C. Inclus : 1 pince et une serviette de 30\u00d750 cm. Caract\u00e9ristiques techniques : 230 V \/ 50-60 Hz, 900 W Dimensions : 32,2 x 32,5 x 18 cm<\/p>\n","protected":false},"featured_media":48257,"comment_status":"open","ping_status":"closed","template":"","meta":{"_acf_changed":false},"product_brand":[],"product_cat":[4945,4769,6164,5696,5608,4982,4223,4972],"product_tag":[],"class_list":{"0":"post-48258","1":"product","2":"type-product","3":"status-publish","4":"has-post-thumbnail","6":"product_cat-amenagement-institut-webshop-fr","7":"product_cat-amenagement-appareils","8":"product_cat-appareils-ionto","9":"product_cat-armoires-chauffantes-pour-serviettes","10":"product_cat-chauffe-compresses","11":"product_cat-ionto-comed-fr","12":"product_cat-massage-fr-webshop-fr","13":"product_cat-nos-marques","15":"first","16":"instock","17":"taxable","18":"shipping-taxable","19":"product-type-simple"},"acf":[],"_links":{"self":[{"href":"https:\/\/sundar.be\/fr\/wp-json\/wp\/v2\/product\/48258","targetHints":{"allow":["GET"]}}],"collection":[{"href":"https:\/\/sundar.be\/fr\/wp-json\/wp\/v2\/product"}],"about":[{"href":"https:\/\/sundar.be\/fr\/wp-json\/wp\/v2\/types\/product"}],"replies":[{"embeddable":true,"href":"https:\/\/sundar.be\/fr\/wp-json\/wp\/v2\/comments?post=48258"}],"wp:featuredmedia":[{"embeddable":true,"href":"https:\/\/sundar.be\/fr\/wp-json\/wp\/v2\/media\/48257"}],"wp:attachment":[{"href":"https:\/\/sundar.be\/fr\/wp-json\/wp\/v2\/media?parent=48258"}],"wp:term":[{"taxonomy":"product_brand","embeddable":true,"href":"https:\/\/sundar.be\/fr\/wp-json\/wp\/v2\/product_brand?post=48258"},{"taxonomy":"product_cat","embeddable":true,"href":"https:\/\/sundar.be\/fr\/wp-json\/wp\/v2\/product_cat?post=48258"},{"taxonomy":"product_tag","embeddable":true,"href":"https:\/\/sundar.be\/fr\/wp-json\/wp\/v2\/product_tag?post=48258"}],"curies":[{"name":"wp","href":"https:\/\/api.w.org\/{rel}","templated":true}]}}