{"id":48252,"date":"2025-03-25T08:38:18","date_gmt":"2025-03-25T07:38:18","guid":{"rendered":"https:\/\/sundar.be\/product\/bio-cellullose-face-mask-collagen-tetrapeptides\/"},"modified":"2025-12-11T11:16:51","modified_gmt":"2025-12-11T10:16:51","slug":"bio-cellullose-face-mask-collagen-tetrapeptides","status":"publish","type":"product","link":"https:\/\/sundar.be\/fr\/produit\/bio-cellullose-face-mask-collagen-tetrapeptides\/","title":{"rendered":"IONTO-COMED Bio-Cellulose Face Mask Collagen"},"content":{"rendered":"<p class=\"\" data-start=\"187\" data-end=\"623\">Le <span style=\"color: #557e96;\"><strong>Masque Bio-Cellulose Collag\u00e8ne<\/strong><\/span> est un masque intens\u00e9ment hydratant et raffermissant dont la structure en biocellulose \u00e9pouse parfaitement la peau pour une absorption optimale des actifs. Sa formule associe du collag\u00e8ne, de l\u2019acide hyaluronique, des extraits de riz, de la b\u00e9ta\u00efne et des peptides adoucissants pour une peau plus rebondie, plus lisse et plus souple. Les fibres biocellulose retiennent parfaitement l\u2019essence, permettant une nutrition profonde et un renforcement de la peau. Id\u00e9al comme booster hebdomadaire pour les peaux en manque d\u2019\u00e9lasticit\u00e9, d\u2019hydratation et d\u2019\u00e9clat.   <\/p>\n","protected":false},"excerpt":{"rendered":"<p data-start=\"822\" data-end=\"969\">Masque biocellulose raffermissant au collag\u00e8ne qui hydrate, adoucit et repulpe la peau. Id\u00e9al pour un teint souple, frais et lumineux. <\/p>\n<h2 data-start=\"971\" data-end=\"987\"><\/h2>\n","protected":false},"featured_media":48251,"comment_status":"open","ping_status":"closed","template":"","meta":{"_acf_changed":false},"product_brand":[],"product_cat":[4982,5238,5240,4972,6165,4920],"product_tag":[],"class_list":{"0":"post-48252","1":"product","2":"type-product","3":"status-publish","4":"has-post-thumbnail","6":"product_cat-ionto-comed-fr","7":"product_cat-tout-pour-visage-masques","8":"product_cat-masques-tissu","9":"product_cat-nos-marques","10":"product_cat-produits-ionto","11":"product_cat-beaute-soins-du-visage","12":"pa_inhoud-1-piece","13":"pa_inhoud-10-pieces","15":"first","16":"instock","17":"taxable","18":"shipping-taxable","19":"product-type-variable"},"acf":[],"_links":{"self":[{"href":"https:\/\/sundar.be\/fr\/wp-json\/wp\/v2\/product\/48252","targetHints":{"allow":["GET"]}}],"collection":[{"href":"https:\/\/sundar.be\/fr\/wp-json\/wp\/v2\/product"}],"about":[{"href":"https:\/\/sundar.be\/fr\/wp-json\/wp\/v2\/types\/product"}],"replies":[{"embeddable":true,"href":"https:\/\/sundar.be\/fr\/wp-json\/wp\/v2\/comments?post=48252"}],"wp:featuredmedia":[{"embeddable":true,"href":"https:\/\/sundar.be\/fr\/wp-json\/wp\/v2\/media\/48251"}],"wp:attachment":[{"href":"https:\/\/sundar.be\/fr\/wp-json\/wp\/v2\/media?parent=48252"}],"wp:term":[{"taxonomy":"product_brand","embeddable":true,"href":"https:\/\/sundar.be\/fr\/wp-json\/wp\/v2\/product_brand?post=48252"},{"taxonomy":"product_cat","embeddable":true,"href":"https:\/\/sundar.be\/fr\/wp-json\/wp\/v2\/product_cat?post=48252"},{"taxonomy":"product_tag","embeddable":true,"href":"https:\/\/sundar.be\/fr\/wp-json\/wp\/v2\/product_tag?post=48252"}],"curies":[{"name":"wp","href":"https:\/\/api.w.org\/{rel}","templated":true}]}}