{"id":48244,"date":"2025-03-24T16:48:12","date_gmt":"2025-03-24T15:48:12","guid":{"rendered":"https:\/\/sundar.be\/product\/bio-cellullose-face-mask-hyaluronic-acid-cherry-blossom\/"},"modified":"2025-12-11T11:21:43","modified_gmt":"2025-12-11T10:21:43","slug":"bio-cellullose-face-mask-hyaluronic-acid-cherry-blossom","status":"publish","type":"product","link":"https:\/\/sundar.be\/fr\/produit\/bio-cellullose-face-mask-hyaluronic-acid-cherry-blossom\/","title":{"rendered":"IONTO-COMED Bio-Cellulose Face Mask Cherry Blossom"},"content":{"rendered":"<p class=\"\" data-start=\"134\" data-end=\"500\">Le <span style=\"color: #557e96;\"><strong>Bio-Cellulose Face Mask Cherry Blossom<\/strong><\/span> est un masque luxueux, illuminant et apaisant qui enveloppe la peau d\u2019une structure ultra-fine en biocellulose pour une absorption maximale des ingr\u00e9dients actifs. Sa formule associe de l\u2019extrait de fleur de cerisier, de l\u2019extrait de son de riz, du bisabolol, de l\u2019acide hyaluronique et des peptides adoucissants pour offrir une peau calm\u00e9e, \u00e9clatante et profond\u00e9ment hydrat\u00e9e. Gr\u00e2ce \u00e0 son ajustement parfait, la biocellulose adh\u00e8re comme une seconde peau, procurant un soin optimal et une sensation imm\u00e9diate de confort et de fra\u00eecheur. Id\u00e9al pour les peaux ternes, sensibles ou stress\u00e9es ayant besoin d\u2019\u00e9clat et d\u2019apaisement.   <\/p>\n","protected":false},"excerpt":{"rendered":"<p data-start=\"886\" data-end=\"1046\">Masque biocellulose doux et illuminant \u00e0 la fleur de cerisier pour une peau fra\u00eeche, lumineuse et hydrat\u00e9e. Apaise, adoucit et procure instantan\u00e9ment un \u00e9clat naturel et sain. <\/p>\n<h2 data-start=\"1048\" data-end=\"1064\"><\/h2>\n","protected":false},"featured_media":48242,"comment_status":"open","ping_status":"closed","template":"","meta":{"_acf_changed":false},"product_brand":[],"product_cat":[4982,5238,5240,4972,6165,4920],"product_tag":[],"class_list":{"0":"post-48244","1":"product","2":"type-product","3":"status-publish","4":"has-post-thumbnail","6":"product_cat-ionto-comed-fr","7":"product_cat-tout-pour-visage-masques","8":"product_cat-masques-tissu","9":"product_cat-nos-marques","10":"product_cat-produits-ionto","11":"product_cat-beaute-soins-du-visage","12":"pa_inhoud-1-piece","13":"pa_inhoud-10-pieces","15":"first","16":"instock","17":"taxable","18":"shipping-taxable","19":"product-type-variable"},"acf":[],"_links":{"self":[{"href":"https:\/\/sundar.be\/fr\/wp-json\/wp\/v2\/product\/48244","targetHints":{"allow":["GET"]}}],"collection":[{"href":"https:\/\/sundar.be\/fr\/wp-json\/wp\/v2\/product"}],"about":[{"href":"https:\/\/sundar.be\/fr\/wp-json\/wp\/v2\/types\/product"}],"replies":[{"embeddable":true,"href":"https:\/\/sundar.be\/fr\/wp-json\/wp\/v2\/comments?post=48244"}],"wp:featuredmedia":[{"embeddable":true,"href":"https:\/\/sundar.be\/fr\/wp-json\/wp\/v2\/media\/48242"}],"wp:attachment":[{"href":"https:\/\/sundar.be\/fr\/wp-json\/wp\/v2\/media?parent=48244"}],"wp:term":[{"taxonomy":"product_brand","embeddable":true,"href":"https:\/\/sundar.be\/fr\/wp-json\/wp\/v2\/product_brand?post=48244"},{"taxonomy":"product_cat","embeddable":true,"href":"https:\/\/sundar.be\/fr\/wp-json\/wp\/v2\/product_cat?post=48244"},{"taxonomy":"product_tag","embeddable":true,"href":"https:\/\/sundar.be\/fr\/wp-json\/wp\/v2\/product_tag?post=48244"}],"curies":[{"name":"wp","href":"https:\/\/api.w.org\/{rel}","templated":true}]}}