{"id":48235,"date":"2025-03-24T15:33:55","date_gmt":"2025-03-24T14:33:55","guid":{"rendered":"https:\/\/sundar.be\/product\/bio-cellullose-face-mask-hyaluronic-acid\/"},"modified":"2025-12-11T11:24:06","modified_gmt":"2025-12-11T10:24:06","slug":"bio-cellullose-face-mask-hyaluronic-acid","status":"publish","type":"product","link":"https:\/\/sundar.be\/fr\/produit\/bio-cellullose-face-mask-hyaluronic-acid\/","title":{"rendered":"IONTO-COMED Bio-Cellulose Face Mask Hyaluron"},"content":{"rendered":"<p>Le <span style=\"color: #557e96;\"><strong>Masque Bio-Cellulose Hyaluron<\/strong><\/span> est un masque biocellulose intens\u00e9ment hydratant qui repulpe imm\u00e9diatement la peau, la lisse et lui apporte un confort durable. Gr\u00e2ce \u00e0 sa structure ultra-fine, la biocellulose adh\u00e8re parfaitement \u00e0 la peau, permettant une absorption optimale des actifs tels que l\u2019acide hyaluronique, l\u2019ur\u00e9e, l\u2019extrait de son de riz et des peptides apaisants. La peau est profond\u00e9ment nourrie, rafra\u00eechie et b\u00e9n\u00e9ficie d\u2019un v\u00e9ritable boost d\u2019hydratation. Id\u00e9al pour les peaux d\u00e9shydrat\u00e9es ou fatigu\u00e9es ayant besoin d\u2019un apport instantan\u00e9 en eau et d\u2019un \u00e9clat revitalis\u00e9.   <\/p>\n","protected":false},"excerpt":{"rendered":"<p data-start=\"798\" data-end=\"963\">Masque biocellulose hydratant \u00e0 l\u2019acide hyaluronique qui repulpe et lisse la peau. Apporte un confort imm\u00e9diat, une hydratation intense et un teint frais et lumineux. <\/p>\n<h2 data-start=\"965\" data-end=\"981\"><\/h2>\n","protected":false},"featured_media":48233,"comment_status":"open","ping_status":"closed","template":"","meta":{"_acf_changed":false},"product_brand":[],"product_cat":[4982,5238,5240,4972,6165,4920],"product_tag":[],"class_list":{"0":"post-48235","1":"product","2":"type-product","3":"status-publish","4":"has-post-thumbnail","6":"product_cat-ionto-comed-fr","7":"product_cat-tout-pour-visage-masques","8":"product_cat-masques-tissu","9":"product_cat-nos-marques","10":"product_cat-produits-ionto","11":"product_cat-beaute-soins-du-visage","12":"pa_inhoud-1-piece","13":"pa_inhoud-10-pieces","15":"first","16":"instock","17":"taxable","18":"shipping-taxable","19":"product-type-variable"},"acf":[],"_links":{"self":[{"href":"https:\/\/sundar.be\/fr\/wp-json\/wp\/v2\/product\/48235","targetHints":{"allow":["GET"]}}],"collection":[{"href":"https:\/\/sundar.be\/fr\/wp-json\/wp\/v2\/product"}],"about":[{"href":"https:\/\/sundar.be\/fr\/wp-json\/wp\/v2\/types\/product"}],"replies":[{"embeddable":true,"href":"https:\/\/sundar.be\/fr\/wp-json\/wp\/v2\/comments?post=48235"}],"wp:featuredmedia":[{"embeddable":true,"href":"https:\/\/sundar.be\/fr\/wp-json\/wp\/v2\/media\/48233"}],"wp:attachment":[{"href":"https:\/\/sundar.be\/fr\/wp-json\/wp\/v2\/media?parent=48235"}],"wp:term":[{"taxonomy":"product_brand","embeddable":true,"href":"https:\/\/sundar.be\/fr\/wp-json\/wp\/v2\/product_brand?post=48235"},{"taxonomy":"product_cat","embeddable":true,"href":"https:\/\/sundar.be\/fr\/wp-json\/wp\/v2\/product_cat?post=48235"},{"taxonomy":"product_tag","embeddable":true,"href":"https:\/\/sundar.be\/fr\/wp-json\/wp\/v2\/product_tag?post=48235"}],"curies":[{"name":"wp","href":"https:\/\/api.w.org\/{rel}","templated":true}]}}