{"id":48225,"date":"2025-03-24T14:04:12","date_gmt":"2025-03-24T13:04:12","guid":{"rendered":"https:\/\/sundar.be\/product\/bio-cellullose-face-mask-bee-venom-royal-jelly\/"},"modified":"2025-12-11T11:41:31","modified_gmt":"2025-12-11T10:41:31","slug":"bio-cellullose-face-mask-bee-venom-royal-jelly","status":"publish","type":"product","link":"https:\/\/sundar.be\/fr\/produit\/bio-cellullose-face-mask-bee-venom-royal-jelly\/","title":{"rendered":"IONTO-COMED Bio-Cellulose Face Mask Beetox Age Reverse"},"content":{"rendered":"<p>Le <span style=\"color: #557e96;\"><strong>Masque Bio-Cellulose Beetox Age Reverse<\/strong><\/span> est un masque anti-\u00e2ge avanc\u00e9 qui raffermit, hydrate et revitalise intens\u00e9ment la peau. Gr\u00e2ce \u00e0 sa structure biocellulose ultra-adh\u00e9rente, il permet une absorption maximale d\u2019actifs tels que le venin d\u2019abeille, les prot\u00e9ines de gel\u00e9e royale, l\u2019extrait de miel, l\u2019acide hyaluronique, le calendula et l\u2019extrait de riz. Ce masque puissant stimule le renouvellement cellulaire, lisse les ridules et apporte \u00e0 la peau un aspect plus jeune, plus lumineux et plus ferme. Id\u00e9al comme soin hebdomadaire pour les peaux ayant besoin d\u2019un boost anti-\u00e2ge avec des r\u00e9sultats visibles imm\u00e9diats.   <\/p>\n","protected":false},"excerpt":{"rendered":"<p data-start=\"869\" data-end=\"1049\">Masque anti-\u00e2ge luxueux en biocellulose au venin d\u2019abeille et \u00e0 la gel\u00e9e royale qui raffermit, hydrate et illumine la peau. Parfait pour une apparence plus jeune, repulp\u00e9e et \u00e9clatante. <\/p>\n<h2 data-start=\"1051\" data-end=\"1067\"><\/h2>\n","protected":false},"featured_media":48223,"comment_status":"open","ping_status":"closed","template":"","meta":{"_acf_changed":false},"product_brand":[],"product_cat":[4982,5238,5240,4972,6165,4920],"product_tag":[],"class_list":{"0":"post-48225","1":"product","2":"type-product","3":"status-publish","4":"has-post-thumbnail","6":"product_cat-ionto-comed-fr","7":"product_cat-tout-pour-visage-masques","8":"product_cat-masques-tissu","9":"product_cat-nos-marques","10":"product_cat-produits-ionto","11":"product_cat-beaute-soins-du-visage","12":"pa_inhoud-1-piece","13":"pa_inhoud-10-pieces","15":"first","16":"instock","17":"taxable","18":"shipping-taxable","19":"product-type-variable"},"acf":[],"_links":{"self":[{"href":"https:\/\/sundar.be\/fr\/wp-json\/wp\/v2\/product\/48225","targetHints":{"allow":["GET"]}}],"collection":[{"href":"https:\/\/sundar.be\/fr\/wp-json\/wp\/v2\/product"}],"about":[{"href":"https:\/\/sundar.be\/fr\/wp-json\/wp\/v2\/types\/product"}],"replies":[{"embeddable":true,"href":"https:\/\/sundar.be\/fr\/wp-json\/wp\/v2\/comments?post=48225"}],"wp:featuredmedia":[{"embeddable":true,"href":"https:\/\/sundar.be\/fr\/wp-json\/wp\/v2\/media\/48223"}],"wp:attachment":[{"href":"https:\/\/sundar.be\/fr\/wp-json\/wp\/v2\/media?parent=48225"}],"wp:term":[{"taxonomy":"product_brand","embeddable":true,"href":"https:\/\/sundar.be\/fr\/wp-json\/wp\/v2\/product_brand?post=48225"},{"taxonomy":"product_cat","embeddable":true,"href":"https:\/\/sundar.be\/fr\/wp-json\/wp\/v2\/product_cat?post=48225"},{"taxonomy":"product_tag","embeddable":true,"href":"https:\/\/sundar.be\/fr\/wp-json\/wp\/v2\/product_tag?post=48225"}],"curies":[{"name":"wp","href":"https:\/\/api.w.org\/{rel}","templated":true}]}}