{"id":48154,"date":"2025-03-21T09:39:17","date_gmt":"2025-03-21T08:39:17","guid":{"rendered":"https:\/\/sundar.be\/product\/bandes-en-coton-small-moyen-100-pcs\/"},"modified":"2025-08-04T12:46:20","modified_gmt":"2025-08-04T10:46:20","slug":"bandes-en-coton-small-moyen-100-pcs","status":"publish","type":"product","link":"https:\/\/sundar.be\/fr\/produit\/bandes-en-coton-small-moyen-100-pcs\/","title":{"rendered":"Bandes en Coton Small\/Moyen, 100 pcs"},"content":{"rendered":"<p>Les bandes en coton s\u2019adaptent plus facilement \u00e0 la forme de la peau ou aux plis cutan\u00e9s, ce qui les rend particuli\u00e8rement adapt\u00e9es \u00e0 l\u2019\u00e9pilation du maillot et des aisselles. Taille Small\/Moyen. <\/p>\n","protected":false},"excerpt":{"rendered":"<p>Les bandes en coton s\u2019adaptent plus facilement \u00e0 la forme de la peau ou aux plis cutan\u00e9s, ce qui les rend particuli\u00e8rement adapt\u00e9es \u00e0 l\u2019\u00e9pilation du maillot et des aisselles. Taille Small\/Moyen.<\/p>\n","protected":false},"featured_media":48153,"comment_status":"open","ping_status":"closed","template":"","meta":{"_acf_changed":false},"product_brand":[],"product_cat":[5733,4767,1584],"product_tag":[],"class_list":{"0":"post-48154","1":"product","2":"type-product","3":"status-publish","4":"has-post-thumbnail","6":"product_cat-bandes-depilatoires","7":"product_cat-beaute","8":"product_cat-depilation","10":"first","11":"instock","12":"taxable","13":"shipping-taxable","14":"product-type-simple"},"acf":[],"_links":{"self":[{"href":"https:\/\/sundar.be\/fr\/wp-json\/wp\/v2\/product\/48154","targetHints":{"allow":["GET"]}}],"collection":[{"href":"https:\/\/sundar.be\/fr\/wp-json\/wp\/v2\/product"}],"about":[{"href":"https:\/\/sundar.be\/fr\/wp-json\/wp\/v2\/types\/product"}],"replies":[{"embeddable":true,"href":"https:\/\/sundar.be\/fr\/wp-json\/wp\/v2\/comments?post=48154"}],"wp:featuredmedia":[{"embeddable":true,"href":"https:\/\/sundar.be\/fr\/wp-json\/wp\/v2\/media\/48153"}],"wp:attachment":[{"href":"https:\/\/sundar.be\/fr\/wp-json\/wp\/v2\/media?parent=48154"}],"wp:term":[{"taxonomy":"product_brand","embeddable":true,"href":"https:\/\/sundar.be\/fr\/wp-json\/wp\/v2\/product_brand?post=48154"},{"taxonomy":"product_cat","embeddable":true,"href":"https:\/\/sundar.be\/fr\/wp-json\/wp\/v2\/product_cat?post=48154"},{"taxonomy":"product_tag","embeddable":true,"href":"https:\/\/sundar.be\/fr\/wp-json\/wp\/v2\/product_tag?post=48154"}],"curies":[{"name":"wp","href":"https:\/\/api.w.org\/{rel}","templated":true}]}}