{"id":48090,"date":"2025-03-19T10:20:51","date_gmt":"2025-03-19T09:20:51","guid":{"rendered":"https:\/\/sundar.be\/product\/volatile-argile-rouge\/"},"modified":"2025-08-04T12:47:33","modified_gmt":"2025-08-04T10:47:33","slug":"volatile-argile-rouge","status":"publish","type":"product","link":"https:\/\/sundar.be\/fr\/produit\/volatile-argile-rouge\/","title":{"rendered":"Volatile Argile Rouge"},"content":{"rendered":"<p data-start=\"106\" data-end=\"436\"><span style=\"color: #ef85ab;\"><strong data-start=\"109\" data-end=\"131\">L&rsquo;Argile Rouge Volatile<\/strong><\/span> est une poudre 100% naturelle, riche en min\u00e9raux et oligo-\u00e9l\u00e9ments, id\u00e9ale pour purifier, revitaliser et tonifier la peau. Connue pour ses propri\u00e9t\u00e9s d\u00e9toxifiantes et illuminatrices, l\u2019argile rouge est parfaite pour les peaux sensibles, s\u00e8ches ou ternes. <\/p>\n<p data-start=\"438\" data-end=\"671\">Cette argile stimule la circulation sanguine, contribue \u00e0 raffermir la peau et favorise un teint \u00e9clatant et en bonne sant\u00e9. Elle est id\u00e9ale pour la pr\u00e9paration de cataplasmes corporels, masques pour le visage et bains relaxants. <\/p>\n","protected":false},"excerpt":{"rendered":"<p><span style=\"color: #ef85ab;\"><strong data-start=\"2480\" data-end=\"2502\">L\u2019Argile Rouge Volatile<\/strong><\/span> est un soin naturel puissant, id\u00e9al pour nettoyer, raffermir et hydrater la peau. Parfait pour ceux qui recherchent un traitement revitalisant et illuminant, cette argile offre une v\u00e9ritable exp\u00e9rience bien-\u00eatre et beaut\u00e9 naturelle. <\/p>\n","protected":false},"featured_media":48085,"comment_status":"open","ping_status":"closed","template":"","meta":{"_acf_changed":false},"product_brand":[],"product_cat":[5674,5673],"product_tag":[],"class_list":{"0":"post-48090","1":"product","2":"type-product","3":"status-publish","4":"has-post-thumbnail","6":"product_cat-corps-masque-argile","7":"product_cat-soins-corps","8":"pa_inhoud-150g-fr","9":"pa_inhoud-500g-fr","11":"first","12":"instock","13":"taxable","14":"shipping-taxable","15":"product-type-variable"},"acf":[],"_links":{"self":[{"href":"https:\/\/sundar.be\/fr\/wp-json\/wp\/v2\/product\/48090","targetHints":{"allow":["GET"]}}],"collection":[{"href":"https:\/\/sundar.be\/fr\/wp-json\/wp\/v2\/product"}],"about":[{"href":"https:\/\/sundar.be\/fr\/wp-json\/wp\/v2\/types\/product"}],"replies":[{"embeddable":true,"href":"https:\/\/sundar.be\/fr\/wp-json\/wp\/v2\/comments?post=48090"}],"wp:featuredmedia":[{"embeddable":true,"href":"https:\/\/sundar.be\/fr\/wp-json\/wp\/v2\/media\/48085"}],"wp:attachment":[{"href":"https:\/\/sundar.be\/fr\/wp-json\/wp\/v2\/media?parent=48090"}],"wp:term":[{"taxonomy":"product_brand","embeddable":true,"href":"https:\/\/sundar.be\/fr\/wp-json\/wp\/v2\/product_brand?post=48090"},{"taxonomy":"product_cat","embeddable":true,"href":"https:\/\/sundar.be\/fr\/wp-json\/wp\/v2\/product_cat?post=48090"},{"taxonomy":"product_tag","embeddable":true,"href":"https:\/\/sundar.be\/fr\/wp-json\/wp\/v2\/product_tag?post=48090"}],"curies":[{"name":"wp","href":"https:\/\/api.w.org\/{rel}","templated":true}]}}