{"id":47833,"date":"2025-03-18T10:09:31","date_gmt":"2025-03-18T09:09:31","guid":{"rendered":"https:\/\/sundar.be\/product\/argile-verte-volatile\/"},"modified":"2025-08-04T12:51:02","modified_gmt":"2025-08-04T10:51:02","slug":"argile-verte-volatile","status":"publish","type":"product","link":"https:\/\/sundar.be\/fr\/produit\/argile-verte-volatile\/","title":{"rendered":"Argile Verte Volatile"},"content":{"rendered":"<p data-start=\"108\" data-end=\"380\"><span style=\"color: #ef85ab;\"><strong data-start=\"111\" data-end=\"135\">L\u2019Argile Verte Volatile<\/strong><\/span> est une poudre 100% naturelle, id\u00e9ale pour nettoyer, purifier et revitaliser la peau. Connue pour ses propri\u00e9t\u00e9s absorbantes et remin\u00e9ralisantes, cette argile est parfaite pour la r\u00e9alisation de masques, cataplasmes et soins corporels. <\/p>\n<p data-start=\"382\" data-end=\"740\">Riche en min\u00e9raux et oligo-\u00e9l\u00e9ments, l\u2019argile verte aide \u00e0 absorber l\u2019exc\u00e8s de s\u00e9bum, d\u00e9toxifier la peau et apaiser les irritations. Gr\u00e2ce \u00e0 ses effets anti-inflammatoires et purifiants, elle convient particuli\u00e8rement aux peaux mixtes, grasses et \u00e0 imperfections, ainsi qu\u2019aux soins du corps. <\/p>\n","protected":false},"excerpt":{"rendered":"<p><span style=\"color: #ef85ab;\"><strong data-start=\"2431\" data-end=\"2455\">L\u2019Argile Verte Volatile<\/strong><\/span> est un soin naturel, polyvalent et efficace pour le visage, le corps et les pieds. Gr\u00e2ce \u00e0 ses propri\u00e9t\u00e9s purifiantes et apaisantes, elle aide \u00e0 d\u00e9toxifier, nourrir et \u00e9quilibrer la peau. Un indispensable pour toute personne souhaitant prendre soin de sa peau de mani\u00e8re naturelle et efficace.  <\/p>\n","protected":false},"featured_media":47831,"comment_status":"open","ping_status":"closed","template":"","meta":{"_acf_changed":false},"product_brand":[],"product_cat":[5674,5238,5239,5673,4920],"product_tag":[],"class_list":{"0":"post-47833","1":"product","2":"type-product","3":"status-publish","4":"has-post-thumbnail","6":"product_cat-corps-masque-argile","7":"product_cat-tout-pour-visage-masques","8":"product_cat-masques-argile","9":"product_cat-soins-corps","10":"product_cat-beaute-soins-du-visage","11":"pa_inhoud-150g-fr","12":"pa_inhoud-500g-fr","14":"first","15":"instock","16":"taxable","17":"shipping-taxable","18":"product-type-variable"},"acf":[],"_links":{"self":[{"href":"https:\/\/sundar.be\/fr\/wp-json\/wp\/v2\/product\/47833","targetHints":{"allow":["GET"]}}],"collection":[{"href":"https:\/\/sundar.be\/fr\/wp-json\/wp\/v2\/product"}],"about":[{"href":"https:\/\/sundar.be\/fr\/wp-json\/wp\/v2\/types\/product"}],"replies":[{"embeddable":true,"href":"https:\/\/sundar.be\/fr\/wp-json\/wp\/v2\/comments?post=47833"}],"wp:featuredmedia":[{"embeddable":true,"href":"https:\/\/sundar.be\/fr\/wp-json\/wp\/v2\/media\/47831"}],"wp:attachment":[{"href":"https:\/\/sundar.be\/fr\/wp-json\/wp\/v2\/media?parent=47833"}],"wp:term":[{"taxonomy":"product_brand","embeddable":true,"href":"https:\/\/sundar.be\/fr\/wp-json\/wp\/v2\/product_brand?post=47833"},{"taxonomy":"product_cat","embeddable":true,"href":"https:\/\/sundar.be\/fr\/wp-json\/wp\/v2\/product_cat?post=47833"},{"taxonomy":"product_tag","embeddable":true,"href":"https:\/\/sundar.be\/fr\/wp-json\/wp\/v2\/product_tag?post=47833"}],"curies":[{"name":"wp","href":"https:\/\/api.w.org\/{rel}","templated":true}]}}