{"id":47723,"date":"2024-11-12T11:00:46","date_gmt":"2024-11-12T10:00:46","guid":{"rendered":"https:\/\/sundar.be\/product\/suda-move-c1\/"},"modified":"2025-08-04T13:17:28","modified_gmt":"2025-08-04T11:17:28","slug":"suda-move-c1","status":"publish","type":"product","link":"https:\/\/sundar.be\/fr\/produit\/suda-move-c1\/","title":{"rendered":"S\u00fcda MOVE C1"},"content":{"rendered":"<h2>S\u00fcda MOVE C1<\/h2>\n<p><strong>S\u00fcda MOVE C1<\/strong> ; Un confort maximal et une ergonomie de traitement dans l&rsquo;espace le plus r\u00e9duit possible.<\/p>\n<p>La S\u00dcDA Move C1 inaugure une nouvelle g\u00e9n\u00e9ration de fauteuils de soins pour pieds, alliant confort maximal et ergonomie de traitement dans un espace r\u00e9duit. Sa version tapiss\u00e9e Classic Contour, avec une surface l\u00e9g\u00e8rement grain\u00e9e particuli\u00e8rement r\u00e9sistante \u00e0 l\u2019usure, est id\u00e9ale pour une utilisation intensive et continue. Le rembourrage de 10 cm d\u2019\u00e9paisseur, avec une mousse ergonomique en forme de fauteuil coque, offre un confort d\u2019assise parfait. Ce rev\u00eatement est biocompatible, sans phtalates, difficilement inflammable et conforme \u00e0 la norme Oeko-Tex Standard 100 classe 1. Le nouveau dossier tapiss\u00e9 int\u00e8gre \u00e9galement un l\u00e9ger soutien lombaire pour un confort accru.   <\/p>\n<h4>Caract\u00e9ristiques:<\/h4>\n<ul>\n<li>Colonne de levage moderne et techniquement sophistiqu\u00e9e &#8211; r\u00e9glage de la hauteur verticale sans d\u00e9calage et donc adapt\u00e9e aux petits espaces.<\/li>\n<li>Hauteur d&rsquo;acc\u00e8s tr\u00e8s basse et angle d&rsquo;assise n\u00e9gatif pour une entr\u00e9e et une sortie tr\u00e8s confortables<\/li>\n<li>Acc\u00e8s lat\u00e9ral par les accoudoirs rabattables<\/li>\n<li>Accoudoirs amovibles, verrouillables verticalement et rabattables \u00e0 180<\/li>\n<li>Rotation de 340\u00b0 avec frein de stationnement \u00e9lectronique<\/li>\n<li>Rev\u00eatement facile d&rsquo;entretien et d\u00e9sinfectable<\/li>\n<li>Couverture compl\u00e8te du m\u00e9canisme<\/li>\n<li>Les sections des jambes pivotent lat\u00e9ralement de 90\u00b0.<\/li>\n<li>Talon extensible<\/li>\n<li>La couverture du mollet peut \u00eatre d\u00e9plac\u00e9e<\/li>\n<li>T\u00eate extensible en continu de 14 cm<\/li>\n<li>P\u00e9dale de commande sans fil (\u00e9galement utilis\u00e9e pour commander le frein de stationnement \u00e9lectronique de l&rsquo;articulation pivotante)<\/li>\n<li>Entra\u00eenement : 3 moteurs (entra\u00eenement en hauteur, entra\u00eenement du si\u00e8ge, entra\u00eenement du dos)<\/li>\n<li>Longueur : 205 cm | Largeur : 83 cm (accoudoirs compris &#8211; d&rsquo;un bord \u00e0 l&rsquo;autre)<\/li>\n<li>Largeur du si\u00e8ge (largeur du coussin) : 60 cm<\/li>\n<li>Profondeur de l&rsquo;assise : 48,5 cm<\/li>\n<li>Poids: 120 kg<\/li>\n<li>Charge maximale du si\u00e8ge : 200 kg <\/li>\n<li>Hauteur du si\u00e8ge : 55 cm-93 cm<\/li>\n<li>Max. Hauteur de travail du talon : environ 140 cm <\/li>\n<li>R\u00e9glage de l&rsquo;angle du si\u00e8ge : -5\u00b0 \u00e0 25<\/li>\n<li>Convient pour le massage : non<\/li>\n<li>R\u00e9glage du dossier : 25\u00b0-75<\/li>\n<\/ul>\n","protected":false},"excerpt":{"rendered":"<p><strong>S\u00fcda MOVE C1<\/strong> ; Un confort maximal et une ergonomie de traitement dans l&rsquo;espace le plus r\u00e9duit possible. <strong>Le d\u00e9lai de livraison de ce produit est sur demande*. Veuillez appeler le 088-0067600 \u00e0 cet effet. <\/strong> <strong>*Ce produit est parfois disponible directement en stock.<\/strong><\/p>\n","protected":false},"featured_media":44877,"comment_status":"open","ping_status":"closed","template":"","meta":{"_acf_changed":false},"product_brand":[],"product_cat":[4945,4791,4784],"product_tag":[],"class_list":{"0":"post-47723","1":"product","2":"type-product","3":"status-publish","4":"has-post-thumbnail","6":"product_cat-amenagement-institut-webshop-fr","7":"product_cat-fauteuils-soins-esthetiques","8":"product_cat-amenagement-mobilier","10":"first","11":"instock","12":"taxable","13":"shipping-taxable","14":"product-type-simple"},"acf":[],"_links":{"self":[{"href":"https:\/\/sundar.be\/fr\/wp-json\/wp\/v2\/product\/47723","targetHints":{"allow":["GET"]}}],"collection":[{"href":"https:\/\/sundar.be\/fr\/wp-json\/wp\/v2\/product"}],"about":[{"href":"https:\/\/sundar.be\/fr\/wp-json\/wp\/v2\/types\/product"}],"replies":[{"embeddable":true,"href":"https:\/\/sundar.be\/fr\/wp-json\/wp\/v2\/comments?post=47723"}],"wp:featuredmedia":[{"embeddable":true,"href":"https:\/\/sundar.be\/fr\/wp-json\/wp\/v2\/media\/44877"}],"wp:attachment":[{"href":"https:\/\/sundar.be\/fr\/wp-json\/wp\/v2\/media?parent=47723"}],"wp:term":[{"taxonomy":"product_brand","embeddable":true,"href":"https:\/\/sundar.be\/fr\/wp-json\/wp\/v2\/product_brand?post=47723"},{"taxonomy":"product_cat","embeddable":true,"href":"https:\/\/sundar.be\/fr\/wp-json\/wp\/v2\/product_cat?post=47723"},{"taxonomy":"product_tag","embeddable":true,"href":"https:\/\/sundar.be\/fr\/wp-json\/wp\/v2\/product_tag?post=47723"}],"curies":[{"name":"wp","href":"https:\/\/api.w.org\/{rel}","templated":true}]}}