{"id":47722,"date":"2024-11-25T09:37:45","date_gmt":"2024-11-25T08:37:45","guid":{"rendered":"https:\/\/sundar.be\/product\/depend-nailpolish-o2-oxygen-5-ml-3-pcs\/"},"modified":"2025-06-07T09:52:01","modified_gmt":"2025-06-07T07:52:01","slug":"depend-nailpolish-o2-oxygen-5-ml-3-pcs","status":"publish","type":"product","link":"https:\/\/sundar.be\/fr\/produit\/depend-nailpolish-o2-oxygen-5-ml-3-pcs\/","title":{"rendered":"DEPEND Nailpolish O2 Oxygen, 5 ml (3 pcs)"},"content":{"rendered":"<p id=\"tw-target-text\" class=\"tw-data-text tw-text-large tw-ta\" dir=\"ltr\" data-placeholder=\"Vertaling\"><span class=\"Y2IQFc\" lang=\"nl\">Avec 5 ml, le vernis \u00e0 ongles Depend Nailpolish O2 est la taille parfaite, et sa formule brevet\u00e9e, qui permet \u00e0 30 % de plus d&rsquo;oxyg\u00e8ne d&rsquo;atteindre l&rsquo;ongle par rapport aux vernis classiques, a un effet positif sur la condition de vos ongles.<\/span><\/p>\n<p class=\"tw-data-text tw-text-large tw-ta\" dir=\"ltr\" data-placeholder=\"Vertaling\"><span class=\"Y2IQFc\" lang=\"nl\">Ce vernis est facile \u00e0 appliquer gr\u00e2ce \u00e0 un pinceau sp\u00e9cialement con\u00e7u, plat et d\u00e9coup\u00e9 avec des coins arrondis, ce qui permet une meilleure pr\u00e9cision.<\/span><\/p>\n<p class=\"tw-data-text tw-text-large tw-ta\" dir=\"ltr\" data-placeholder=\"Vertaling\"><span class=\"Y2IQFc\" lang=\"nl\">Chaque flacon est \u00e9tiquet\u00e9 avec un symbole indiquant le degr\u00e9 de couverture du vernis \u00e0 ongles : opaque, semi-transparent ou transparent.<\/span><\/p>\n<p dir=\"ltr\" data-placeholder=\"Vertaling\">Les vernis \u00e0 ongles sont toujours emball\u00e9s <strong>par 3 pi\u00e8ces.<\/strong><\/p>\n","protected":false},"excerpt":{"rendered":"<p>Vernis \u00e0 ongles perm\u00e9able \u00e0 l&rsquo;oxyg\u00e8ne de la marque su\u00e9doise Depend O2.<\/p>\n","protected":false},"featured_media":45077,"comment_status":"open","ping_status":"closed","template":"","meta":{"_acf_changed":false},"product_brand":[],"product_cat":[5642,4761],"product_tag":[],"class_list":{"0":"post-47722","1":"product","2":"type-product","3":"status-publish","4":"has-post-thumbnail","6":"product_cat-depend-02-nail-polish","7":"product_cat-pose-ongles","8":"pa_kleur-5212","9":"pa_kleur-5213","10":"pa_kleur-5214","11":"pa_kleur-5215","12":"pa_kleur-5216","13":"pa_kleur-5217","14":"pa_kleur-5218","15":"pa_kleur-5219","16":"pa_kleur-5220","17":"pa_kleur-5983","18":"pa_kleur-5984","19":"pa_kleur-5985","20":"pa_kleur-5986","21":"pa_kleur-5199","22":"pa_kleur-5998","23":"pa_kleur-5999","24":"pa_kleur-5221","25":"pa_kleur-5222","26":"pa_kleur-5993","27":"pa_kleur-5144","28":"pa_kleur-5987","29":"pa_kleur-5145","30":"pa_kleur-5988","31":"pa_kleur-5989","32":"pa_kleur-6000","33":"pa_kleur-5198","34":"pa_kleur-5990","35":"pa_kleur-5991","36":"pa_kleur-5146","37":"pa_kleur-5992","38":"pa_kleur-5152","39":"pa_kleur-5147","40":"pa_kleur-5142","41":"pa_kleur-5994","42":"pa_kleur-5148","43":"pa_kleur-5149","44":"pa_kleur-5150","45":"pa_kleur-5995","46":"pa_kleur-5151","47":"pa_kleur-5153","48":"pa_kleur-5154","49":"pa_kleur-5155","50":"pa_kleur-5156","51":"pa_kleur-5157","52":"pa_kleur-5158","53":"pa_kleur-5159","54":"pa_kleur-5161","55":"pa_kleur-5160","56":"pa_kleur-5162","57":"pa_kleur-5163","58":"pa_kleur-5164","59":"pa_kleur-5165","60":"pa_kleur-5166","61":"pa_kleur-5167","62":"pa_kleur-5168","63":"pa_kleur-5090","64":"pa_kleur-5091","65":"pa_kleur-5092","66":"pa_kleur-5093","67":"pa_kleur-5094","68":"pa_kleur-5169","69":"pa_kleur-5095","70":"pa_kleur-5170","71":"pa_kleur-5172","72":"pa_kleur-5171","73":"pa_kleur-5173","74":"pa_kleur-5174","75":"pa_kleur-5175","76":"pa_kleur-5176","77":"pa_kleur-5177","78":"pa_kleur-5178","79":"pa_kleur-5179","80":"pa_kleur-5180","81":"pa_kleur-5181","82":"pa_kleur-5182","83":"pa_kleur-5096","84":"pa_kleur-5183","85":"pa_kleur-5184","86":"pa_kleur-5185","87":"pa_kleur-5186","88":"pa_kleur-5187","89":"pa_kleur-5189","90":"pa_kleur-5190","91":"pa_kleur-5191","92":"pa_kleur-5996","93":"pa_kleur-5192","94":"pa_kleur-5193","95":"pa_kleur-5194","96":"pa_kleur-5195","97":"pa_kleur-5196","98":"pa_kleur-5097","99":"pa_kleur-5098","100":"pa_kleur-5099","101":"pa_kleur-5100","102":"pa_kleur-5101","103":"pa_kleur-5103","104":"pa_kleur-5104","105":"pa_kleur-5105","106":"pa_kleur-5106","107":"pa_kleur-5197","108":"pa_kleur-5107","109":"pa_kleur-5108","110":"pa_kleur-5109","111":"pa_kleur-5110","112":"pa_kleur-5111","113":"pa_kleur-5112","114":"pa_kleur-5113","115":"pa_kleur-5114","116":"pa_kleur-5116","117":"pa_kleur-5117","118":"pa_kleur-5118","119":"pa_kleur-5119","120":"pa_kleur-5120","121":"pa_kleur-5121","122":"pa_kleur-5122","123":"pa_kleur-5123","124":"pa_kleur-5124","125":"pa_kleur-5125","126":"pa_kleur-5143","127":"pa_kleur-5126","128":"pa_kleur-5127","129":"pa_kleur-5128","130":"pa_kleur-5129","131":"pa_kleur-5130","132":"pa_kleur-5131","133":"pa_kleur-5132","134":"pa_kleur-5133","135":"pa_kleur-5134","136":"pa_kleur-5135","137":"pa_kleur-5136","138":"pa_kleur-5137","139":"pa_kleur-5138","140":"pa_kleur-5139","141":"pa_kleur-5140","142":"pa_kleur-5141","143":"pa_kleur-5200","144":"pa_kleur-5201","145":"pa_kleur-5202","146":"pa_kleur-5203","147":"pa_kleur-5204","148":"pa_kleur-5205","149":"pa_kleur-5206","150":"pa_kleur-5207","151":"pa_kleur-5208","152":"pa_kleur-5209","153":"pa_kleur-5210","154":"pa_kleur-5211","155":"pa_kleur-6001","156":"pa_kleur-6002","157":"pa_kleur-6003","158":"pa_kleur-6004","159":"pa_kleur-5997","160":"pa_kleur-6005","161":"pa_kleur-6006","162":"pa_kleur-6007","163":"pa_kleur-6008","164":"pa_kleur-6009","165":"pa_kleur-6010","166":"pa_kleur-6011","167":"pa_kleur-6012","168":"pa_kleur-6013","169":"pa_kleur-6014","171":"first","172":"instock","173":"sale","174":"taxable","175":"shipping-taxable","176":"product-type-variable"},"acf":[],"_links":{"self":[{"href":"https:\/\/sundar.be\/fr\/wp-json\/wp\/v2\/product\/47722","targetHints":{"allow":["GET"]}}],"collection":[{"href":"https:\/\/sundar.be\/fr\/wp-json\/wp\/v2\/product"}],"about":[{"href":"https:\/\/sundar.be\/fr\/wp-json\/wp\/v2\/types\/product"}],"replies":[{"embeddable":true,"href":"https:\/\/sundar.be\/fr\/wp-json\/wp\/v2\/comments?post=47722"}],"wp:featuredmedia":[{"embeddable":true,"href":"https:\/\/sundar.be\/fr\/wp-json\/wp\/v2\/media\/45077"}],"wp:attachment":[{"href":"https:\/\/sundar.be\/fr\/wp-json\/wp\/v2\/media?parent=47722"}],"wp:term":[{"taxonomy":"product_brand","embeddable":true,"href":"https:\/\/sundar.be\/fr\/wp-json\/wp\/v2\/product_brand?post=47722"},{"taxonomy":"product_cat","embeddable":true,"href":"https:\/\/sundar.be\/fr\/wp-json\/wp\/v2\/product_cat?post=47722"},{"taxonomy":"product_tag","embeddable":true,"href":"https:\/\/sundar.be\/fr\/wp-json\/wp\/v2\/product_tag?post=47722"}],"curies":[{"name":"wp","href":"https:\/\/api.w.org\/{rel}","templated":true}]}}